{"id":14,"date":"2025-02-11T08:03:39","date_gmt":"2025-02-11T08:03:39","guid":{"rendered":"https:\/\/hoody-hotel.ms2.decms.eu\/camere\/dynamic\/"},"modified":"2025-07-16T08:26:19","modified_gmt":"2025-07-16T08:26:19","slug":"dynamic","status":"publish","type":"page","link":"https:\/\/www.hoodyhotel.com\/de\/zimmer\/dynamic\/","title":{"rendered":"Dynamic"},"content":{"rendered":"<p>Die Dynamic Rooms befinden sich im Erdgeschoss von HOODY.<br \/>\nJedes Zimmer hat eine gro\u00dfe private Terrasse mit Tisch, St\u00fchlen und Sonnenliegen, ideal, um die Sonne zu genie\u00dfen.<\/p>\n<p>Die Zimmer sind ausgestattet mit einem King-Size-Doppelbett mit ReActive\u00ae Matratze, einer Sitzecke mit Sesseln, Schreibtisch, Sportbar, Telefon und Fernseher. Das Badezimmer ist besonders komfortabel und verf\u00fcgt \u00fcber einen gro\u00dfen Duschbereich.<\/p>\n<p>Einige der Dynamic Rooms sind f\u00fcr Menschen mit motorischen Behinderungen geeignet und k\u00f6nnen mit einem Zustellbett ausgestattet werden.<\/p>\n","protected":false},"excerpt":{"rendered":"<p>Die Dynamic Rooms befinden sich im Erdgeschoss von HOODY. Jedes Zimmer hat eine gro\u00dfe private Terrasse mit Tisch, St\u00fchlen und Sonnenliegen, ideal, um die Sonne zu genie\u00dfen. Die Zimmer sind ausgestattet mit einem King-Size-Doppelbett mit ReActive\u00ae Matratze, einer Sitzecke mit Sesseln, Schreibtisch, Sportbar, Telefon und Fernseher. Das Badezimmer ist besonders komfortabel und verf\u00fcgt \u00fcber einen [&hellip;]<\/p>\n","protected":false},"author":11,"featured_media":0,"parent":8,"menu_order":3,"comment_status":"closed","ping_status":"closed","template":"template-single-room.php","meta":{"footnotes":""},"yoast_head":"<!-- This site is optimized with the Yoast SEO plugin v22.3 - https:\/\/yoast.com\/wordpress\/plugins\/seo\/ -->\n<title>Dynamic Zimmer - Hoody Active &amp; Happiness Hotel<\/title>\n<meta name=\"description\" content=\"Entdecken Sie das Zimmer Dynamic, das sich im Erdgeschoss befindet und \u00fcber eine eigene Terrasse verf\u00fcgt. Zimmergr\u00f6\u00dfe: ab 26 m\u00b2\" \/>\n<meta name=\"robots\" content=\"index, follow, max-snippet:-1, max-image-preview:large, max-video-preview:-1\" \/>\n<link rel=\"canonical\" href=\"https:\/\/www.hoodyhotel.com\/de\/zimmer\/dynamic\/\" \/>\n<meta property=\"og:locale\" content=\"de_DE\" \/>\n<meta property=\"og:type\" content=\"article\" \/>\n<meta property=\"og:title\" content=\"Dynamic Zimmer - Hoody Active &amp; Happiness Hotel\" \/>\n<meta property=\"og:description\" content=\"Entdecken Sie das Zimmer Dynamic, das sich im Erdgeschoss befindet und \u00fcber eine eigene Terrasse verf\u00fcgt. Zimmergr\u00f6\u00dfe: ab 26 m\u00b2\" \/>\n<meta property=\"og:url\" content=\"https:\/\/www.hoodyhotel.com\/de\/zimmer\/dynamic\/\" \/>\n<meta property=\"og:site_name\" content=\"Hoody Hotel\" \/>\n<meta property=\"article:publisher\" content=\"https:\/\/www.facebook.com\/hoodyhotel\" \/>\n<meta property=\"article:modified_time\" content=\"2025-07-16T08:26:19+00:00\" \/>\n<meta property=\"og:image\" content=\"https:\/\/www.hoodyhotel.com\/wp-content\/uploads\/sites\/214\/2025\/02\/hoody.png\" \/>\n\t<meta property=\"og:image:width\" content=\"1358\" \/>\n\t<meta property=\"og:image:height\" content=\"473\" \/>\n\t<meta property=\"og:image:type\" content=\"image\/png\" \/>\n<meta name=\"twitter:card\" content=\"summary_large_image\" \/>\n<meta name=\"twitter:label1\" content=\"Gesch\u00e4tzte Lesezeit\" \/>\n\t<meta name=\"twitter:data1\" content=\"1 Minute\" \/>\n<script type=\"application\/ld+json\" class=\"yoast-schema-graph\">{\"@context\":\"https:\/\/schema.org\",\"@graph\":[{\"@type\":\"WebPage\",\"@id\":\"https:\/\/www.hoodyhotel.com\/de\/zimmer\/dynamic\/\",\"url\":\"https:\/\/www.hoodyhotel.com\/de\/zimmer\/dynamic\/\",\"name\":\"Dynamic Zimmer - Hoody Active & Happiness Hotel\",\"isPartOf\":{\"@id\":\"https:\/\/www.hoodyhotel.com\/de\/#website\"},\"datePublished\":\"2025-02-11T08:03:39+00:00\",\"dateModified\":\"2025-07-16T08:26:19+00:00\",\"description\":\"Entdecken Sie das Zimmer Dynamic, das sich im Erdgeschoss befindet und \u00fcber eine eigene Terrasse verf\u00fcgt. Zimmergr\u00f6\u00dfe: ab 26 m\u00b2\",\"breadcrumb\":{\"@id\":\"https:\/\/www.hoodyhotel.com\/de\/zimmer\/dynamic\/#breadcrumb\"},\"inLanguage\":\"de-DE\",\"potentialAction\":[{\"@type\":\"ReadAction\",\"target\":[\"https:\/\/www.hoodyhotel.com\/de\/zimmer\/dynamic\/\"]}]},{\"@type\":\"BreadcrumbList\",\"@id\":\"https:\/\/www.hoodyhotel.com\/de\/zimmer\/dynamic\/#breadcrumb\",\"itemListElement\":[{\"@type\":\"ListItem\",\"position\":1,\"name\":\"Home\",\"item\":\"https:\/\/www.hoodyhotel.com\/de\/\"},{\"@type\":\"ListItem\",\"position\":2,\"name\":\"Zimmer\",\"item\":\"https:\/\/www.hoodyhotel.com\/de\/zimmer\/\"},{\"@type\":\"ListItem\",\"position\":3,\"name\":\"Dynamic\"}]},{\"@type\":\"WebSite\",\"@id\":\"https:\/\/www.hoodyhotel.com\/de\/#website\",\"url\":\"https:\/\/www.hoodyhotel.com\/de\/\",\"name\":\"Hoody Hotel\",\"description\":\"\",\"publisher\":{\"@id\":\"https:\/\/www.hoodyhotel.com\/de\/#organization\"},\"potentialAction\":[{\"@type\":\"SearchAction\",\"target\":{\"@type\":\"EntryPoint\",\"urlTemplate\":\"https:\/\/www.hoodyhotel.com\/de\/?s={search_term_string}\"},\"query-input\":\"required name=search_term_string\"}],\"inLanguage\":\"de-DE\"},{\"@type\":\"Organization\",\"@id\":\"https:\/\/www.hoodyhotel.com\/de\/#organization\",\"name\":\"Hoody Hotel\",\"url\":\"https:\/\/www.hoodyhotel.com\/de\/\",\"logo\":{\"@type\":\"ImageObject\",\"inLanguage\":\"de-DE\",\"@id\":\"https:\/\/www.hoodyhotel.com\/de\/#\/schema\/logo\/image\/\",\"url\":\"https:\/\/www.hoodyhotel.com\/wp-content\/uploads\/sites\/214\/2025\/02\/hoody.png\",\"contentUrl\":\"https:\/\/www.hoodyhotel.com\/wp-content\/uploads\/sites\/214\/2025\/02\/hoody.png\",\"width\":1358,\"height\":473,\"caption\":\"Hoody Hotel\"},\"image\":{\"@id\":\"https:\/\/www.hoodyhotel.com\/de\/#\/schema\/logo\/image\/\"},\"sameAs\":[\"https:\/\/www.facebook.com\/hoodyhotel\",\"https:\/\/www.instagram.com\/hoodyhotel\"]}]}<\/script>\n<!-- \/ Yoast SEO plugin. -->","yoast_head_json":{"title":"Dynamic Zimmer - Hoody Active & Happiness Hotel","description":"Entdecken Sie das Zimmer Dynamic, das sich im Erdgeschoss befindet und \u00fcber eine eigene Terrasse verf\u00fcgt. Zimmergr\u00f6\u00dfe: ab 26 m\u00b2","robots":{"index":"index","follow":"follow","max-snippet":"max-snippet:-1","max-image-preview":"max-image-preview:large","max-video-preview":"max-video-preview:-1"},"canonical":"https:\/\/www.hoodyhotel.com\/de\/zimmer\/dynamic\/","og_locale":"de_DE","og_type":"article","og_title":"Dynamic Zimmer - Hoody Active & Happiness Hotel","og_description":"Entdecken Sie das Zimmer Dynamic, das sich im Erdgeschoss befindet und \u00fcber eine eigene Terrasse verf\u00fcgt. Zimmergr\u00f6\u00dfe: ab 26 m\u00b2","og_url":"https:\/\/www.hoodyhotel.com\/de\/zimmer\/dynamic\/","og_site_name":"Hoody Hotel","article_publisher":"https:\/\/www.facebook.com\/hoodyhotel","article_modified_time":"2025-07-16T08:26:19+00:00","og_image":[{"width":1358,"height":473,"url":"https:\/\/www.hoodyhotel.com\/wp-content\/uploads\/sites\/214\/2025\/02\/hoody.png","type":"image\/png"}],"twitter_card":"summary_large_image","twitter_misc":{"Gesch\u00e4tzte Lesezeit":"1 Minute"},"schema":{"@context":"https:\/\/schema.org","@graph":[{"@type":"WebPage","@id":"https:\/\/www.hoodyhotel.com\/de\/zimmer\/dynamic\/","url":"https:\/\/www.hoodyhotel.com\/de\/zimmer\/dynamic\/","name":"Dynamic Zimmer - Hoody Active & Happiness Hotel","isPartOf":{"@id":"https:\/\/www.hoodyhotel.com\/de\/#website"},"datePublished":"2025-02-11T08:03:39+00:00","dateModified":"2025-07-16T08:26:19+00:00","description":"Entdecken Sie das Zimmer Dynamic, das sich im Erdgeschoss befindet und \u00fcber eine eigene Terrasse verf\u00fcgt. Zimmergr\u00f6\u00dfe: ab 26 m\u00b2","breadcrumb":{"@id":"https:\/\/www.hoodyhotel.com\/de\/zimmer\/dynamic\/#breadcrumb"},"inLanguage":"de-DE","potentialAction":[{"@type":"ReadAction","target":["https:\/\/www.hoodyhotel.com\/de\/zimmer\/dynamic\/"]}]},{"@type":"BreadcrumbList","@id":"https:\/\/www.hoodyhotel.com\/de\/zimmer\/dynamic\/#breadcrumb","itemListElement":[{"@type":"ListItem","position":1,"name":"Home","item":"https:\/\/www.hoodyhotel.com\/de\/"},{"@type":"ListItem","position":2,"name":"Zimmer","item":"https:\/\/www.hoodyhotel.com\/de\/zimmer\/"},{"@type":"ListItem","position":3,"name":"Dynamic"}]},{"@type":"WebSite","@id":"https:\/\/www.hoodyhotel.com\/de\/#website","url":"https:\/\/www.hoodyhotel.com\/de\/","name":"Hoody Hotel","description":"","publisher":{"@id":"https:\/\/www.hoodyhotel.com\/de\/#organization"},"potentialAction":[{"@type":"SearchAction","target":{"@type":"EntryPoint","urlTemplate":"https:\/\/www.hoodyhotel.com\/de\/?s={search_term_string}"},"query-input":"required name=search_term_string"}],"inLanguage":"de-DE"},{"@type":"Organization","@id":"https:\/\/www.hoodyhotel.com\/de\/#organization","name":"Hoody Hotel","url":"https:\/\/www.hoodyhotel.com\/de\/","logo":{"@type":"ImageObject","inLanguage":"de-DE","@id":"https:\/\/www.hoodyhotel.com\/de\/#\/schema\/logo\/image\/","url":"https:\/\/www.hoodyhotel.com\/wp-content\/uploads\/sites\/214\/2025\/02\/hoody.png","contentUrl":"https:\/\/www.hoodyhotel.com\/wp-content\/uploads\/sites\/214\/2025\/02\/hoody.png","width":1358,"height":473,"caption":"Hoody Hotel"},"image":{"@id":"https:\/\/www.hoodyhotel.com\/de\/#\/schema\/logo\/image\/"},"sameAs":["https:\/\/www.facebook.com\/hoodyhotel","https:\/\/www.instagram.com\/hoodyhotel"]}]}},"acf":[],"_links":{"self":[{"href":"https:\/\/www.hoodyhotel.com\/de\/wp-json\/wp\/v2\/pages\/14"}],"collection":[{"href":"https:\/\/www.hoodyhotel.com\/de\/wp-json\/wp\/v2\/pages"}],"about":[{"href":"https:\/\/www.hoodyhotel.com\/de\/wp-json\/wp\/v2\/types\/page"}],"author":[{"embeddable":true,"href":"https:\/\/www.hoodyhotel.com\/de\/wp-json\/wp\/v2\/users\/11"}],"replies":[{"embeddable":true,"href":"https:\/\/www.hoodyhotel.com\/de\/wp-json\/wp\/v2\/comments?post=14"}],"version-history":[{"count":0,"href":"https:\/\/www.hoodyhotel.com\/de\/wp-json\/wp\/v2\/pages\/14\/revisions"}],"up":[{"embeddable":true,"href":"https:\/\/www.hoodyhotel.com\/de\/wp-json\/wp\/v2\/pages\/8"}],"wp:attachment":[{"href":"https:\/\/www.hoodyhotel.com\/de\/wp-json\/wp\/v2\/media?parent=14"}],"curies":[{"name":"wp","href":"https:\/\/api.w.org\/{rel}","templated":true}]}}