{"id":17,"date":"2025-02-11T08:04:07","date_gmt":"2025-02-11T08:04:07","guid":{"rendered":"https:\/\/hoody-hotel.ms2.decms.eu\/camere\/castle-view\/"},"modified":"2025-07-16T08:31:10","modified_gmt":"2025-07-16T08:31:10","slug":"castle-view","status":"publish","type":"page","link":"https:\/\/www.hoodyhotel.com\/de\/zimmer\/castle-view\/","title":{"rendered":"Castle View"},"content":{"rendered":"<p>Das Zimmer \u201eCastle View\u201c befindet sich auf der obersten Etage des HOODY und bietet einen eindrucksvollen Blick auf die Burg von Arco und auf die Stadt.<\/p>\n<p>Die Highlights dieses Zimmers sind der gro\u00dfe Balkon mit Liege, Tisch und St\u00fchlen sowie der Wohnbereich mit Sortbar, Smart TV und Telefon.<\/p>\n","protected":false},"excerpt":{"rendered":"<p>Das Zimmer \u201eCastle View\u201c befindet sich auf der obersten Etage des HOODY und bietet einen eindrucksvollen Blick auf die Burg von Arco und auf die Stadt. Die Highlights dieses Zimmers sind der gro\u00dfe Balkon mit Liege, Tisch und St\u00fchlen sowie der Wohnbereich mit Sortbar, Smart TV und Telefon.<\/p>\n","protected":false},"author":11,"featured_media":0,"parent":8,"menu_order":5,"comment_status":"closed","ping_status":"closed","template":"template-single-room.php","meta":{"footnotes":""},"yoast_head":"<!-- This site is optimized with the Yoast SEO plugin v22.3 - https:\/\/yoast.com\/wordpress\/plugins\/seo\/ -->\n<title>Castle View Zimmer - Hoody Active &amp; Happiness Hotel<\/title>\n<meta name=\"description\" content=\"Entdecken Sie das einzigartige Zimmer Castel View mit einem gro\u00dfen Balkon, der einen herrlichen Blick auf die Burg Arco bietet. Zimmergr\u00f6\u00dfe: 22 m\u00b2\" \/>\n<meta name=\"robots\" content=\"index, follow, max-snippet:-1, max-image-preview:large, max-video-preview:-1\" \/>\n<link rel=\"canonical\" href=\"https:\/\/www.hoodyhotel.com\/de\/zimmer\/castle-view\/\" \/>\n<meta property=\"og:locale\" content=\"de_DE\" \/>\n<meta property=\"og:type\" content=\"article\" \/>\n<meta property=\"og:title\" content=\"Castle View Zimmer - Hoody Active &amp; Happiness Hotel\" \/>\n<meta property=\"og:description\" content=\"Entdecken Sie das einzigartige Zimmer Castel View mit einem gro\u00dfen Balkon, der einen herrlichen Blick auf die Burg Arco bietet. Zimmergr\u00f6\u00dfe: 22 m\u00b2\" \/>\n<meta property=\"og:url\" content=\"https:\/\/www.hoodyhotel.com\/de\/zimmer\/castle-view\/\" \/>\n<meta property=\"og:site_name\" content=\"Hoody Hotel\" \/>\n<meta property=\"article:publisher\" content=\"https:\/\/www.facebook.com\/hoodyhotel\" \/>\n<meta property=\"article:modified_time\" content=\"2025-07-16T08:31:10+00:00\" \/>\n<meta property=\"og:image\" content=\"https:\/\/www.hoodyhotel.com\/wp-content\/uploads\/sites\/214\/2025\/02\/hoody.png\" \/>\n\t<meta property=\"og:image:width\" content=\"1358\" \/>\n\t<meta property=\"og:image:height\" content=\"473\" \/>\n\t<meta property=\"og:image:type\" content=\"image\/png\" \/>\n<meta name=\"twitter:card\" content=\"summary_large_image\" \/>\n<meta name=\"twitter:label1\" content=\"Gesch\u00e4tzte Lesezeit\" \/>\n\t<meta name=\"twitter:data1\" content=\"1 Minute\" \/>\n<script type=\"application\/ld+json\" class=\"yoast-schema-graph\">{\"@context\":\"https:\/\/schema.org\",\"@graph\":[{\"@type\":\"WebPage\",\"@id\":\"https:\/\/www.hoodyhotel.com\/de\/zimmer\/castle-view\/\",\"url\":\"https:\/\/www.hoodyhotel.com\/de\/zimmer\/castle-view\/\",\"name\":\"Castle View Zimmer - Hoody Active & Happiness Hotel\",\"isPartOf\":{\"@id\":\"https:\/\/www.hoodyhotel.com\/de\/#website\"},\"datePublished\":\"2025-02-11T08:04:07+00:00\",\"dateModified\":\"2025-07-16T08:31:10+00:00\",\"description\":\"Entdecken Sie das einzigartige Zimmer Castel View mit einem gro\u00dfen Balkon, der einen herrlichen Blick auf die Burg Arco bietet. Zimmergr\u00f6\u00dfe: 22 m\u00b2\",\"breadcrumb\":{\"@id\":\"https:\/\/www.hoodyhotel.com\/de\/zimmer\/castle-view\/#breadcrumb\"},\"inLanguage\":\"de-DE\",\"potentialAction\":[{\"@type\":\"ReadAction\",\"target\":[\"https:\/\/www.hoodyhotel.com\/de\/zimmer\/castle-view\/\"]}]},{\"@type\":\"BreadcrumbList\",\"@id\":\"https:\/\/www.hoodyhotel.com\/de\/zimmer\/castle-view\/#breadcrumb\",\"itemListElement\":[{\"@type\":\"ListItem\",\"position\":1,\"name\":\"Home\",\"item\":\"https:\/\/www.hoodyhotel.com\/de\/\"},{\"@type\":\"ListItem\",\"position\":2,\"name\":\"Zimmer\",\"item\":\"https:\/\/www.hoodyhotel.com\/de\/zimmer\/\"},{\"@type\":\"ListItem\",\"position\":3,\"name\":\"Castle View\"}]},{\"@type\":\"WebSite\",\"@id\":\"https:\/\/www.hoodyhotel.com\/de\/#website\",\"url\":\"https:\/\/www.hoodyhotel.com\/de\/\",\"name\":\"Hoody Hotel\",\"description\":\"\",\"publisher\":{\"@id\":\"https:\/\/www.hoodyhotel.com\/de\/#organization\"},\"potentialAction\":[{\"@type\":\"SearchAction\",\"target\":{\"@type\":\"EntryPoint\",\"urlTemplate\":\"https:\/\/www.hoodyhotel.com\/de\/?s={search_term_string}\"},\"query-input\":\"required name=search_term_string\"}],\"inLanguage\":\"de-DE\"},{\"@type\":\"Organization\",\"@id\":\"https:\/\/www.hoodyhotel.com\/de\/#organization\",\"name\":\"Hoody Hotel\",\"url\":\"https:\/\/www.hoodyhotel.com\/de\/\",\"logo\":{\"@type\":\"ImageObject\",\"inLanguage\":\"de-DE\",\"@id\":\"https:\/\/www.hoodyhotel.com\/de\/#\/schema\/logo\/image\/\",\"url\":\"https:\/\/www.hoodyhotel.com\/wp-content\/uploads\/sites\/214\/2025\/02\/hoody.png\",\"contentUrl\":\"https:\/\/www.hoodyhotel.com\/wp-content\/uploads\/sites\/214\/2025\/02\/hoody.png\",\"width\":1358,\"height\":473,\"caption\":\"Hoody Hotel\"},\"image\":{\"@id\":\"https:\/\/www.hoodyhotel.com\/de\/#\/schema\/logo\/image\/\"},\"sameAs\":[\"https:\/\/www.facebook.com\/hoodyhotel\",\"https:\/\/www.instagram.com\/hoodyhotel\"]}]}<\/script>\n<!-- \/ Yoast SEO plugin. -->","yoast_head_json":{"title":"Castle View Zimmer - Hoody Active & Happiness Hotel","description":"Entdecken Sie das einzigartige Zimmer Castel View mit einem gro\u00dfen Balkon, der einen herrlichen Blick auf die Burg Arco bietet. Zimmergr\u00f6\u00dfe: 22 m\u00b2","robots":{"index":"index","follow":"follow","max-snippet":"max-snippet:-1","max-image-preview":"max-image-preview:large","max-video-preview":"max-video-preview:-1"},"canonical":"https:\/\/www.hoodyhotel.com\/de\/zimmer\/castle-view\/","og_locale":"de_DE","og_type":"article","og_title":"Castle View Zimmer - Hoody Active & Happiness Hotel","og_description":"Entdecken Sie das einzigartige Zimmer Castel View mit einem gro\u00dfen Balkon, der einen herrlichen Blick auf die Burg Arco bietet. Zimmergr\u00f6\u00dfe: 22 m\u00b2","og_url":"https:\/\/www.hoodyhotel.com\/de\/zimmer\/castle-view\/","og_site_name":"Hoody Hotel","article_publisher":"https:\/\/www.facebook.com\/hoodyhotel","article_modified_time":"2025-07-16T08:31:10+00:00","og_image":[{"width":1358,"height":473,"url":"https:\/\/www.hoodyhotel.com\/wp-content\/uploads\/sites\/214\/2025\/02\/hoody.png","type":"image\/png"}],"twitter_card":"summary_large_image","twitter_misc":{"Gesch\u00e4tzte Lesezeit":"1 Minute"},"schema":{"@context":"https:\/\/schema.org","@graph":[{"@type":"WebPage","@id":"https:\/\/www.hoodyhotel.com\/de\/zimmer\/castle-view\/","url":"https:\/\/www.hoodyhotel.com\/de\/zimmer\/castle-view\/","name":"Castle View Zimmer - Hoody Active & Happiness Hotel","isPartOf":{"@id":"https:\/\/www.hoodyhotel.com\/de\/#website"},"datePublished":"2025-02-11T08:04:07+00:00","dateModified":"2025-07-16T08:31:10+00:00","description":"Entdecken Sie das einzigartige Zimmer Castel View mit einem gro\u00dfen Balkon, der einen herrlichen Blick auf die Burg Arco bietet. Zimmergr\u00f6\u00dfe: 22 m\u00b2","breadcrumb":{"@id":"https:\/\/www.hoodyhotel.com\/de\/zimmer\/castle-view\/#breadcrumb"},"inLanguage":"de-DE","potentialAction":[{"@type":"ReadAction","target":["https:\/\/www.hoodyhotel.com\/de\/zimmer\/castle-view\/"]}]},{"@type":"BreadcrumbList","@id":"https:\/\/www.hoodyhotel.com\/de\/zimmer\/castle-view\/#breadcrumb","itemListElement":[{"@type":"ListItem","position":1,"name":"Home","item":"https:\/\/www.hoodyhotel.com\/de\/"},{"@type":"ListItem","position":2,"name":"Zimmer","item":"https:\/\/www.hoodyhotel.com\/de\/zimmer\/"},{"@type":"ListItem","position":3,"name":"Castle View"}]},{"@type":"WebSite","@id":"https:\/\/www.hoodyhotel.com\/de\/#website","url":"https:\/\/www.hoodyhotel.com\/de\/","name":"Hoody Hotel","description":"","publisher":{"@id":"https:\/\/www.hoodyhotel.com\/de\/#organization"},"potentialAction":[{"@type":"SearchAction","target":{"@type":"EntryPoint","urlTemplate":"https:\/\/www.hoodyhotel.com\/de\/?s={search_term_string}"},"query-input":"required name=search_term_string"}],"inLanguage":"de-DE"},{"@type":"Organization","@id":"https:\/\/www.hoodyhotel.com\/de\/#organization","name":"Hoody Hotel","url":"https:\/\/www.hoodyhotel.com\/de\/","logo":{"@type":"ImageObject","inLanguage":"de-DE","@id":"https:\/\/www.hoodyhotel.com\/de\/#\/schema\/logo\/image\/","url":"https:\/\/www.hoodyhotel.com\/wp-content\/uploads\/sites\/214\/2025\/02\/hoody.png","contentUrl":"https:\/\/www.hoodyhotel.com\/wp-content\/uploads\/sites\/214\/2025\/02\/hoody.png","width":1358,"height":473,"caption":"Hoody Hotel"},"image":{"@id":"https:\/\/www.hoodyhotel.com\/de\/#\/schema\/logo\/image\/"},"sameAs":["https:\/\/www.facebook.com\/hoodyhotel","https:\/\/www.instagram.com\/hoodyhotel"]}]}},"acf":[],"_links":{"self":[{"href":"https:\/\/www.hoodyhotel.com\/de\/wp-json\/wp\/v2\/pages\/17"}],"collection":[{"href":"https:\/\/www.hoodyhotel.com\/de\/wp-json\/wp\/v2\/pages"}],"about":[{"href":"https:\/\/www.hoodyhotel.com\/de\/wp-json\/wp\/v2\/types\/page"}],"author":[{"embeddable":true,"href":"https:\/\/www.hoodyhotel.com\/de\/wp-json\/wp\/v2\/users\/11"}],"replies":[{"embeddable":true,"href":"https:\/\/www.hoodyhotel.com\/de\/wp-json\/wp\/v2\/comments?post=17"}],"version-history":[{"count":0,"href":"https:\/\/www.hoodyhotel.com\/de\/wp-json\/wp\/v2\/pages\/17\/revisions"}],"up":[{"embeddable":true,"href":"https:\/\/www.hoodyhotel.com\/de\/wp-json\/wp\/v2\/pages\/8"}],"wp:attachment":[{"href":"https:\/\/www.hoodyhotel.com\/de\/wp-json\/wp\/v2\/media?parent=17"}],"curies":[{"name":"wp","href":"https:\/\/api.w.org\/{rel}","templated":true}]}}