{"id":23,"date":"2025-02-11T08:05:07","date_gmt":"2025-02-11T08:05:07","guid":{"rendered":"https:\/\/hoody-hotel.ms2.decms.eu\/camere\/joyful\/"},"modified":"2025-07-16T08:29:40","modified_gmt":"2025-07-16T08:29:40","slug":"joyful","status":"publish","type":"page","link":"https:\/\/www.hoodyhotel.com\/de\/zimmer\/joyful\/","title":{"rendered":"Joyful"},"content":{"rendered":"<p>Die Joyful Rooms befinden sich im obersten Stockwerk von HOODY und bieten einen herrlichen Blick auf die Umgebung.<\/p>\n<p>Jedes Zimmer hat eine eigene Terrasse oder einen Balkon, ausgestattet mit Liegest\u00fchlen, St\u00fchlen und einem Tisch. Die Zimmer sind mit einer kleinen Sitzecke, Sportbar, TV und Telefon ausgestattet.<\/p>\n","protected":false},"excerpt":{"rendered":"<p>Die Joyful Rooms befinden sich im obersten Stockwerk von HOODY und bieten einen herrlichen Blick auf die Umgebung. Jedes Zimmer hat eine eigene Terrasse oder einen Balkon, ausgestattet mit Liegest\u00fchlen, St\u00fchlen und einem Tisch. Die Zimmer sind mit einer kleinen Sitzecke, Sportbar, TV und Telefon ausgestattet.<\/p>\n","protected":false},"author":11,"featured_media":0,"parent":8,"menu_order":2,"comment_status":"closed","ping_status":"closed","template":"template-single-room.php","meta":{"footnotes":""},"yoast_head":"<!-- This site is optimized with the Yoast SEO plugin v22.3 - https:\/\/yoast.com\/wordpress\/plugins\/seo\/ -->\n<title>Joyful Zimmer - Hoody Active &amp; Happiness Hotel<\/title>\n<meta name=\"description\" content=\"Entdecken Sie das Zimmer Joyful, ideal f\u00fcr diejenigen, die einen herrlichen Blick auf die Umgebung haben m\u00f6chten. Zimmergr\u00f6\u00dfe: 22 m\u00b2\" \/>\n<meta name=\"robots\" content=\"index, follow, max-snippet:-1, max-image-preview:large, max-video-preview:-1\" \/>\n<link rel=\"canonical\" href=\"https:\/\/www.hoodyhotel.com\/de\/zimmer\/joyful\/\" \/>\n<meta property=\"og:locale\" content=\"de_DE\" \/>\n<meta property=\"og:type\" content=\"article\" \/>\n<meta property=\"og:title\" content=\"Joyful Zimmer - Hoody Active &amp; Happiness Hotel\" \/>\n<meta property=\"og:description\" content=\"Entdecken Sie das Zimmer Joyful, ideal f\u00fcr diejenigen, die einen herrlichen Blick auf die Umgebung haben m\u00f6chten. Zimmergr\u00f6\u00dfe: 22 m\u00b2\" \/>\n<meta property=\"og:url\" content=\"https:\/\/www.hoodyhotel.com\/de\/zimmer\/joyful\/\" \/>\n<meta property=\"og:site_name\" content=\"Hoody Hotel\" \/>\n<meta property=\"article:publisher\" content=\"https:\/\/www.facebook.com\/hoodyhotel\" \/>\n<meta property=\"article:modified_time\" content=\"2025-07-16T08:29:40+00:00\" \/>\n<meta property=\"og:image\" content=\"https:\/\/www.hoodyhotel.com\/wp-content\/uploads\/sites\/214\/2025\/02\/hoody.png\" \/>\n\t<meta property=\"og:image:width\" content=\"1358\" \/>\n\t<meta property=\"og:image:height\" content=\"473\" \/>\n\t<meta property=\"og:image:type\" content=\"image\/png\" \/>\n<meta name=\"twitter:card\" content=\"summary_large_image\" \/>\n<meta name=\"twitter:label1\" content=\"Gesch\u00e4tzte Lesezeit\" \/>\n\t<meta name=\"twitter:data1\" content=\"1 Minute\" \/>\n<script type=\"application\/ld+json\" class=\"yoast-schema-graph\">{\"@context\":\"https:\/\/schema.org\",\"@graph\":[{\"@type\":\"WebPage\",\"@id\":\"https:\/\/www.hoodyhotel.com\/de\/zimmer\/joyful\/\",\"url\":\"https:\/\/www.hoodyhotel.com\/de\/zimmer\/joyful\/\",\"name\":\"Joyful Zimmer - Hoody Active & Happiness Hotel\",\"isPartOf\":{\"@id\":\"https:\/\/www.hoodyhotel.com\/de\/#website\"},\"datePublished\":\"2025-02-11T08:05:07+00:00\",\"dateModified\":\"2025-07-16T08:29:40+00:00\",\"description\":\"Entdecken Sie das Zimmer Joyful, ideal f\u00fcr diejenigen, die einen herrlichen Blick auf die Umgebung haben m\u00f6chten. Zimmergr\u00f6\u00dfe: 22 m\u00b2\",\"breadcrumb\":{\"@id\":\"https:\/\/www.hoodyhotel.com\/de\/zimmer\/joyful\/#breadcrumb\"},\"inLanguage\":\"de-DE\",\"potentialAction\":[{\"@type\":\"ReadAction\",\"target\":[\"https:\/\/www.hoodyhotel.com\/de\/zimmer\/joyful\/\"]}]},{\"@type\":\"BreadcrumbList\",\"@id\":\"https:\/\/www.hoodyhotel.com\/de\/zimmer\/joyful\/#breadcrumb\",\"itemListElement\":[{\"@type\":\"ListItem\",\"position\":1,\"name\":\"Home\",\"item\":\"https:\/\/www.hoodyhotel.com\/de\/\"},{\"@type\":\"ListItem\",\"position\":2,\"name\":\"Zimmer\",\"item\":\"https:\/\/www.hoodyhotel.com\/de\/zimmer\/\"},{\"@type\":\"ListItem\",\"position\":3,\"name\":\"Joyful\"}]},{\"@type\":\"WebSite\",\"@id\":\"https:\/\/www.hoodyhotel.com\/de\/#website\",\"url\":\"https:\/\/www.hoodyhotel.com\/de\/\",\"name\":\"Hoody Hotel\",\"description\":\"\",\"publisher\":{\"@id\":\"https:\/\/www.hoodyhotel.com\/de\/#organization\"},\"potentialAction\":[{\"@type\":\"SearchAction\",\"target\":{\"@type\":\"EntryPoint\",\"urlTemplate\":\"https:\/\/www.hoodyhotel.com\/de\/?s={search_term_string}\"},\"query-input\":\"required name=search_term_string\"}],\"inLanguage\":\"de-DE\"},{\"@type\":\"Organization\",\"@id\":\"https:\/\/www.hoodyhotel.com\/de\/#organization\",\"name\":\"Hoody Hotel\",\"url\":\"https:\/\/www.hoodyhotel.com\/de\/\",\"logo\":{\"@type\":\"ImageObject\",\"inLanguage\":\"de-DE\",\"@id\":\"https:\/\/www.hoodyhotel.com\/de\/#\/schema\/logo\/image\/\",\"url\":\"https:\/\/www.hoodyhotel.com\/wp-content\/uploads\/sites\/214\/2025\/02\/hoody.png\",\"contentUrl\":\"https:\/\/www.hoodyhotel.com\/wp-content\/uploads\/sites\/214\/2025\/02\/hoody.png\",\"width\":1358,\"height\":473,\"caption\":\"Hoody Hotel\"},\"image\":{\"@id\":\"https:\/\/www.hoodyhotel.com\/de\/#\/schema\/logo\/image\/\"},\"sameAs\":[\"https:\/\/www.facebook.com\/hoodyhotel\",\"https:\/\/www.instagram.com\/hoodyhotel\"]}]}<\/script>\n<!-- \/ Yoast SEO plugin. -->","yoast_head_json":{"title":"Joyful Zimmer - Hoody Active & Happiness Hotel","description":"Entdecken Sie das Zimmer Joyful, ideal f\u00fcr diejenigen, die einen herrlichen Blick auf die Umgebung haben m\u00f6chten. Zimmergr\u00f6\u00dfe: 22 m\u00b2","robots":{"index":"index","follow":"follow","max-snippet":"max-snippet:-1","max-image-preview":"max-image-preview:large","max-video-preview":"max-video-preview:-1"},"canonical":"https:\/\/www.hoodyhotel.com\/de\/zimmer\/joyful\/","og_locale":"de_DE","og_type":"article","og_title":"Joyful Zimmer - Hoody Active & Happiness Hotel","og_description":"Entdecken Sie das Zimmer Joyful, ideal f\u00fcr diejenigen, die einen herrlichen Blick auf die Umgebung haben m\u00f6chten. Zimmergr\u00f6\u00dfe: 22 m\u00b2","og_url":"https:\/\/www.hoodyhotel.com\/de\/zimmer\/joyful\/","og_site_name":"Hoody Hotel","article_publisher":"https:\/\/www.facebook.com\/hoodyhotel","article_modified_time":"2025-07-16T08:29:40+00:00","og_image":[{"width":1358,"height":473,"url":"https:\/\/www.hoodyhotel.com\/wp-content\/uploads\/sites\/214\/2025\/02\/hoody.png","type":"image\/png"}],"twitter_card":"summary_large_image","twitter_misc":{"Gesch\u00e4tzte Lesezeit":"1 Minute"},"schema":{"@context":"https:\/\/schema.org","@graph":[{"@type":"WebPage","@id":"https:\/\/www.hoodyhotel.com\/de\/zimmer\/joyful\/","url":"https:\/\/www.hoodyhotel.com\/de\/zimmer\/joyful\/","name":"Joyful Zimmer - Hoody Active & Happiness Hotel","isPartOf":{"@id":"https:\/\/www.hoodyhotel.com\/de\/#website"},"datePublished":"2025-02-11T08:05:07+00:00","dateModified":"2025-07-16T08:29:40+00:00","description":"Entdecken Sie das Zimmer Joyful, ideal f\u00fcr diejenigen, die einen herrlichen Blick auf die Umgebung haben m\u00f6chten. Zimmergr\u00f6\u00dfe: 22 m\u00b2","breadcrumb":{"@id":"https:\/\/www.hoodyhotel.com\/de\/zimmer\/joyful\/#breadcrumb"},"inLanguage":"de-DE","potentialAction":[{"@type":"ReadAction","target":["https:\/\/www.hoodyhotel.com\/de\/zimmer\/joyful\/"]}]},{"@type":"BreadcrumbList","@id":"https:\/\/www.hoodyhotel.com\/de\/zimmer\/joyful\/#breadcrumb","itemListElement":[{"@type":"ListItem","position":1,"name":"Home","item":"https:\/\/www.hoodyhotel.com\/de\/"},{"@type":"ListItem","position":2,"name":"Zimmer","item":"https:\/\/www.hoodyhotel.com\/de\/zimmer\/"},{"@type":"ListItem","position":3,"name":"Joyful"}]},{"@type":"WebSite","@id":"https:\/\/www.hoodyhotel.com\/de\/#website","url":"https:\/\/www.hoodyhotel.com\/de\/","name":"Hoody Hotel","description":"","publisher":{"@id":"https:\/\/www.hoodyhotel.com\/de\/#organization"},"potentialAction":[{"@type":"SearchAction","target":{"@type":"EntryPoint","urlTemplate":"https:\/\/www.hoodyhotel.com\/de\/?s={search_term_string}"},"query-input":"required name=search_term_string"}],"inLanguage":"de-DE"},{"@type":"Organization","@id":"https:\/\/www.hoodyhotel.com\/de\/#organization","name":"Hoody Hotel","url":"https:\/\/www.hoodyhotel.com\/de\/","logo":{"@type":"ImageObject","inLanguage":"de-DE","@id":"https:\/\/www.hoodyhotel.com\/de\/#\/schema\/logo\/image\/","url":"https:\/\/www.hoodyhotel.com\/wp-content\/uploads\/sites\/214\/2025\/02\/hoody.png","contentUrl":"https:\/\/www.hoodyhotel.com\/wp-content\/uploads\/sites\/214\/2025\/02\/hoody.png","width":1358,"height":473,"caption":"Hoody Hotel"},"image":{"@id":"https:\/\/www.hoodyhotel.com\/de\/#\/schema\/logo\/image\/"},"sameAs":["https:\/\/www.facebook.com\/hoodyhotel","https:\/\/www.instagram.com\/hoodyhotel"]}]}},"acf":[],"_links":{"self":[{"href":"https:\/\/www.hoodyhotel.com\/de\/wp-json\/wp\/v2\/pages\/23"}],"collection":[{"href":"https:\/\/www.hoodyhotel.com\/de\/wp-json\/wp\/v2\/pages"}],"about":[{"href":"https:\/\/www.hoodyhotel.com\/de\/wp-json\/wp\/v2\/types\/page"}],"author":[{"embeddable":true,"href":"https:\/\/www.hoodyhotel.com\/de\/wp-json\/wp\/v2\/users\/11"}],"replies":[{"embeddable":true,"href":"https:\/\/www.hoodyhotel.com\/de\/wp-json\/wp\/v2\/comments?post=23"}],"version-history":[{"count":0,"href":"https:\/\/www.hoodyhotel.com\/de\/wp-json\/wp\/v2\/pages\/23\/revisions"}],"up":[{"embeddable":true,"href":"https:\/\/www.hoodyhotel.com\/de\/wp-json\/wp\/v2\/pages\/8"}],"wp:attachment":[{"href":"https:\/\/www.hoodyhotel.com\/de\/wp-json\/wp\/v2\/media?parent=23"}],"curies":[{"name":"wp","href":"https:\/\/api.w.org\/{rel}","templated":true}]}}