{"id":36,"date":"2025-02-11T08:07:38","date_gmt":"2025-02-11T08:07:38","guid":{"rendered":"https:\/\/hoody-hotel.ms2.decms.eu\/parcheggio-e-ricarica-auto\/"},"modified":"2025-06-04T14:01:42","modified_gmt":"2025-06-04T14:01:42","slug":"parken-und-e-auto-ladestation","status":"publish","type":"page","link":"https:\/\/www.hoodyhotel.com\/de\/serviceleistungen\/parken-und-e-auto-ladestation\/","title":{"rendered":"Parken und e-Auto Ladestation"},"content":{"rendered":"<p><span style=\"font-weight: 400;\">Ihr gr\u00fcnes Auto verdient auch die richtige Pause.<br \/>\nBei Hoody gibt es Ladestationen f\u00fcr Ihr Elektroauto.<br \/>\nDas Aufladen ist kostenlos<\/span><\/p>\n<p><strong>Garage<\/strong><\/p>\n<p>Wenn Sie mit dem Auto zu uns kommen, k\u00f6nnen Sie es in der gro\u00dfen Tiefgarage von HOODY parken. Lassen Sie es w\u00e4hrend Ihres Urlaubs dort stehen, um sich Ihren Hobbys zu widmen oder machen Sie damit Ausfl\u00fcge zu den malerischen D\u00f6rfern in der Umgebung. Ganz wie Sie wollen.<\/p>\n","protected":false},"excerpt":{"rendered":"<p>Ihr gr\u00fcnes Auto verdient auch die richtige Pause. Bei Hoody gibt es Ladestationen f\u00fcr Ihr Elektroauto. Das Aufladen ist kostenlos Garage Wenn Sie mit dem Auto zu uns kommen, k\u00f6nnen Sie es in der gro\u00dfen Tiefgarage von HOODY parken. Lassen Sie es w\u00e4hrend Ihres Urlaubs dort stehen, um sich Ihren Hobbys zu widmen oder machen [&hellip;]<\/p>\n","protected":false},"author":11,"featured_media":0,"parent":79,"menu_order":43,"comment_status":"closed","ping_status":"closed","template":"","meta":{"footnotes":""},"yoast_head":"<!-- This site is optimized with the Yoast SEO plugin v22.3 - https:\/\/yoast.com\/wordpress\/plugins\/seo\/ -->\n<title>Parken und Ladestation - Hoody Active &amp; Happiness Hotel<\/title>\n<meta name=\"description\" content=\"Wenn Sie mit dem Auto anreisen, k\u00f6nnen Sie in Hoody&#039;s Garage parken, und auch Ihr gr\u00fcnes Auto bekommt eine Pause mit kostenlosen Ladestationen!\" \/>\n<meta name=\"robots\" content=\"index, follow, max-snippet:-1, max-image-preview:large, max-video-preview:-1\" \/>\n<link rel=\"canonical\" href=\"https:\/\/www.hoodyhotel.com\/de\/serviceleistungen\/parken-und-e-auto-ladestation\/\" \/>\n<meta property=\"og:locale\" content=\"de_DE\" \/>\n<meta property=\"og:type\" content=\"article\" \/>\n<meta property=\"og:title\" content=\"Parken und Ladestation - Hoody Active &amp; Happiness Hotel\" \/>\n<meta property=\"og:description\" content=\"Wenn Sie mit dem Auto anreisen, k\u00f6nnen Sie in Hoody&#039;s Garage parken, und auch Ihr gr\u00fcnes Auto bekommt eine Pause mit kostenlosen Ladestationen!\" \/>\n<meta property=\"og:url\" content=\"https:\/\/www.hoodyhotel.com\/de\/serviceleistungen\/parken-und-e-auto-ladestation\/\" \/>\n<meta property=\"og:site_name\" content=\"Hoody Hotel\" \/>\n<meta property=\"article:publisher\" content=\"https:\/\/www.facebook.com\/hoodyhotel\" \/>\n<meta property=\"article:modified_time\" content=\"2025-06-04T14:01:42+00:00\" \/>\n<meta property=\"og:image\" content=\"https:\/\/www.hoodyhotel.com\/wp-content\/uploads\/sites\/214\/2025\/02\/hoody.png\" \/>\n\t<meta property=\"og:image:width\" content=\"1358\" \/>\n\t<meta property=\"og:image:height\" content=\"473\" \/>\n\t<meta property=\"og:image:type\" content=\"image\/png\" \/>\n<meta name=\"twitter:card\" content=\"summary_large_image\" \/>\n<meta name=\"twitter:label1\" content=\"Gesch\u00e4tzte Lesezeit\" \/>\n\t<meta name=\"twitter:data1\" content=\"1 Minute\" \/>\n<script type=\"application\/ld+json\" class=\"yoast-schema-graph\">{\"@context\":\"https:\/\/schema.org\",\"@graph\":[{\"@type\":\"WebPage\",\"@id\":\"https:\/\/www.hoodyhotel.com\/de\/serviceleistungen\/parken-und-e-auto-ladestation\/\",\"url\":\"https:\/\/www.hoodyhotel.com\/de\/serviceleistungen\/parken-und-e-auto-ladestation\/\",\"name\":\"Parken und Ladestation - Hoody Active & Happiness Hotel\",\"isPartOf\":{\"@id\":\"https:\/\/www.hoodyhotel.com\/de\/#website\"},\"datePublished\":\"2025-02-11T08:07:38+00:00\",\"dateModified\":\"2025-06-04T14:01:42+00:00\",\"description\":\"Wenn Sie mit dem Auto anreisen, k\u00f6nnen Sie in Hoody's Garage parken, und auch Ihr gr\u00fcnes Auto bekommt eine Pause mit kostenlosen Ladestationen!\",\"breadcrumb\":{\"@id\":\"https:\/\/www.hoodyhotel.com\/de\/serviceleistungen\/parken-und-e-auto-ladestation\/#breadcrumb\"},\"inLanguage\":\"de-DE\",\"potentialAction\":[{\"@type\":\"ReadAction\",\"target\":[\"https:\/\/www.hoodyhotel.com\/de\/serviceleistungen\/parken-und-e-auto-ladestation\/\"]}]},{\"@type\":\"BreadcrumbList\",\"@id\":\"https:\/\/www.hoodyhotel.com\/de\/serviceleistungen\/parken-und-e-auto-ladestation\/#breadcrumb\",\"itemListElement\":[{\"@type\":\"ListItem\",\"position\":1,\"name\":\"Home\",\"item\":\"https:\/\/www.hoodyhotel.com\/de\/\"},{\"@type\":\"ListItem\",\"position\":2,\"name\":\"Serviceleistungen\",\"item\":\"https:\/\/www.hoodyhotel.com\/de\/serviceleistungen\/\"},{\"@type\":\"ListItem\",\"position\":3,\"name\":\"Parken und e-Auto Ladestation\"}]},{\"@type\":\"WebSite\",\"@id\":\"https:\/\/www.hoodyhotel.com\/de\/#website\",\"url\":\"https:\/\/www.hoodyhotel.com\/de\/\",\"name\":\"Hoody Hotel\",\"description\":\"\",\"publisher\":{\"@id\":\"https:\/\/www.hoodyhotel.com\/de\/#organization\"},\"potentialAction\":[{\"@type\":\"SearchAction\",\"target\":{\"@type\":\"EntryPoint\",\"urlTemplate\":\"https:\/\/www.hoodyhotel.com\/de\/?s={search_term_string}\"},\"query-input\":\"required name=search_term_string\"}],\"inLanguage\":\"de-DE\"},{\"@type\":\"Organization\",\"@id\":\"https:\/\/www.hoodyhotel.com\/de\/#organization\",\"name\":\"Hoody Hotel\",\"url\":\"https:\/\/www.hoodyhotel.com\/de\/\",\"logo\":{\"@type\":\"ImageObject\",\"inLanguage\":\"de-DE\",\"@id\":\"https:\/\/www.hoodyhotel.com\/de\/#\/schema\/logo\/image\/\",\"url\":\"https:\/\/www.hoodyhotel.com\/wp-content\/uploads\/sites\/214\/2025\/02\/hoody.png\",\"contentUrl\":\"https:\/\/www.hoodyhotel.com\/wp-content\/uploads\/sites\/214\/2025\/02\/hoody.png\",\"width\":1358,\"height\":473,\"caption\":\"Hoody Hotel\"},\"image\":{\"@id\":\"https:\/\/www.hoodyhotel.com\/de\/#\/schema\/logo\/image\/\"},\"sameAs\":[\"https:\/\/www.facebook.com\/hoodyhotel\",\"https:\/\/www.instagram.com\/hoodyhotel\"]}]}<\/script>\n<!-- \/ Yoast SEO plugin. -->","yoast_head_json":{"title":"Parken und Ladestation - Hoody Active & Happiness Hotel","description":"Wenn Sie mit dem Auto anreisen, k\u00f6nnen Sie in Hoody's Garage parken, und auch Ihr gr\u00fcnes Auto bekommt eine Pause mit kostenlosen Ladestationen!","robots":{"index":"index","follow":"follow","max-snippet":"max-snippet:-1","max-image-preview":"max-image-preview:large","max-video-preview":"max-video-preview:-1"},"canonical":"https:\/\/www.hoodyhotel.com\/de\/serviceleistungen\/parken-und-e-auto-ladestation\/","og_locale":"de_DE","og_type":"article","og_title":"Parken und Ladestation - Hoody Active & Happiness Hotel","og_description":"Wenn Sie mit dem Auto anreisen, k\u00f6nnen Sie in Hoody's Garage parken, und auch Ihr gr\u00fcnes Auto bekommt eine Pause mit kostenlosen Ladestationen!","og_url":"https:\/\/www.hoodyhotel.com\/de\/serviceleistungen\/parken-und-e-auto-ladestation\/","og_site_name":"Hoody Hotel","article_publisher":"https:\/\/www.facebook.com\/hoodyhotel","article_modified_time":"2025-06-04T14:01:42+00:00","og_image":[{"width":1358,"height":473,"url":"https:\/\/www.hoodyhotel.com\/wp-content\/uploads\/sites\/214\/2025\/02\/hoody.png","type":"image\/png"}],"twitter_card":"summary_large_image","twitter_misc":{"Gesch\u00e4tzte Lesezeit":"1 Minute"},"schema":{"@context":"https:\/\/schema.org","@graph":[{"@type":"WebPage","@id":"https:\/\/www.hoodyhotel.com\/de\/serviceleistungen\/parken-und-e-auto-ladestation\/","url":"https:\/\/www.hoodyhotel.com\/de\/serviceleistungen\/parken-und-e-auto-ladestation\/","name":"Parken und Ladestation - Hoody Active & Happiness Hotel","isPartOf":{"@id":"https:\/\/www.hoodyhotel.com\/de\/#website"},"datePublished":"2025-02-11T08:07:38+00:00","dateModified":"2025-06-04T14:01:42+00:00","description":"Wenn Sie mit dem Auto anreisen, k\u00f6nnen Sie in Hoody's Garage parken, und auch Ihr gr\u00fcnes Auto bekommt eine Pause mit kostenlosen Ladestationen!","breadcrumb":{"@id":"https:\/\/www.hoodyhotel.com\/de\/serviceleistungen\/parken-und-e-auto-ladestation\/#breadcrumb"},"inLanguage":"de-DE","potentialAction":[{"@type":"ReadAction","target":["https:\/\/www.hoodyhotel.com\/de\/serviceleistungen\/parken-und-e-auto-ladestation\/"]}]},{"@type":"BreadcrumbList","@id":"https:\/\/www.hoodyhotel.com\/de\/serviceleistungen\/parken-und-e-auto-ladestation\/#breadcrumb","itemListElement":[{"@type":"ListItem","position":1,"name":"Home","item":"https:\/\/www.hoodyhotel.com\/de\/"},{"@type":"ListItem","position":2,"name":"Serviceleistungen","item":"https:\/\/www.hoodyhotel.com\/de\/serviceleistungen\/"},{"@type":"ListItem","position":3,"name":"Parken und e-Auto Ladestation"}]},{"@type":"WebSite","@id":"https:\/\/www.hoodyhotel.com\/de\/#website","url":"https:\/\/www.hoodyhotel.com\/de\/","name":"Hoody Hotel","description":"","publisher":{"@id":"https:\/\/www.hoodyhotel.com\/de\/#organization"},"potentialAction":[{"@type":"SearchAction","target":{"@type":"EntryPoint","urlTemplate":"https:\/\/www.hoodyhotel.com\/de\/?s={search_term_string}"},"query-input":"required name=search_term_string"}],"inLanguage":"de-DE"},{"@type":"Organization","@id":"https:\/\/www.hoodyhotel.com\/de\/#organization","name":"Hoody Hotel","url":"https:\/\/www.hoodyhotel.com\/de\/","logo":{"@type":"ImageObject","inLanguage":"de-DE","@id":"https:\/\/www.hoodyhotel.com\/de\/#\/schema\/logo\/image\/","url":"https:\/\/www.hoodyhotel.com\/wp-content\/uploads\/sites\/214\/2025\/02\/hoody.png","contentUrl":"https:\/\/www.hoodyhotel.com\/wp-content\/uploads\/sites\/214\/2025\/02\/hoody.png","width":1358,"height":473,"caption":"Hoody Hotel"},"image":{"@id":"https:\/\/www.hoodyhotel.com\/de\/#\/schema\/logo\/image\/"},"sameAs":["https:\/\/www.facebook.com\/hoodyhotel","https:\/\/www.instagram.com\/hoodyhotel"]}]}},"acf":[],"_links":{"self":[{"href":"https:\/\/www.hoodyhotel.com\/de\/wp-json\/wp\/v2\/pages\/36"}],"collection":[{"href":"https:\/\/www.hoodyhotel.com\/de\/wp-json\/wp\/v2\/pages"}],"about":[{"href":"https:\/\/www.hoodyhotel.com\/de\/wp-json\/wp\/v2\/types\/page"}],"author":[{"embeddable":true,"href":"https:\/\/www.hoodyhotel.com\/de\/wp-json\/wp\/v2\/users\/11"}],"replies":[{"embeddable":true,"href":"https:\/\/www.hoodyhotel.com\/de\/wp-json\/wp\/v2\/comments?post=36"}],"version-history":[{"count":0,"href":"https:\/\/www.hoodyhotel.com\/de\/wp-json\/wp\/v2\/pages\/36\/revisions"}],"up":[{"embeddable":true,"href":"https:\/\/www.hoodyhotel.com\/de\/wp-json\/wp\/v2\/pages\/79"}],"wp:attachment":[{"href":"https:\/\/www.hoodyhotel.com\/de\/wp-json\/wp\/v2\/media?parent=36"}],"curies":[{"name":"wp","href":"https:\/\/api.w.org\/{rel}","templated":true}]}}