{"id":42,"date":"2025-02-11T08:08:39","date_gmt":"2025-02-11T08:08:39","guid":{"rendered":"https:\/\/hoody-hotel.ms2.decms.eu\/bike-room\/"},"modified":"2025-02-27T08:19:03","modified_gmt":"2025-02-27T08:19:03","slug":"abstellraum-fuer-fahrraeder","status":"publish","type":"page","link":"https:\/\/www.hoodyhotel.com\/de\/serviceleistungen\/abstellraum-fuer-fahrraeder\/","title":{"rendered":"Abstellraum f\u00fcr Fahrr\u00e4der"},"content":{"rendered":"<p>Ihr Fahrrad ist nicht einfach nur ein Fortbewegungsmittel, sondern Ihr untrennbarer Gef\u00e4hrte, wenn Sie zu den Abenteuern Ihres Aktivurlaubs aufbrechen.<\/p>\n<p>Wir m\u00f6chten Ihnen helfen, sich um Ihr Fahrrad zu k\u00fcmmern und stellen Ihnen einen video\u00fcberwachten Abstellraum zur Verf\u00fcgung, der mit einer Werkstatt und einer Ladestation f\u00fcr E-Bikes ausgestattet ist.<br \/>\nAu\u00dferdem k\u00f6nnen Sie Ihr MTB kostenlos waschen!<\/p>\n","protected":false},"excerpt":{"rendered":"<p>Ihr Fahrrad ist nicht einfach nur ein Fortbewegungsmittel, sondern Ihr untrennbarer Gef\u00e4hrte, wenn Sie zu den Abenteuern Ihres Aktivurlaubs aufbrechen. Wir m\u00f6chten Ihnen helfen, sich um Ihr Fahrrad zu k\u00fcmmern und stellen Ihnen einen video\u00fcberwachten Abstellraum zur Verf\u00fcgung, der mit einer Werkstatt und einer Ladestation f\u00fcr E-Bikes ausgestattet ist. Au\u00dferdem k\u00f6nnen Sie Ihr MTB kostenlos [&hellip;]<\/p>\n","protected":false},"author":11,"featured_media":0,"parent":79,"menu_order":35,"comment_status":"closed","ping_status":"closed","template":"","meta":{"footnotes":""},"yoast_head":"<!-- This site is optimized with the Yoast SEO plugin v22.3 - https:\/\/yoast.com\/wordpress\/plugins\/seo\/ -->\n<title>Abstellraum f\u00fcr Fahrr\u00e4der - Hoody Active &amp; Happiness Hotel<\/title>\n<meta name=\"description\" content=\"Wir m\u00f6chten Ihnen helfen, sich um Ihr Fahrrad zu k\u00fcmmern, indem wir Ihnen ein Depot mit Werkstatt und Ladestation f\u00fcr E-Bikes zur Verf\u00fcgung stellen.\" \/>\n<meta name=\"robots\" content=\"index, follow, max-snippet:-1, max-image-preview:large, max-video-preview:-1\" \/>\n<link rel=\"canonical\" href=\"https:\/\/www.hoodyhotel.com\/de\/serviceleistungen\/abstellraum-fuer-fahrraeder\/\" \/>\n<meta property=\"og:locale\" content=\"de_DE\" \/>\n<meta property=\"og:type\" content=\"article\" \/>\n<meta property=\"og:title\" content=\"Abstellraum f\u00fcr Fahrr\u00e4der - Hoody Active &amp; Happiness Hotel\" \/>\n<meta property=\"og:description\" content=\"Wir m\u00f6chten Ihnen helfen, sich um Ihr Fahrrad zu k\u00fcmmern, indem wir Ihnen ein Depot mit Werkstatt und Ladestation f\u00fcr E-Bikes zur Verf\u00fcgung stellen.\" \/>\n<meta property=\"og:url\" content=\"https:\/\/www.hoodyhotel.com\/de\/serviceleistungen\/abstellraum-fuer-fahrraeder\/\" \/>\n<meta property=\"og:site_name\" content=\"Hoody Hotel\" \/>\n<meta property=\"article:publisher\" content=\"https:\/\/www.facebook.com\/hoodyhotel\" \/>\n<meta property=\"article:modified_time\" content=\"2025-02-27T08:19:03+00:00\" \/>\n<meta property=\"og:image\" content=\"https:\/\/www.hoodyhotel.com\/wp-content\/uploads\/sites\/214\/2025\/02\/hoody.png\" \/>\n\t<meta property=\"og:image:width\" content=\"1358\" \/>\n\t<meta property=\"og:image:height\" content=\"473\" \/>\n\t<meta property=\"og:image:type\" content=\"image\/png\" \/>\n<meta name=\"twitter:card\" content=\"summary_large_image\" \/>\n<meta name=\"twitter:label1\" content=\"Gesch\u00e4tzte Lesezeit\" \/>\n\t<meta name=\"twitter:data1\" content=\"1 Minute\" \/>\n<script type=\"application\/ld+json\" class=\"yoast-schema-graph\">{\"@context\":\"https:\/\/schema.org\",\"@graph\":[{\"@type\":\"WebPage\",\"@id\":\"https:\/\/www.hoodyhotel.com\/de\/serviceleistungen\/abstellraum-fuer-fahrraeder\/\",\"url\":\"https:\/\/www.hoodyhotel.com\/de\/serviceleistungen\/abstellraum-fuer-fahrraeder\/\",\"name\":\"Abstellraum f\u00fcr Fahrr\u00e4der - Hoody Active & Happiness Hotel\",\"isPartOf\":{\"@id\":\"https:\/\/www.hoodyhotel.com\/de\/#website\"},\"datePublished\":\"2025-02-11T08:08:39+00:00\",\"dateModified\":\"2025-02-27T08:19:03+00:00\",\"description\":\"Wir m\u00f6chten Ihnen helfen, sich um Ihr Fahrrad zu k\u00fcmmern, indem wir Ihnen ein Depot mit Werkstatt und Ladestation f\u00fcr E-Bikes zur Verf\u00fcgung stellen.\",\"breadcrumb\":{\"@id\":\"https:\/\/www.hoodyhotel.com\/de\/serviceleistungen\/abstellraum-fuer-fahrraeder\/#breadcrumb\"},\"inLanguage\":\"de-DE\",\"potentialAction\":[{\"@type\":\"ReadAction\",\"target\":[\"https:\/\/www.hoodyhotel.com\/de\/serviceleistungen\/abstellraum-fuer-fahrraeder\/\"]}]},{\"@type\":\"BreadcrumbList\",\"@id\":\"https:\/\/www.hoodyhotel.com\/de\/serviceleistungen\/abstellraum-fuer-fahrraeder\/#breadcrumb\",\"itemListElement\":[{\"@type\":\"ListItem\",\"position\":1,\"name\":\"Home\",\"item\":\"https:\/\/www.hoodyhotel.com\/de\/\"},{\"@type\":\"ListItem\",\"position\":2,\"name\":\"Serviceleistungen\",\"item\":\"https:\/\/www.hoodyhotel.com\/de\/serviceleistungen\/\"},{\"@type\":\"ListItem\",\"position\":3,\"name\":\"Abstellraum f\u00fcr Fahrr\u00e4der\"}]},{\"@type\":\"WebSite\",\"@id\":\"https:\/\/www.hoodyhotel.com\/de\/#website\",\"url\":\"https:\/\/www.hoodyhotel.com\/de\/\",\"name\":\"Hoody Hotel\",\"description\":\"\",\"publisher\":{\"@id\":\"https:\/\/www.hoodyhotel.com\/de\/#organization\"},\"potentialAction\":[{\"@type\":\"SearchAction\",\"target\":{\"@type\":\"EntryPoint\",\"urlTemplate\":\"https:\/\/www.hoodyhotel.com\/de\/?s={search_term_string}\"},\"query-input\":\"required name=search_term_string\"}],\"inLanguage\":\"de-DE\"},{\"@type\":\"Organization\",\"@id\":\"https:\/\/www.hoodyhotel.com\/de\/#organization\",\"name\":\"Hoody Hotel\",\"url\":\"https:\/\/www.hoodyhotel.com\/de\/\",\"logo\":{\"@type\":\"ImageObject\",\"inLanguage\":\"de-DE\",\"@id\":\"https:\/\/www.hoodyhotel.com\/de\/#\/schema\/logo\/image\/\",\"url\":\"https:\/\/www.hoodyhotel.com\/wp-content\/uploads\/sites\/214\/2025\/02\/hoody.png\",\"contentUrl\":\"https:\/\/www.hoodyhotel.com\/wp-content\/uploads\/sites\/214\/2025\/02\/hoody.png\",\"width\":1358,\"height\":473,\"caption\":\"Hoody Hotel\"},\"image\":{\"@id\":\"https:\/\/www.hoodyhotel.com\/de\/#\/schema\/logo\/image\/\"},\"sameAs\":[\"https:\/\/www.facebook.com\/hoodyhotel\",\"https:\/\/www.instagram.com\/hoodyhotel\"]}]}<\/script>\n<!-- \/ Yoast SEO plugin. -->","yoast_head_json":{"title":"Abstellraum f\u00fcr Fahrr\u00e4der - Hoody Active & Happiness Hotel","description":"Wir m\u00f6chten Ihnen helfen, sich um Ihr Fahrrad zu k\u00fcmmern, indem wir Ihnen ein Depot mit Werkstatt und Ladestation f\u00fcr E-Bikes zur Verf\u00fcgung stellen.","robots":{"index":"index","follow":"follow","max-snippet":"max-snippet:-1","max-image-preview":"max-image-preview:large","max-video-preview":"max-video-preview:-1"},"canonical":"https:\/\/www.hoodyhotel.com\/de\/serviceleistungen\/abstellraum-fuer-fahrraeder\/","og_locale":"de_DE","og_type":"article","og_title":"Abstellraum f\u00fcr Fahrr\u00e4der - Hoody Active & Happiness Hotel","og_description":"Wir m\u00f6chten Ihnen helfen, sich um Ihr Fahrrad zu k\u00fcmmern, indem wir Ihnen ein Depot mit Werkstatt und Ladestation f\u00fcr E-Bikes zur Verf\u00fcgung stellen.","og_url":"https:\/\/www.hoodyhotel.com\/de\/serviceleistungen\/abstellraum-fuer-fahrraeder\/","og_site_name":"Hoody Hotel","article_publisher":"https:\/\/www.facebook.com\/hoodyhotel","article_modified_time":"2025-02-27T08:19:03+00:00","og_image":[{"width":1358,"height":473,"url":"https:\/\/www.hoodyhotel.com\/wp-content\/uploads\/sites\/214\/2025\/02\/hoody.png","type":"image\/png"}],"twitter_card":"summary_large_image","twitter_misc":{"Gesch\u00e4tzte Lesezeit":"1 Minute"},"schema":{"@context":"https:\/\/schema.org","@graph":[{"@type":"WebPage","@id":"https:\/\/www.hoodyhotel.com\/de\/serviceleistungen\/abstellraum-fuer-fahrraeder\/","url":"https:\/\/www.hoodyhotel.com\/de\/serviceleistungen\/abstellraum-fuer-fahrraeder\/","name":"Abstellraum f\u00fcr Fahrr\u00e4der - Hoody Active & Happiness Hotel","isPartOf":{"@id":"https:\/\/www.hoodyhotel.com\/de\/#website"},"datePublished":"2025-02-11T08:08:39+00:00","dateModified":"2025-02-27T08:19:03+00:00","description":"Wir m\u00f6chten Ihnen helfen, sich um Ihr Fahrrad zu k\u00fcmmern, indem wir Ihnen ein Depot mit Werkstatt und Ladestation f\u00fcr E-Bikes zur Verf\u00fcgung stellen.","breadcrumb":{"@id":"https:\/\/www.hoodyhotel.com\/de\/serviceleistungen\/abstellraum-fuer-fahrraeder\/#breadcrumb"},"inLanguage":"de-DE","potentialAction":[{"@type":"ReadAction","target":["https:\/\/www.hoodyhotel.com\/de\/serviceleistungen\/abstellraum-fuer-fahrraeder\/"]}]},{"@type":"BreadcrumbList","@id":"https:\/\/www.hoodyhotel.com\/de\/serviceleistungen\/abstellraum-fuer-fahrraeder\/#breadcrumb","itemListElement":[{"@type":"ListItem","position":1,"name":"Home","item":"https:\/\/www.hoodyhotel.com\/de\/"},{"@type":"ListItem","position":2,"name":"Serviceleistungen","item":"https:\/\/www.hoodyhotel.com\/de\/serviceleistungen\/"},{"@type":"ListItem","position":3,"name":"Abstellraum f\u00fcr Fahrr\u00e4der"}]},{"@type":"WebSite","@id":"https:\/\/www.hoodyhotel.com\/de\/#website","url":"https:\/\/www.hoodyhotel.com\/de\/","name":"Hoody Hotel","description":"","publisher":{"@id":"https:\/\/www.hoodyhotel.com\/de\/#organization"},"potentialAction":[{"@type":"SearchAction","target":{"@type":"EntryPoint","urlTemplate":"https:\/\/www.hoodyhotel.com\/de\/?s={search_term_string}"},"query-input":"required name=search_term_string"}],"inLanguage":"de-DE"},{"@type":"Organization","@id":"https:\/\/www.hoodyhotel.com\/de\/#organization","name":"Hoody Hotel","url":"https:\/\/www.hoodyhotel.com\/de\/","logo":{"@type":"ImageObject","inLanguage":"de-DE","@id":"https:\/\/www.hoodyhotel.com\/de\/#\/schema\/logo\/image\/","url":"https:\/\/www.hoodyhotel.com\/wp-content\/uploads\/sites\/214\/2025\/02\/hoody.png","contentUrl":"https:\/\/www.hoodyhotel.com\/wp-content\/uploads\/sites\/214\/2025\/02\/hoody.png","width":1358,"height":473,"caption":"Hoody Hotel"},"image":{"@id":"https:\/\/www.hoodyhotel.com\/de\/#\/schema\/logo\/image\/"},"sameAs":["https:\/\/www.facebook.com\/hoodyhotel","https:\/\/www.instagram.com\/hoodyhotel"]}]}},"acf":[],"_links":{"self":[{"href":"https:\/\/www.hoodyhotel.com\/de\/wp-json\/wp\/v2\/pages\/42"}],"collection":[{"href":"https:\/\/www.hoodyhotel.com\/de\/wp-json\/wp\/v2\/pages"}],"about":[{"href":"https:\/\/www.hoodyhotel.com\/de\/wp-json\/wp\/v2\/types\/page"}],"author":[{"embeddable":true,"href":"https:\/\/www.hoodyhotel.com\/de\/wp-json\/wp\/v2\/users\/11"}],"replies":[{"embeddable":true,"href":"https:\/\/www.hoodyhotel.com\/de\/wp-json\/wp\/v2\/comments?post=42"}],"version-history":[{"count":0,"href":"https:\/\/www.hoodyhotel.com\/de\/wp-json\/wp\/v2\/pages\/42\/revisions"}],"up":[{"embeddable":true,"href":"https:\/\/www.hoodyhotel.com\/de\/wp-json\/wp\/v2\/pages\/79"}],"wp:attachment":[{"href":"https:\/\/www.hoodyhotel.com\/de\/wp-json\/wp\/v2\/media?parent=42"}],"curies":[{"name":"wp","href":"https:\/\/api.w.org\/{rel}","templated":true}]}}