{"id":504,"date":"2025-05-22T08:26:12","date_gmt":"2025-05-22T08:26:12","guid":{"rendered":"https:\/\/hoody-hotel.ms2.decms.eu\/sostenibilita\/le-nostre-azioni-concrete\/"},"modified":"2025-06-04T10:09:28","modified_gmt":"2025-06-04T10:09:28","slug":"unser-konkretes-handeln","status":"publish","type":"page","link":"https:\/\/www.hoodyhotel.com\/de\/nachhaltigkeit\/unser-konkretes-handeln\/","title":{"rendered":"Unser konkretes Handeln"},"content":{"rendered":"<p><span style=\"font-weight: 400;\">Unser Hotel wurde von AbitoHolz entworfen, einem Unternehmen, das sich auf gr\u00fcnes Bauen spezialisiert hat.<\/span><\/p>\n<p><span style=\"font-weight: 400;\">Durch die Wahl von Holz als Hauptmaterial wird der \u00f6kologische Fu\u00dfabdruck des Geb\u00e4udes drastisch reduziert und dank der nat\u00fcrlichen Isolierung, der Atmungsaktivit\u00e4t und der geringen CO\u2082-Emissionen eine hohe Energieleistung garantiert.<\/span><\/p>\n","protected":false},"excerpt":{"rendered":"<p>Unser Hotel wurde von AbitoHolz entworfen, einem Unternehmen, das sich auf gr\u00fcnes Bauen spezialisiert hat. Durch die Wahl von Holz als Hauptmaterial wird der \u00f6kologische Fu\u00dfabdruck des Geb\u00e4udes drastisch reduziert und dank der nat\u00fcrlichen Isolierung, der Atmungsaktivit\u00e4t und der geringen CO\u2082-Emissionen eine hohe Energieleistung garantiert.<\/p>\n","protected":false},"author":11,"featured_media":0,"parent":493,"menu_order":113,"comment_status":"closed","ping_status":"closed","template":"","meta":{"footnotes":""},"class_list":["post-504","page","type-page","status-publish","hentry"],"yoast_head":"<!-- This site is optimized with the Yoast SEO plugin v27.3 - https:\/\/yoast.com\/product\/yoast-seo-wordpress\/ -->\n<title>Unser konkretes Handeln - Hoody Hotel -<\/title>\n<meta name=\"description\" content=\"Unser Hotel wurde von AbitoHolz entworfen, einem Unternehmen, das sich auf gr\u00fcnes Bauen spezialisiert hat.  Durch die Wahl von Holz als Hauptmaterial wird der \u00f6kologische Fu\u00dfabdruck des Geb\u00e4udes drastisch reduziert und dank der nat\u00fcrlichen Isolierung, der Atmungsaktivit\u00e4t und der geringen CO\u2082-Emissionen eine hohe Energieleistung garantiert..\" \/>\n<meta name=\"robots\" content=\"index, follow, max-snippet:-1, max-image-preview:large, max-video-preview:-1\" \/>\n<link rel=\"canonical\" href=\"https:\/\/www.hoodyhotel.com\/de\/nachhaltigkeit\/unser-konkretes-handeln\/\" \/>\n<meta property=\"og:locale\" content=\"de_DE\" \/>\n<meta property=\"og:type\" content=\"article\" \/>\n<meta property=\"og:title\" content=\"Unser konkretes Handeln - Hoody Hotel -\" \/>\n<meta property=\"og:description\" content=\"Unser Hotel wurde von AbitoHolz entworfen, einem Unternehmen, das sich auf gr\u00fcnes Bauen spezialisiert hat.  Durch die Wahl von Holz als Hauptmaterial wird der \u00f6kologische Fu\u00dfabdruck des Geb\u00e4udes drastisch reduziert und dank der nat\u00fcrlichen Isolierung, der Atmungsaktivit\u00e4t und der geringen CO\u2082-Emissionen eine hohe Energieleistung garantiert..\" \/>\n<meta property=\"og:url\" content=\"https:\/\/www.hoodyhotel.com\/de\/nachhaltigkeit\/unser-konkretes-handeln\/\" \/>\n<meta property=\"og:site_name\" content=\"Hoody Hotel\" \/>\n<meta property=\"article:publisher\" content=\"https:\/\/www.facebook.com\/hoodyhotel\" \/>\n<meta property=\"article:modified_time\" content=\"2025-06-04T10:09:28+00:00\" \/>\n<meta property=\"og:image\" content=\"https:\/\/www.hoodyhotel.com\/wp-content\/uploads\/sites\/214\/2025\/02\/hoody.png\" \/>\n\t<meta property=\"og:image:width\" content=\"1358\" \/>\n\t<meta property=\"og:image:height\" content=\"473\" \/>\n\t<meta property=\"og:image:type\" content=\"image\/png\" \/>\n<meta name=\"twitter:card\" content=\"summary_large_image\" \/>\n<meta name=\"twitter:label1\" content=\"Gesch\u00e4tzte Lesezeit\" \/>\n\t<meta name=\"twitter:data1\" content=\"1 Minute\" \/>\n<script type=\"application\/ld+json\" class=\"yoast-schema-graph\">{\"@context\":\"https:\\\/\\\/schema.org\",\"@graph\":[{\"@type\":\"WebPage\",\"@id\":\"https:\\\/\\\/www.hoodyhotel.com\\\/de\\\/nachhaltigkeit\\\/unser-konkretes-handeln\\\/\",\"url\":\"https:\\\/\\\/www.hoodyhotel.com\\\/de\\\/nachhaltigkeit\\\/unser-konkretes-handeln\\\/\",\"name\":\"Unser konkretes Handeln - Hoody Hotel -\",\"isPartOf\":{\"@id\":\"https:\\\/\\\/www.hoodyhotel.com\\\/de\\\/#website\"},\"datePublished\":\"2025-05-22T08:26:12+00:00\",\"dateModified\":\"2025-06-04T10:09:28+00:00\",\"description\":\"Unser Hotel wurde von AbitoHolz entworfen, einem Unternehmen, das sich auf gr\u00fcnes Bauen spezialisiert hat. Durch die Wahl von Holz als Hauptmaterial wird der \u00f6kologische Fu\u00dfabdruck des Geb\u00e4udes drastisch reduziert und dank der nat\u00fcrlichen Isolierung, der Atmungsaktivit\u00e4t und der geringen CO\u2082-Emissionen eine hohe Energieleistung garantiert..\",\"breadcrumb\":{\"@id\":\"https:\\\/\\\/www.hoodyhotel.com\\\/de\\\/nachhaltigkeit\\\/unser-konkretes-handeln\\\/#breadcrumb\"},\"inLanguage\":\"de-DE\",\"potentialAction\":[{\"@type\":\"ReadAction\",\"target\":[\"https:\\\/\\\/www.hoodyhotel.com\\\/de\\\/nachhaltigkeit\\\/unser-konkretes-handeln\\\/\"]}]},{\"@type\":\"BreadcrumbList\",\"@id\":\"https:\\\/\\\/www.hoodyhotel.com\\\/de\\\/nachhaltigkeit\\\/unser-konkretes-handeln\\\/#breadcrumb\",\"itemListElement\":[{\"@type\":\"ListItem\",\"position\":1,\"name\":\"Home\",\"item\":\"https:\\\/\\\/www.hoodyhotel.com\\\/de\\\/\"},{\"@type\":\"ListItem\",\"position\":2,\"name\":\"NACHHALTIGKEIT\",\"item\":\"https:\\\/\\\/www.hoodyhotel.com\\\/de\\\/nachhaltigkeit\\\/\"},{\"@type\":\"ListItem\",\"position\":3,\"name\":\"Unser konkretes Handeln\"}]},{\"@type\":\"WebSite\",\"@id\":\"https:\\\/\\\/www.hoodyhotel.com\\\/de\\\/#website\",\"url\":\"https:\\\/\\\/www.hoodyhotel.com\\\/de\\\/\",\"name\":\"Hoody Hotel\",\"description\":\"\",\"publisher\":{\"@id\":\"https:\\\/\\\/www.hoodyhotel.com\\\/de\\\/#organization\"},\"potentialAction\":[{\"@type\":\"SearchAction\",\"target\":{\"@type\":\"EntryPoint\",\"urlTemplate\":\"https:\\\/\\\/www.hoodyhotel.com\\\/de\\\/?s={search_term_string}\"},\"query-input\":{\"@type\":\"PropertyValueSpecification\",\"valueRequired\":true,\"valueName\":\"search_term_string\"}}],\"inLanguage\":\"de-DE\"},{\"@type\":\"Organization\",\"@id\":\"https:\\\/\\\/www.hoodyhotel.com\\\/de\\\/#organization\",\"name\":\"Hoody Hotel\",\"url\":\"https:\\\/\\\/www.hoodyhotel.com\\\/de\\\/\",\"logo\":{\"@type\":\"ImageObject\",\"inLanguage\":\"de-DE\",\"@id\":\"https:\\\/\\\/www.hoodyhotel.com\\\/de\\\/#\\\/schema\\\/logo\\\/image\\\/\",\"url\":\"https:\\\/\\\/www.hoodyhotel.com\\\/wp-content\\\/uploads\\\/sites\\\/214\\\/2025\\\/02\\\/hoody.png\",\"contentUrl\":\"https:\\\/\\\/www.hoodyhotel.com\\\/wp-content\\\/uploads\\\/sites\\\/214\\\/2025\\\/02\\\/hoody.png\",\"width\":1358,\"height\":473,\"caption\":\"Hoody Hotel\"},\"image\":{\"@id\":\"https:\\\/\\\/www.hoodyhotel.com\\\/de\\\/#\\\/schema\\\/logo\\\/image\\\/\"},\"sameAs\":[\"https:\\\/\\\/www.facebook.com\\\/hoodyhotel\",\"https:\\\/\\\/www.instagram.com\\\/hoodyhotel\"]}]}<\/script>\n<!-- \/ Yoast SEO plugin. -->","yoast_head_json":{"title":"Unser konkretes Handeln - Hoody Hotel -","description":"Unser Hotel wurde von AbitoHolz entworfen, einem Unternehmen, das sich auf gr\u00fcnes Bauen spezialisiert hat.  Durch die Wahl von Holz als Hauptmaterial wird der \u00f6kologische Fu\u00dfabdruck des Geb\u00e4udes drastisch reduziert und dank der nat\u00fcrlichen Isolierung, der Atmungsaktivit\u00e4t und der geringen CO\u2082-Emissionen eine hohe Energieleistung garantiert..","robots":{"index":"index","follow":"follow","max-snippet":"max-snippet:-1","max-image-preview":"max-image-preview:large","max-video-preview":"max-video-preview:-1"},"canonical":"https:\/\/www.hoodyhotel.com\/de\/nachhaltigkeit\/unser-konkretes-handeln\/","og_locale":"de_DE","og_type":"article","og_title":"Unser konkretes Handeln - Hoody Hotel -","og_description":"Unser Hotel wurde von AbitoHolz entworfen, einem Unternehmen, das sich auf gr\u00fcnes Bauen spezialisiert hat.  Durch die Wahl von Holz als Hauptmaterial wird der \u00f6kologische Fu\u00dfabdruck des Geb\u00e4udes drastisch reduziert und dank der nat\u00fcrlichen Isolierung, der Atmungsaktivit\u00e4t und der geringen CO\u2082-Emissionen eine hohe Energieleistung garantiert..","og_url":"https:\/\/www.hoodyhotel.com\/de\/nachhaltigkeit\/unser-konkretes-handeln\/","og_site_name":"Hoody Hotel","article_publisher":"https:\/\/www.facebook.com\/hoodyhotel","article_modified_time":"2025-06-04T10:09:28+00:00","og_image":[{"width":1358,"height":473,"url":"https:\/\/www.hoodyhotel.com\/wp-content\/uploads\/sites\/214\/2025\/02\/hoody.png","type":"image\/png"}],"twitter_card":"summary_large_image","twitter_misc":{"Gesch\u00e4tzte Lesezeit":"1 Minute"},"schema":{"@context":"https:\/\/schema.org","@graph":[{"@type":"WebPage","@id":"https:\/\/www.hoodyhotel.com\/de\/nachhaltigkeit\/unser-konkretes-handeln\/","url":"https:\/\/www.hoodyhotel.com\/de\/nachhaltigkeit\/unser-konkretes-handeln\/","name":"Unser konkretes Handeln - Hoody Hotel -","isPartOf":{"@id":"https:\/\/www.hoodyhotel.com\/de\/#website"},"datePublished":"2025-05-22T08:26:12+00:00","dateModified":"2025-06-04T10:09:28+00:00","description":"Unser Hotel wurde von AbitoHolz entworfen, einem Unternehmen, das sich auf gr\u00fcnes Bauen spezialisiert hat. Durch die Wahl von Holz als Hauptmaterial wird der \u00f6kologische Fu\u00dfabdruck des Geb\u00e4udes drastisch reduziert und dank der nat\u00fcrlichen Isolierung, der Atmungsaktivit\u00e4t und der geringen CO\u2082-Emissionen eine hohe Energieleistung garantiert..","breadcrumb":{"@id":"https:\/\/www.hoodyhotel.com\/de\/nachhaltigkeit\/unser-konkretes-handeln\/#breadcrumb"},"inLanguage":"de-DE","potentialAction":[{"@type":"ReadAction","target":["https:\/\/www.hoodyhotel.com\/de\/nachhaltigkeit\/unser-konkretes-handeln\/"]}]},{"@type":"BreadcrumbList","@id":"https:\/\/www.hoodyhotel.com\/de\/nachhaltigkeit\/unser-konkretes-handeln\/#breadcrumb","itemListElement":[{"@type":"ListItem","position":1,"name":"Home","item":"https:\/\/www.hoodyhotel.com\/de\/"},{"@type":"ListItem","position":2,"name":"NACHHALTIGKEIT","item":"https:\/\/www.hoodyhotel.com\/de\/nachhaltigkeit\/"},{"@type":"ListItem","position":3,"name":"Unser konkretes Handeln"}]},{"@type":"WebSite","@id":"https:\/\/www.hoodyhotel.com\/de\/#website","url":"https:\/\/www.hoodyhotel.com\/de\/","name":"Hoody Hotel","description":"","publisher":{"@id":"https:\/\/www.hoodyhotel.com\/de\/#organization"},"potentialAction":[{"@type":"SearchAction","target":{"@type":"EntryPoint","urlTemplate":"https:\/\/www.hoodyhotel.com\/de\/?s={search_term_string}"},"query-input":{"@type":"PropertyValueSpecification","valueRequired":true,"valueName":"search_term_string"}}],"inLanguage":"de-DE"},{"@type":"Organization","@id":"https:\/\/www.hoodyhotel.com\/de\/#organization","name":"Hoody Hotel","url":"https:\/\/www.hoodyhotel.com\/de\/","logo":{"@type":"ImageObject","inLanguage":"de-DE","@id":"https:\/\/www.hoodyhotel.com\/de\/#\/schema\/logo\/image\/","url":"https:\/\/www.hoodyhotel.com\/wp-content\/uploads\/sites\/214\/2025\/02\/hoody.png","contentUrl":"https:\/\/www.hoodyhotel.com\/wp-content\/uploads\/sites\/214\/2025\/02\/hoody.png","width":1358,"height":473,"caption":"Hoody Hotel"},"image":{"@id":"https:\/\/www.hoodyhotel.com\/de\/#\/schema\/logo\/image\/"},"sameAs":["https:\/\/www.facebook.com\/hoodyhotel","https:\/\/www.instagram.com\/hoodyhotel"]}]}},"acf":[],"_links":{"self":[{"href":"https:\/\/www.hoodyhotel.com\/de\/wp-json\/wp\/v2\/pages\/504","targetHints":{"allow":["GET"]}}],"collection":[{"href":"https:\/\/www.hoodyhotel.com\/de\/wp-json\/wp\/v2\/pages"}],"about":[{"href":"https:\/\/www.hoodyhotel.com\/de\/wp-json\/wp\/v2\/types\/page"}],"author":[{"embeddable":true,"href":"https:\/\/www.hoodyhotel.com\/de\/wp-json\/wp\/v2\/users\/11"}],"replies":[{"embeddable":true,"href":"https:\/\/www.hoodyhotel.com\/de\/wp-json\/wp\/v2\/comments?post=504"}],"version-history":[{"count":0,"href":"https:\/\/www.hoodyhotel.com\/de\/wp-json\/wp\/v2\/pages\/504\/revisions"}],"up":[{"embeddable":true,"href":"https:\/\/www.hoodyhotel.com\/de\/wp-json\/wp\/v2\/pages\/493"}],"wp:attachment":[{"href":"https:\/\/www.hoodyhotel.com\/de\/wp-json\/wp\/v2\/media?parent=504"}],"curies":[{"name":"wp","href":"https:\/\/api.w.org\/{rel}","templated":true}]}}