{"id":512,"date":"2025-05-22T09:53:27","date_gmt":"2025-05-22T09:53:27","guid":{"rendered":"https:\/\/hoody-hotel.ms2.decms.eu\/angebote\/roof-escape\/"},"modified":"2026-02-20T09:42:59","modified_gmt":"2026-02-20T09:42:59","slug":"roof-escape","status":"publish","type":"page","link":"https:\/\/www.hoodyhotel.com\/de\/angebote\/roof-escape\/","title":{"rendered":"ROOF ESCAPE"},"content":{"rendered":"<p><span style=\"font-weight: 400\">G\u00f6nnen Sie sich einen Moment der Entspannung und buchen Sie unsere exklusive Happiness-Terrasse. Whirlpool, Sauna und Dusche nur f\u00fcr Sie (von 21.00 bis 23.00 Uhr).<\/span><\/p>\n<p><strong>Das Angebot beinhaltet:<\/strong><\/p>\n<ul>\n<li><span style=\"font-weight: 400\">\u00dcbernachtung von mindestens<strong> zwei N\u00e4chten in Ihrem bevorzugten Zimmertyp<\/strong><\/span><\/li>\n<li><span style=\"font-weight: 400\"><strong>Reichhaltiges und nahrhaftes Fr\u00fchst\u00fcck<\/strong> von 7.30 Uhr bis 10 Uhr.<\/span><\/li>\n<li><span style=\"font-weight: 400\"><strong>Exklusive Nutzung der Terrasse<\/strong> mit Sauna, Whirlpool und Dusche<\/span><\/li>\n<li><span style=\"font-weight: 400\">Wahlweise 1 Flasche <strong>Trentodoc Sekt oder eine Kiste mit 4 IMPAVIDA Craft Bieren.<\/strong><\/span><\/li>\n<\/ul>\n<p><span style=\"font-weight: 400\">Kurtaxe ist nicht inbegriffen (2,50 Euro pro Person und Tag)<\/span><\/p>\n","protected":false},"excerpt":{"rendered":"<p>G\u00f6nnen Sie sich einen Moment der Entspannung und buchen Sie unsere exklusive Happiness-Terrasse. Whirlpool, Sauna und Dusche nur f\u00fcr Sie (von 21.00 bis 23.00 Uhr). Das Angebot beinhaltet: \u00dcbernachtung von mindestens zwei N\u00e4chten in Ihrem bevorzugten Zimmertyp Reichhaltiges und nahrhaftes Fr\u00fchst\u00fcck von 7.30 Uhr bis 10 Uhr. Exklusive Nutzung der Terrasse mit Sauna, Whirlpool und [&hellip;]<\/p>\n","protected":false},"author":11,"featured_media":0,"parent":60,"menu_order":61,"comment_status":"closed","ping_status":"closed","template":"template-single-offer.php","meta":{"footnotes":""},"yoast_head":"<!-- This site is optimized with the Yoast SEO plugin v22.3 - https:\/\/yoast.com\/wordpress\/plugins\/seo\/ -->\n<title>ROOF ESCAPE - Hoody Hotel -<\/title>\n<meta name=\"description\" content=\"G\u00f6nnen Sie sich einen Moment der Entspannung und buchen Sie unsere exklusive Happiness-Terrasse. Whirlpool, Sauna und Dusche nur f\u00fcr Sie (von 21.00 bis 23.00 Uhr).  Das Angebot beinhaltet:   \u00dcbernachtung von mindestens zwei N\u00e4chten in Ihrem bevorzugten Zimmertyp  Reichhaltiges und nahrhaftes Fr\u00fchst\u00fcck von 7.30 Uhr bis 10 Uhr.  Exklusive Nutzung der Terrasse mit Sauna, Whirlpool und Dusche  Wahlweise 1 Flasche Trentodoc Sekt oder eine Kiste mit 4 IMPAVIDA Craft Bieren.  Kurtaxe ist nicht inbegriffen (2,50 Euro pro Person und Tag)\" \/>\n<meta name=\"robots\" content=\"index, follow, max-snippet:-1, max-image-preview:large, max-video-preview:-1\" \/>\n<link rel=\"canonical\" href=\"https:\/\/www.hoodyhotel.com\/de\/angebote\/roof-escape\/\" \/>\n<meta property=\"og:locale\" content=\"de_DE\" \/>\n<meta property=\"og:type\" content=\"article\" \/>\n<meta property=\"og:title\" content=\"ROOF ESCAPE - Hoody Hotel -\" \/>\n<meta property=\"og:description\" content=\"G\u00f6nnen Sie sich einen Moment der Entspannung und buchen Sie unsere exklusive Happiness-Terrasse. Whirlpool, Sauna und Dusche nur f\u00fcr Sie (von 21.00 bis 23.00 Uhr).  Das Angebot beinhaltet:   \u00dcbernachtung von mindestens zwei N\u00e4chten in Ihrem bevorzugten Zimmertyp  Reichhaltiges und nahrhaftes Fr\u00fchst\u00fcck von 7.30 Uhr bis 10 Uhr.  Exklusive Nutzung der Terrasse mit Sauna, Whirlpool und Dusche  Wahlweise 1 Flasche Trentodoc Sekt oder eine Kiste mit 4 IMPAVIDA Craft Bieren.  Kurtaxe ist nicht inbegriffen (2,50 Euro pro Person und Tag)\" \/>\n<meta property=\"og:url\" content=\"https:\/\/www.hoodyhotel.com\/de\/angebote\/roof-escape\/\" \/>\n<meta property=\"og:site_name\" content=\"Hoody Hotel\" \/>\n<meta property=\"article:publisher\" content=\"https:\/\/www.facebook.com\/hoodyhotel\" \/>\n<meta property=\"article:modified_time\" content=\"2026-02-20T09:42:59+00:00\" \/>\n<meta property=\"og:image\" content=\"https:\/\/www.hoodyhotel.com\/wp-content\/uploads\/sites\/214\/2025\/02\/hoody.png\" \/>\n\t<meta property=\"og:image:width\" content=\"1358\" \/>\n\t<meta property=\"og:image:height\" content=\"473\" \/>\n\t<meta property=\"og:image:type\" content=\"image\/png\" \/>\n<meta name=\"twitter:card\" content=\"summary_large_image\" \/>\n<meta name=\"twitter:label1\" content=\"Gesch\u00e4tzte Lesezeit\" \/>\n\t<meta name=\"twitter:data1\" content=\"1 Minute\" \/>\n<script type=\"application\/ld+json\" class=\"yoast-schema-graph\">{\"@context\":\"https:\/\/schema.org\",\"@graph\":[{\"@type\":\"WebPage\",\"@id\":\"https:\/\/www.hoodyhotel.com\/de\/angebote\/roof-escape\/\",\"url\":\"https:\/\/www.hoodyhotel.com\/de\/angebote\/roof-escape\/\",\"name\":\"ROOF ESCAPE - Hoody Hotel -\",\"isPartOf\":{\"@id\":\"https:\/\/www.hoodyhotel.com\/de\/#website\"},\"datePublished\":\"2025-05-22T09:53:27+00:00\",\"dateModified\":\"2026-02-20T09:42:59+00:00\",\"description\":\"G\u00f6nnen Sie sich einen Moment der Entspannung und buchen Sie unsere exklusive Happiness-Terrasse. Whirlpool, Sauna und Dusche nur f\u00fcr Sie (von 21.00 bis 23.00 Uhr). Das Angebot beinhaltet: \u2022 \u00dcbernachtung von mindestens zwei N\u00e4chten in Ihrem bevorzugten Zimmertyp \u2022 Reichhaltiges und nahrhaftes Fr\u00fchst\u00fcck von 7.30 Uhr bis 10 Uhr. \u2022 Exklusive Nutzung der Terrasse mit Sauna, Whirlpool und Dusche \u2022 Wahlweise 1 Flasche Trentodoc Sekt oder eine Kiste mit 4 IMPAVIDA Craft Bieren. Kurtaxe ist nicht inbegriffen (2,50 Euro pro Person und Tag)\",\"breadcrumb\":{\"@id\":\"https:\/\/www.hoodyhotel.com\/de\/angebote\/roof-escape\/#breadcrumb\"},\"inLanguage\":\"de-DE\",\"potentialAction\":[{\"@type\":\"ReadAction\",\"target\":[\"https:\/\/www.hoodyhotel.com\/de\/angebote\/roof-escape\/\"]}]},{\"@type\":\"BreadcrumbList\",\"@id\":\"https:\/\/www.hoodyhotel.com\/de\/angebote\/roof-escape\/#breadcrumb\",\"itemListElement\":[{\"@type\":\"ListItem\",\"position\":1,\"name\":\"Home\",\"item\":\"https:\/\/www.hoodyhotel.com\/de\/\"},{\"@type\":\"ListItem\",\"position\":2,\"name\":\"Angebote\",\"item\":\"https:\/\/www.hoodyhotel.com\/de\/offerte\/\"},{\"@type\":\"ListItem\",\"position\":3,\"name\":\"ROOF ESCAPE\"}]},{\"@type\":\"WebSite\",\"@id\":\"https:\/\/www.hoodyhotel.com\/de\/#website\",\"url\":\"https:\/\/www.hoodyhotel.com\/de\/\",\"name\":\"Hoody Hotel\",\"description\":\"\",\"publisher\":{\"@id\":\"https:\/\/www.hoodyhotel.com\/de\/#organization\"},\"potentialAction\":[{\"@type\":\"SearchAction\",\"target\":{\"@type\":\"EntryPoint\",\"urlTemplate\":\"https:\/\/www.hoodyhotel.com\/de\/?s={search_term_string}\"},\"query-input\":\"required name=search_term_string\"}],\"inLanguage\":\"de-DE\"},{\"@type\":\"Organization\",\"@id\":\"https:\/\/www.hoodyhotel.com\/de\/#organization\",\"name\":\"Hoody Hotel\",\"url\":\"https:\/\/www.hoodyhotel.com\/de\/\",\"logo\":{\"@type\":\"ImageObject\",\"inLanguage\":\"de-DE\",\"@id\":\"https:\/\/www.hoodyhotel.com\/de\/#\/schema\/logo\/image\/\",\"url\":\"https:\/\/www.hoodyhotel.com\/wp-content\/uploads\/sites\/214\/2025\/02\/hoody.png\",\"contentUrl\":\"https:\/\/www.hoodyhotel.com\/wp-content\/uploads\/sites\/214\/2025\/02\/hoody.png\",\"width\":1358,\"height\":473,\"caption\":\"Hoody Hotel\"},\"image\":{\"@id\":\"https:\/\/www.hoodyhotel.com\/de\/#\/schema\/logo\/image\/\"},\"sameAs\":[\"https:\/\/www.facebook.com\/hoodyhotel\",\"https:\/\/www.instagram.com\/hoodyhotel\"]}]}<\/script>\n<!-- \/ Yoast SEO plugin. -->","yoast_head_json":{"title":"ROOF ESCAPE - Hoody Hotel -","description":"G\u00f6nnen Sie sich einen Moment der Entspannung und buchen Sie unsere exklusive Happiness-Terrasse. Whirlpool, Sauna und Dusche nur f\u00fcr Sie (von 21.00 bis 23.00 Uhr).  Das Angebot beinhaltet:   \u00dcbernachtung von mindestens zwei N\u00e4chten in Ihrem bevorzugten Zimmertyp  Reichhaltiges und nahrhaftes Fr\u00fchst\u00fcck von 7.30 Uhr bis 10 Uhr.  Exklusive Nutzung der Terrasse mit Sauna, Whirlpool und Dusche  Wahlweise 1 Flasche Trentodoc Sekt oder eine Kiste mit 4 IMPAVIDA Craft Bieren.  Kurtaxe ist nicht inbegriffen (2,50 Euro pro Person und Tag)","robots":{"index":"index","follow":"follow","max-snippet":"max-snippet:-1","max-image-preview":"max-image-preview:large","max-video-preview":"max-video-preview:-1"},"canonical":"https:\/\/www.hoodyhotel.com\/de\/angebote\/roof-escape\/","og_locale":"de_DE","og_type":"article","og_title":"ROOF ESCAPE - Hoody Hotel -","og_description":"G\u00f6nnen Sie sich einen Moment der Entspannung und buchen Sie unsere exklusive Happiness-Terrasse. Whirlpool, Sauna und Dusche nur f\u00fcr Sie (von 21.00 bis 23.00 Uhr).  Das Angebot beinhaltet:   \u00dcbernachtung von mindestens zwei N\u00e4chten in Ihrem bevorzugten Zimmertyp  Reichhaltiges und nahrhaftes Fr\u00fchst\u00fcck von 7.30 Uhr bis 10 Uhr.  Exklusive Nutzung der Terrasse mit Sauna, Whirlpool und Dusche  Wahlweise 1 Flasche Trentodoc Sekt oder eine Kiste mit 4 IMPAVIDA Craft Bieren.  Kurtaxe ist nicht inbegriffen (2,50 Euro pro Person und Tag)","og_url":"https:\/\/www.hoodyhotel.com\/de\/angebote\/roof-escape\/","og_site_name":"Hoody Hotel","article_publisher":"https:\/\/www.facebook.com\/hoodyhotel","article_modified_time":"2026-02-20T09:42:59+00:00","og_image":[{"width":1358,"height":473,"url":"https:\/\/www.hoodyhotel.com\/wp-content\/uploads\/sites\/214\/2025\/02\/hoody.png","type":"image\/png"}],"twitter_card":"summary_large_image","twitter_misc":{"Gesch\u00e4tzte Lesezeit":"1 Minute"},"schema":{"@context":"https:\/\/schema.org","@graph":[{"@type":"WebPage","@id":"https:\/\/www.hoodyhotel.com\/de\/angebote\/roof-escape\/","url":"https:\/\/www.hoodyhotel.com\/de\/angebote\/roof-escape\/","name":"ROOF ESCAPE - Hoody Hotel -","isPartOf":{"@id":"https:\/\/www.hoodyhotel.com\/de\/#website"},"datePublished":"2025-05-22T09:53:27+00:00","dateModified":"2026-02-20T09:42:59+00:00","description":"G\u00f6nnen Sie sich einen Moment der Entspannung und buchen Sie unsere exklusive Happiness-Terrasse. Whirlpool, Sauna und Dusche nur f\u00fcr Sie (von 21.00 bis 23.00 Uhr). Das Angebot beinhaltet: \u2022 \u00dcbernachtung von mindestens zwei N\u00e4chten in Ihrem bevorzugten Zimmertyp \u2022 Reichhaltiges und nahrhaftes Fr\u00fchst\u00fcck von 7.30 Uhr bis 10 Uhr. \u2022 Exklusive Nutzung der Terrasse mit Sauna, Whirlpool und Dusche \u2022 Wahlweise 1 Flasche Trentodoc Sekt oder eine Kiste mit 4 IMPAVIDA Craft Bieren. Kurtaxe ist nicht inbegriffen (2,50 Euro pro Person und Tag)","breadcrumb":{"@id":"https:\/\/www.hoodyhotel.com\/de\/angebote\/roof-escape\/#breadcrumb"},"inLanguage":"de-DE","potentialAction":[{"@type":"ReadAction","target":["https:\/\/www.hoodyhotel.com\/de\/angebote\/roof-escape\/"]}]},{"@type":"BreadcrumbList","@id":"https:\/\/www.hoodyhotel.com\/de\/angebote\/roof-escape\/#breadcrumb","itemListElement":[{"@type":"ListItem","position":1,"name":"Home","item":"https:\/\/www.hoodyhotel.com\/de\/"},{"@type":"ListItem","position":2,"name":"Angebote","item":"https:\/\/www.hoodyhotel.com\/de\/offerte\/"},{"@type":"ListItem","position":3,"name":"ROOF ESCAPE"}]},{"@type":"WebSite","@id":"https:\/\/www.hoodyhotel.com\/de\/#website","url":"https:\/\/www.hoodyhotel.com\/de\/","name":"Hoody Hotel","description":"","publisher":{"@id":"https:\/\/www.hoodyhotel.com\/de\/#organization"},"potentialAction":[{"@type":"SearchAction","target":{"@type":"EntryPoint","urlTemplate":"https:\/\/www.hoodyhotel.com\/de\/?s={search_term_string}"},"query-input":"required name=search_term_string"}],"inLanguage":"de-DE"},{"@type":"Organization","@id":"https:\/\/www.hoodyhotel.com\/de\/#organization","name":"Hoody Hotel","url":"https:\/\/www.hoodyhotel.com\/de\/","logo":{"@type":"ImageObject","inLanguage":"de-DE","@id":"https:\/\/www.hoodyhotel.com\/de\/#\/schema\/logo\/image\/","url":"https:\/\/www.hoodyhotel.com\/wp-content\/uploads\/sites\/214\/2025\/02\/hoody.png","contentUrl":"https:\/\/www.hoodyhotel.com\/wp-content\/uploads\/sites\/214\/2025\/02\/hoody.png","width":1358,"height":473,"caption":"Hoody Hotel"},"image":{"@id":"https:\/\/www.hoodyhotel.com\/de\/#\/schema\/logo\/image\/"},"sameAs":["https:\/\/www.facebook.com\/hoodyhotel","https:\/\/www.instagram.com\/hoodyhotel"]}]}},"acf":[],"_links":{"self":[{"href":"https:\/\/www.hoodyhotel.com\/de\/wp-json\/wp\/v2\/pages\/512"}],"collection":[{"href":"https:\/\/www.hoodyhotel.com\/de\/wp-json\/wp\/v2\/pages"}],"about":[{"href":"https:\/\/www.hoodyhotel.com\/de\/wp-json\/wp\/v2\/types\/page"}],"author":[{"embeddable":true,"href":"https:\/\/www.hoodyhotel.com\/de\/wp-json\/wp\/v2\/users\/11"}],"replies":[{"embeddable":true,"href":"https:\/\/www.hoodyhotel.com\/de\/wp-json\/wp\/v2\/comments?post=512"}],"version-history":[{"count":0,"href":"https:\/\/www.hoodyhotel.com\/de\/wp-json\/wp\/v2\/pages\/512\/revisions"}],"up":[{"embeddable":true,"href":"https:\/\/www.hoodyhotel.com\/de\/wp-json\/wp\/v2\/pages\/60"}],"wp:attachment":[{"href":"https:\/\/www.hoodyhotel.com\/de\/wp-json\/wp\/v2\/media?parent=512"}],"curies":[{"name":"wp","href":"https:\/\/api.w.org\/{rel}","templated":true}]}}