{"id":519,"date":"2025-05-22T09:59:47","date_gmt":"2025-05-22T09:59:47","guid":{"rendered":"https:\/\/hoody-hotel.ms2.decms.eu\/angebote\/one-day-massage\/"},"modified":"2026-02-20T09:49:15","modified_gmt":"2026-02-20T09:49:15","slug":"one-day-massage","status":"publish","type":"page","link":"https:\/\/www.hoodyhotel.com\/de\/angebote\/one-day-massage\/","title":{"rendered":"ONE DAY MASSAGE"},"content":{"rendered":"<p><span style=\"font-weight: 400\">Entspannen Sie sich nach einem aktiven Tag in Ihrem Zimmer und g\u00f6nnen Sie sich eine entspannende Massage, wenn Sie ein Active- oder Dynamic-Zimmer gebucht haben.<\/span><\/p>\n<p><strong>Das Angebot Ein-Tages-Massage enth\u00e4lt:<\/strong><\/p>\n<ul>\n<li><span style=\"font-weight: 400\">Aufenthalt von mindestens 3 N\u00e4chten<\/span><\/li>\n<li><span style=\"font-weight: 400\">zus\u00e4tzlich 8% Rabatt auf den besten Tarif<\/span><\/li>\n<li><span style=\"font-weight: 400\">Fr\u00fchst\u00fccksbuffet<\/span><\/li>\n<li><span style=\"font-weight: 400\">Wi-Fi inklusive<\/span><\/li>\n<li><span style=\"font-weight: 400\">kostenloses Parken<\/span><\/li>\n<li><span style=\"font-weight: 400\">flexible Stornierung<\/span><\/li>\n<\/ul>\n","protected":false},"excerpt":{"rendered":"<p>Entspannen Sie sich nach einem aktiven Tag in Ihrem Zimmer und g\u00f6nnen Sie sich eine entspannende Massage, wenn Sie ein Active- oder Dynamic-Zimmer gebucht haben. Das Angebot Ein-Tages-Massage enth\u00e4lt: Aufenthalt von mindestens 3 N\u00e4chten zus\u00e4tzlich 8% Rabatt auf den besten Tarif Fr\u00fchst\u00fccksbuffet Wi-Fi inklusive kostenloses Parken flexible Stornierung<\/p>\n","protected":false},"author":11,"featured_media":0,"parent":60,"menu_order":63,"comment_status":"closed","ping_status":"closed","template":"template-single-offer.php","meta":{"footnotes":""},"yoast_head":"<!-- This site is optimized with the Yoast SEO plugin v22.3 - https:\/\/yoast.com\/wordpress\/plugins\/seo\/ -->\n<title>ONE DAY MASSAGE - Hoody Hotel -<\/title>\n<meta name=\"description\" content=\"Entspannen Sie sich nach einem aktiven Tag in Ihrem Zimmer und g\u00f6nnen Sie sich eine entspannende Massage, wenn Sie ein Active- oder Dynamic-Zimmer gebucht haben.  Das Angebot Ein-Tages-Massage enth\u00e4lt:   Aufenthalt von mindestens 3 N\u00e4chten  zus\u00e4tzlich 8% Rabatt auf den besten Tarif  Fr\u00fchst\u00fccksbuffet  Wi-Fi inklusive  kostenloses Parken  flexible Stornierung .\" \/>\n<meta name=\"robots\" content=\"index, follow, max-snippet:-1, max-image-preview:large, max-video-preview:-1\" \/>\n<link rel=\"canonical\" href=\"https:\/\/www.hoodyhotel.com\/de\/angebote\/one-day-massage\/\" \/>\n<meta property=\"og:locale\" content=\"de_DE\" \/>\n<meta property=\"og:type\" content=\"article\" \/>\n<meta property=\"og:title\" content=\"ONE DAY MASSAGE - Hoody Hotel -\" \/>\n<meta property=\"og:description\" content=\"Entspannen Sie sich nach einem aktiven Tag in Ihrem Zimmer und g\u00f6nnen Sie sich eine entspannende Massage, wenn Sie ein Active- oder Dynamic-Zimmer gebucht haben.  Das Angebot Ein-Tages-Massage enth\u00e4lt:   Aufenthalt von mindestens 3 N\u00e4chten  zus\u00e4tzlich 8% Rabatt auf den besten Tarif  Fr\u00fchst\u00fccksbuffet  Wi-Fi inklusive  kostenloses Parken  flexible Stornierung .\" \/>\n<meta property=\"og:url\" content=\"https:\/\/www.hoodyhotel.com\/de\/angebote\/one-day-massage\/\" \/>\n<meta property=\"og:site_name\" content=\"Hoody Hotel\" \/>\n<meta property=\"article:publisher\" content=\"https:\/\/www.facebook.com\/hoodyhotel\" \/>\n<meta property=\"article:modified_time\" content=\"2026-02-20T09:49:15+00:00\" \/>\n<meta property=\"og:image\" content=\"https:\/\/www.hoodyhotel.com\/wp-content\/uploads\/sites\/214\/2025\/02\/hoody.png\" \/>\n\t<meta property=\"og:image:width\" content=\"1358\" \/>\n\t<meta property=\"og:image:height\" content=\"473\" \/>\n\t<meta property=\"og:image:type\" content=\"image\/png\" \/>\n<meta name=\"twitter:card\" content=\"summary_large_image\" \/>\n<meta name=\"twitter:label1\" content=\"Gesch\u00e4tzte Lesezeit\" \/>\n\t<meta name=\"twitter:data1\" content=\"1 Minute\" \/>\n<script type=\"application\/ld+json\" class=\"yoast-schema-graph\">{\"@context\":\"https:\/\/schema.org\",\"@graph\":[{\"@type\":\"WebPage\",\"@id\":\"https:\/\/www.hoodyhotel.com\/de\/angebote\/one-day-massage\/\",\"url\":\"https:\/\/www.hoodyhotel.com\/de\/angebote\/one-day-massage\/\",\"name\":\"ONE DAY MASSAGE - Hoody Hotel -\",\"isPartOf\":{\"@id\":\"https:\/\/www.hoodyhotel.com\/de\/#website\"},\"datePublished\":\"2025-05-22T09:59:47+00:00\",\"dateModified\":\"2026-02-20T09:49:15+00:00\",\"description\":\"Entspannen Sie sich nach einem aktiven Tag in Ihrem Zimmer und g\u00f6nnen Sie sich eine entspannende Massage, wenn Sie ein Active- oder Dynamic-Zimmer gebucht haben. Das Angebot Ein-Tages-Massage enth\u00e4lt: \u2022 Aufenthalt von mindestens 3 N\u00e4chten \u2022 zus\u00e4tzlich 8% Rabatt auf den besten Tarif \u2022 Fr\u00fchst\u00fccksbuffet \u2022 Wi-Fi inklusive \u2022 kostenloses Parken \u2022 flexible Stornierung .\",\"breadcrumb\":{\"@id\":\"https:\/\/www.hoodyhotel.com\/de\/angebote\/one-day-massage\/#breadcrumb\"},\"inLanguage\":\"de-DE\",\"potentialAction\":[{\"@type\":\"ReadAction\",\"target\":[\"https:\/\/www.hoodyhotel.com\/de\/angebote\/one-day-massage\/\"]}]},{\"@type\":\"BreadcrumbList\",\"@id\":\"https:\/\/www.hoodyhotel.com\/de\/angebote\/one-day-massage\/#breadcrumb\",\"itemListElement\":[{\"@type\":\"ListItem\",\"position\":1,\"name\":\"Home\",\"item\":\"https:\/\/www.hoodyhotel.com\/de\/\"},{\"@type\":\"ListItem\",\"position\":2,\"name\":\"Angebote\",\"item\":\"https:\/\/www.hoodyhotel.com\/de\/offerte\/\"},{\"@type\":\"ListItem\",\"position\":3,\"name\":\"ONE DAY MASSAGE\"}]},{\"@type\":\"WebSite\",\"@id\":\"https:\/\/www.hoodyhotel.com\/de\/#website\",\"url\":\"https:\/\/www.hoodyhotel.com\/de\/\",\"name\":\"Hoody Hotel\",\"description\":\"\",\"publisher\":{\"@id\":\"https:\/\/www.hoodyhotel.com\/de\/#organization\"},\"potentialAction\":[{\"@type\":\"SearchAction\",\"target\":{\"@type\":\"EntryPoint\",\"urlTemplate\":\"https:\/\/www.hoodyhotel.com\/de\/?s={search_term_string}\"},\"query-input\":\"required name=search_term_string\"}],\"inLanguage\":\"de-DE\"},{\"@type\":\"Organization\",\"@id\":\"https:\/\/www.hoodyhotel.com\/de\/#organization\",\"name\":\"Hoody Hotel\",\"url\":\"https:\/\/www.hoodyhotel.com\/de\/\",\"logo\":{\"@type\":\"ImageObject\",\"inLanguage\":\"de-DE\",\"@id\":\"https:\/\/www.hoodyhotel.com\/de\/#\/schema\/logo\/image\/\",\"url\":\"https:\/\/www.hoodyhotel.com\/wp-content\/uploads\/sites\/214\/2025\/02\/hoody.png\",\"contentUrl\":\"https:\/\/www.hoodyhotel.com\/wp-content\/uploads\/sites\/214\/2025\/02\/hoody.png\",\"width\":1358,\"height\":473,\"caption\":\"Hoody Hotel\"},\"image\":{\"@id\":\"https:\/\/www.hoodyhotel.com\/de\/#\/schema\/logo\/image\/\"},\"sameAs\":[\"https:\/\/www.facebook.com\/hoodyhotel\",\"https:\/\/www.instagram.com\/hoodyhotel\"]}]}<\/script>\n<!-- \/ Yoast SEO plugin. -->","yoast_head_json":{"title":"ONE DAY MASSAGE - Hoody Hotel -","description":"Entspannen Sie sich nach einem aktiven Tag in Ihrem Zimmer und g\u00f6nnen Sie sich eine entspannende Massage, wenn Sie ein Active- oder Dynamic-Zimmer gebucht haben.  Das Angebot Ein-Tages-Massage enth\u00e4lt:   Aufenthalt von mindestens 3 N\u00e4chten  zus\u00e4tzlich 8% Rabatt auf den besten Tarif  Fr\u00fchst\u00fccksbuffet  Wi-Fi inklusive  kostenloses Parken  flexible Stornierung .","robots":{"index":"index","follow":"follow","max-snippet":"max-snippet:-1","max-image-preview":"max-image-preview:large","max-video-preview":"max-video-preview:-1"},"canonical":"https:\/\/www.hoodyhotel.com\/de\/angebote\/one-day-massage\/","og_locale":"de_DE","og_type":"article","og_title":"ONE DAY MASSAGE - Hoody Hotel -","og_description":"Entspannen Sie sich nach einem aktiven Tag in Ihrem Zimmer und g\u00f6nnen Sie sich eine entspannende Massage, wenn Sie ein Active- oder Dynamic-Zimmer gebucht haben.  Das Angebot Ein-Tages-Massage enth\u00e4lt:   Aufenthalt von mindestens 3 N\u00e4chten  zus\u00e4tzlich 8% Rabatt auf den besten Tarif  Fr\u00fchst\u00fccksbuffet  Wi-Fi inklusive  kostenloses Parken  flexible Stornierung .","og_url":"https:\/\/www.hoodyhotel.com\/de\/angebote\/one-day-massage\/","og_site_name":"Hoody Hotel","article_publisher":"https:\/\/www.facebook.com\/hoodyhotel","article_modified_time":"2026-02-20T09:49:15+00:00","og_image":[{"width":1358,"height":473,"url":"https:\/\/www.hoodyhotel.com\/wp-content\/uploads\/sites\/214\/2025\/02\/hoody.png","type":"image\/png"}],"twitter_card":"summary_large_image","twitter_misc":{"Gesch\u00e4tzte Lesezeit":"1 Minute"},"schema":{"@context":"https:\/\/schema.org","@graph":[{"@type":"WebPage","@id":"https:\/\/www.hoodyhotel.com\/de\/angebote\/one-day-massage\/","url":"https:\/\/www.hoodyhotel.com\/de\/angebote\/one-day-massage\/","name":"ONE DAY MASSAGE - Hoody Hotel -","isPartOf":{"@id":"https:\/\/www.hoodyhotel.com\/de\/#website"},"datePublished":"2025-05-22T09:59:47+00:00","dateModified":"2026-02-20T09:49:15+00:00","description":"Entspannen Sie sich nach einem aktiven Tag in Ihrem Zimmer und g\u00f6nnen Sie sich eine entspannende Massage, wenn Sie ein Active- oder Dynamic-Zimmer gebucht haben. Das Angebot Ein-Tages-Massage enth\u00e4lt: \u2022 Aufenthalt von mindestens 3 N\u00e4chten \u2022 zus\u00e4tzlich 8% Rabatt auf den besten Tarif \u2022 Fr\u00fchst\u00fccksbuffet \u2022 Wi-Fi inklusive \u2022 kostenloses Parken \u2022 flexible Stornierung .","breadcrumb":{"@id":"https:\/\/www.hoodyhotel.com\/de\/angebote\/one-day-massage\/#breadcrumb"},"inLanguage":"de-DE","potentialAction":[{"@type":"ReadAction","target":["https:\/\/www.hoodyhotel.com\/de\/angebote\/one-day-massage\/"]}]},{"@type":"BreadcrumbList","@id":"https:\/\/www.hoodyhotel.com\/de\/angebote\/one-day-massage\/#breadcrumb","itemListElement":[{"@type":"ListItem","position":1,"name":"Home","item":"https:\/\/www.hoodyhotel.com\/de\/"},{"@type":"ListItem","position":2,"name":"Angebote","item":"https:\/\/www.hoodyhotel.com\/de\/offerte\/"},{"@type":"ListItem","position":3,"name":"ONE DAY MASSAGE"}]},{"@type":"WebSite","@id":"https:\/\/www.hoodyhotel.com\/de\/#website","url":"https:\/\/www.hoodyhotel.com\/de\/","name":"Hoody Hotel","description":"","publisher":{"@id":"https:\/\/www.hoodyhotel.com\/de\/#organization"},"potentialAction":[{"@type":"SearchAction","target":{"@type":"EntryPoint","urlTemplate":"https:\/\/www.hoodyhotel.com\/de\/?s={search_term_string}"},"query-input":"required name=search_term_string"}],"inLanguage":"de-DE"},{"@type":"Organization","@id":"https:\/\/www.hoodyhotel.com\/de\/#organization","name":"Hoody Hotel","url":"https:\/\/www.hoodyhotel.com\/de\/","logo":{"@type":"ImageObject","inLanguage":"de-DE","@id":"https:\/\/www.hoodyhotel.com\/de\/#\/schema\/logo\/image\/","url":"https:\/\/www.hoodyhotel.com\/wp-content\/uploads\/sites\/214\/2025\/02\/hoody.png","contentUrl":"https:\/\/www.hoodyhotel.com\/wp-content\/uploads\/sites\/214\/2025\/02\/hoody.png","width":1358,"height":473,"caption":"Hoody Hotel"},"image":{"@id":"https:\/\/www.hoodyhotel.com\/de\/#\/schema\/logo\/image\/"},"sameAs":["https:\/\/www.facebook.com\/hoodyhotel","https:\/\/www.instagram.com\/hoodyhotel"]}]}},"acf":[],"_links":{"self":[{"href":"https:\/\/www.hoodyhotel.com\/de\/wp-json\/wp\/v2\/pages\/519"}],"collection":[{"href":"https:\/\/www.hoodyhotel.com\/de\/wp-json\/wp\/v2\/pages"}],"about":[{"href":"https:\/\/www.hoodyhotel.com\/de\/wp-json\/wp\/v2\/types\/page"}],"author":[{"embeddable":true,"href":"https:\/\/www.hoodyhotel.com\/de\/wp-json\/wp\/v2\/users\/11"}],"replies":[{"embeddable":true,"href":"https:\/\/www.hoodyhotel.com\/de\/wp-json\/wp\/v2\/comments?post=519"}],"version-history":[{"count":0,"href":"https:\/\/www.hoodyhotel.com\/de\/wp-json\/wp\/v2\/pages\/519\/revisions"}],"up":[{"embeddable":true,"href":"https:\/\/www.hoodyhotel.com\/de\/wp-json\/wp\/v2\/pages\/60"}],"wp:attachment":[{"href":"https:\/\/www.hoodyhotel.com\/de\/wp-json\/wp\/v2\/media?parent=519"}],"curies":[{"name":"wp","href":"https:\/\/api.w.org\/{rel}","templated":true}]}}