{"id":60,"date":"2025-02-11T08:12:53","date_gmt":"2025-02-11T08:12:53","guid":{"rendered":"https:\/\/hoody-hotel.ms2.decms.eu\/offerte\/"},"modified":"2025-03-04T13:17:17","modified_gmt":"2025-03-04T13:17:17","slug":"angebote","status":"publish","type":"page","link":"https:\/\/www.hoodyhotel.com\/de\/angebote\/","title":{"rendered":"Angebote"},"content":{"rendered":"<p style=\"text-align: center;\"><span style=\"font-weight: 400;\">Ein Urlaub am See ist jedes Mal ein au\u00dfergew\u00f6hnliches Erlebnis.<br \/>\nHOODY kann Ihnen viele Vorschl\u00e4ge und Angebote machen, um Ihren Aufenthalt am Nordufer des Gardasees noch interessanter zu gestalten.<br \/>\nEntdecken Sie unsere Angebote.<\/span><\/p>\n","protected":false},"excerpt":{"rendered":"<p>Ein Urlaub am See ist jedes Mal ein au\u00dfergew\u00f6hnliches Erlebnis. HOODY kann Ihnen viele Vorschl\u00e4ge und Angebote machen, um Ihren Aufenthalt am Nordufer des Gardasees noch interessanter zu gestalten. Entdecken Sie unsere Angebote.<\/p>\n","protected":false},"author":11,"featured_media":0,"parent":0,"menu_order":60,"comment_status":"closed","ping_status":"closed","template":"template-offers.php","meta":{"footnotes":""},"class_list":["post-60","page","type-page","status-publish","hentry"],"yoast_head":"<!-- This site is optimized with the Yoast SEO plugin v27.3 - https:\/\/yoast.com\/product\/yoast-seo-wordpress\/ -->\n<title>Urlaubspakete - Hoody Active &amp; Happiness Hotel<\/title>\n<meta name=\"description\" content=\"Entdecken Sie exklusive Angebote und Pakete f\u00fcr Ihren Urlaub in Hoody, Arco ist der perfekte Rahmen f\u00fcr Ihren Wunsch nach Bewegung\" \/>\n<meta name=\"robots\" content=\"index, follow, max-snippet:-1, max-image-preview:large, max-video-preview:-1\" \/>\n<link rel=\"canonical\" href=\"https:\/\/www.hoodyhotel.com\/de\/angebote\/\" \/>\n<meta property=\"og:locale\" content=\"de_DE\" \/>\n<meta property=\"og:type\" content=\"article\" \/>\n<meta property=\"og:title\" content=\"Urlaubspakete - Hoody Active &amp; Happiness Hotel\" \/>\n<meta property=\"og:description\" content=\"Entdecken Sie exklusive Angebote und Pakete f\u00fcr Ihren Urlaub in Hoody, Arco ist der perfekte Rahmen f\u00fcr Ihren Wunsch nach Bewegung\" \/>\n<meta property=\"og:url\" content=\"https:\/\/www.hoodyhotel.com\/de\/angebote\/\" \/>\n<meta property=\"og:site_name\" content=\"Hoody Hotel\" \/>\n<meta property=\"article:publisher\" content=\"https:\/\/www.facebook.com\/hoodyhotel\" \/>\n<meta property=\"article:modified_time\" content=\"2025-03-04T13:17:17+00:00\" \/>\n<meta property=\"og:image\" content=\"https:\/\/www.hoodyhotel.com\/wp-content\/uploads\/sites\/214\/2025\/02\/hoody.png\" \/>\n\t<meta property=\"og:image:width\" content=\"1358\" \/>\n\t<meta property=\"og:image:height\" content=\"473\" \/>\n\t<meta property=\"og:image:type\" content=\"image\/png\" \/>\n<meta name=\"twitter:card\" content=\"summary_large_image\" \/>\n<meta name=\"twitter:label1\" content=\"Gesch\u00e4tzte Lesezeit\" \/>\n\t<meta name=\"twitter:data1\" content=\"1 Minute\" \/>\n<script type=\"application\/ld+json\" class=\"yoast-schema-graph\">{\"@context\":\"https:\\\/\\\/schema.org\",\"@graph\":[{\"@type\":\"WebPage\",\"@id\":\"https:\\\/\\\/www.hoodyhotel.com\\\/de\\\/angebote\\\/\",\"url\":\"https:\\\/\\\/www.hoodyhotel.com\\\/de\\\/angebote\\\/\",\"name\":\"Urlaubspakete - Hoody Active & Happiness Hotel\",\"isPartOf\":{\"@id\":\"https:\\\/\\\/www.hoodyhotel.com\\\/de\\\/#website\"},\"datePublished\":\"2025-02-11T08:12:53+00:00\",\"dateModified\":\"2025-03-04T13:17:17+00:00\",\"description\":\"Entdecken Sie exklusive Angebote und Pakete f\u00fcr Ihren Urlaub in Hoody, Arco ist der perfekte Rahmen f\u00fcr Ihren Wunsch nach Bewegung\",\"breadcrumb\":{\"@id\":\"https:\\\/\\\/www.hoodyhotel.com\\\/de\\\/angebote\\\/#breadcrumb\"},\"inLanguage\":\"de-DE\",\"potentialAction\":[{\"@type\":\"ReadAction\",\"target\":[\"https:\\\/\\\/www.hoodyhotel.com\\\/de\\\/angebote\\\/\"]}]},{\"@type\":\"BreadcrumbList\",\"@id\":\"https:\\\/\\\/www.hoodyhotel.com\\\/de\\\/angebote\\\/#breadcrumb\",\"itemListElement\":[{\"@type\":\"ListItem\",\"position\":1,\"name\":\"Home\",\"item\":\"https:\\\/\\\/www.hoodyhotel.com\\\/de\\\/\"},{\"@type\":\"ListItem\",\"position\":2,\"name\":\"Angebote\"}]},{\"@type\":\"WebSite\",\"@id\":\"https:\\\/\\\/www.hoodyhotel.com\\\/de\\\/#website\",\"url\":\"https:\\\/\\\/www.hoodyhotel.com\\\/de\\\/\",\"name\":\"Hoody Hotel\",\"description\":\"\",\"publisher\":{\"@id\":\"https:\\\/\\\/www.hoodyhotel.com\\\/de\\\/#organization\"},\"potentialAction\":[{\"@type\":\"SearchAction\",\"target\":{\"@type\":\"EntryPoint\",\"urlTemplate\":\"https:\\\/\\\/www.hoodyhotel.com\\\/de\\\/?s={search_term_string}\"},\"query-input\":{\"@type\":\"PropertyValueSpecification\",\"valueRequired\":true,\"valueName\":\"search_term_string\"}}],\"inLanguage\":\"de-DE\"},{\"@type\":\"Organization\",\"@id\":\"https:\\\/\\\/www.hoodyhotel.com\\\/de\\\/#organization\",\"name\":\"Hoody Hotel\",\"url\":\"https:\\\/\\\/www.hoodyhotel.com\\\/de\\\/\",\"logo\":{\"@type\":\"ImageObject\",\"inLanguage\":\"de-DE\",\"@id\":\"https:\\\/\\\/www.hoodyhotel.com\\\/de\\\/#\\\/schema\\\/logo\\\/image\\\/\",\"url\":\"https:\\\/\\\/www.hoodyhotel.com\\\/wp-content\\\/uploads\\\/sites\\\/214\\\/2025\\\/02\\\/hoody.png\",\"contentUrl\":\"https:\\\/\\\/www.hoodyhotel.com\\\/wp-content\\\/uploads\\\/sites\\\/214\\\/2025\\\/02\\\/hoody.png\",\"width\":1358,\"height\":473,\"caption\":\"Hoody Hotel\"},\"image\":{\"@id\":\"https:\\\/\\\/www.hoodyhotel.com\\\/de\\\/#\\\/schema\\\/logo\\\/image\\\/\"},\"sameAs\":[\"https:\\\/\\\/www.facebook.com\\\/hoodyhotel\",\"https:\\\/\\\/www.instagram.com\\\/hoodyhotel\"]}]}<\/script>\n<!-- \/ Yoast SEO plugin. -->","yoast_head_json":{"title":"Urlaubspakete - Hoody Active & Happiness Hotel","description":"Entdecken Sie exklusive Angebote und Pakete f\u00fcr Ihren Urlaub in Hoody, Arco ist der perfekte Rahmen f\u00fcr Ihren Wunsch nach Bewegung","robots":{"index":"index","follow":"follow","max-snippet":"max-snippet:-1","max-image-preview":"max-image-preview:large","max-video-preview":"max-video-preview:-1"},"canonical":"https:\/\/www.hoodyhotel.com\/de\/angebote\/","og_locale":"de_DE","og_type":"article","og_title":"Urlaubspakete - Hoody Active & Happiness Hotel","og_description":"Entdecken Sie exklusive Angebote und Pakete f\u00fcr Ihren Urlaub in Hoody, Arco ist der perfekte Rahmen f\u00fcr Ihren Wunsch nach Bewegung","og_url":"https:\/\/www.hoodyhotel.com\/de\/angebote\/","og_site_name":"Hoody Hotel","article_publisher":"https:\/\/www.facebook.com\/hoodyhotel","article_modified_time":"2025-03-04T13:17:17+00:00","og_image":[{"width":1358,"height":473,"url":"https:\/\/www.hoodyhotel.com\/wp-content\/uploads\/sites\/214\/2025\/02\/hoody.png","type":"image\/png"}],"twitter_card":"summary_large_image","twitter_misc":{"Gesch\u00e4tzte Lesezeit":"1 Minute"},"schema":{"@context":"https:\/\/schema.org","@graph":[{"@type":"WebPage","@id":"https:\/\/www.hoodyhotel.com\/de\/angebote\/","url":"https:\/\/www.hoodyhotel.com\/de\/angebote\/","name":"Urlaubspakete - Hoody Active & Happiness Hotel","isPartOf":{"@id":"https:\/\/www.hoodyhotel.com\/de\/#website"},"datePublished":"2025-02-11T08:12:53+00:00","dateModified":"2025-03-04T13:17:17+00:00","description":"Entdecken Sie exklusive Angebote und Pakete f\u00fcr Ihren Urlaub in Hoody, Arco ist der perfekte Rahmen f\u00fcr Ihren Wunsch nach Bewegung","breadcrumb":{"@id":"https:\/\/www.hoodyhotel.com\/de\/angebote\/#breadcrumb"},"inLanguage":"de-DE","potentialAction":[{"@type":"ReadAction","target":["https:\/\/www.hoodyhotel.com\/de\/angebote\/"]}]},{"@type":"BreadcrumbList","@id":"https:\/\/www.hoodyhotel.com\/de\/angebote\/#breadcrumb","itemListElement":[{"@type":"ListItem","position":1,"name":"Home","item":"https:\/\/www.hoodyhotel.com\/de\/"},{"@type":"ListItem","position":2,"name":"Angebote"}]},{"@type":"WebSite","@id":"https:\/\/www.hoodyhotel.com\/de\/#website","url":"https:\/\/www.hoodyhotel.com\/de\/","name":"Hoody Hotel","description":"","publisher":{"@id":"https:\/\/www.hoodyhotel.com\/de\/#organization"},"potentialAction":[{"@type":"SearchAction","target":{"@type":"EntryPoint","urlTemplate":"https:\/\/www.hoodyhotel.com\/de\/?s={search_term_string}"},"query-input":{"@type":"PropertyValueSpecification","valueRequired":true,"valueName":"search_term_string"}}],"inLanguage":"de-DE"},{"@type":"Organization","@id":"https:\/\/www.hoodyhotel.com\/de\/#organization","name":"Hoody Hotel","url":"https:\/\/www.hoodyhotel.com\/de\/","logo":{"@type":"ImageObject","inLanguage":"de-DE","@id":"https:\/\/www.hoodyhotel.com\/de\/#\/schema\/logo\/image\/","url":"https:\/\/www.hoodyhotel.com\/wp-content\/uploads\/sites\/214\/2025\/02\/hoody.png","contentUrl":"https:\/\/www.hoodyhotel.com\/wp-content\/uploads\/sites\/214\/2025\/02\/hoody.png","width":1358,"height":473,"caption":"Hoody Hotel"},"image":{"@id":"https:\/\/www.hoodyhotel.com\/de\/#\/schema\/logo\/image\/"},"sameAs":["https:\/\/www.facebook.com\/hoodyhotel","https:\/\/www.instagram.com\/hoodyhotel"]}]}},"acf":[],"_links":{"self":[{"href":"https:\/\/www.hoodyhotel.com\/de\/wp-json\/wp\/v2\/pages\/60","targetHints":{"allow":["GET"]}}],"collection":[{"href":"https:\/\/www.hoodyhotel.com\/de\/wp-json\/wp\/v2\/pages"}],"about":[{"href":"https:\/\/www.hoodyhotel.com\/de\/wp-json\/wp\/v2\/types\/page"}],"author":[{"embeddable":true,"href":"https:\/\/www.hoodyhotel.com\/de\/wp-json\/wp\/v2\/users\/11"}],"replies":[{"embeddable":true,"href":"https:\/\/www.hoodyhotel.com\/de\/wp-json\/wp\/v2\/comments?post=60"}],"version-history":[{"count":0,"href":"https:\/\/www.hoodyhotel.com\/de\/wp-json\/wp\/v2\/pages\/60\/revisions"}],"wp:attachment":[{"href":"https:\/\/www.hoodyhotel.com\/de\/wp-json\/wp\/v2\/media?parent=60"}],"curies":[{"name":"wp","href":"https:\/\/api.w.org\/{rel}","templated":true}]}}