{"id":63,"date":"2025-02-11T08:13:21","date_gmt":"2025-02-11T08:13:21","guid":{"rendered":"https:\/\/hoody-hotel.ms2.decms.eu\/vacanza-in-motocicletta\/"},"modified":"2025-02-27T14:12:35","modified_gmt":"2025-02-27T14:12:35","slug":"motorrad-urlaub","status":"publish","type":"page","link":"https:\/\/www.hoodyhotel.com\/de\/motorrad-urlaub\/","title":{"rendered":"Motorrad-Urlaub"},"content":{"rendered":"<p><strong>Reiserouten &amp; touren<\/strong><\/p>\n<p><span style=\"font-weight: 400;\">Garda Trentino ist einer der beliebtesten Orte f\u00fcr Motorradfahrer aus der ganzen Welt: kein Meer, sondern ein \u201eSee\u201c von Kurven, die auf atemberaubenden Strecken vom Gardasee in die umliegenden T\u00e4ler f\u00fchren.<br \/>\nIn der Tat gibt es viele Routen, die Sie rund um Hoody finden k\u00f6nnen: Sie k\u00f6nnen entlang des bekannten Gardasees fahren, vorbei an den Ufern von Brescia und Verona, aber auch echte \u201ePerlen\u201c wie den Ledrosee oder den Tennosee entdecken.<br \/>\nOder tauchen Sie ein in die Weinberge des Sarcatals oder erleben Sie die magischen Farben des Valle dei Laghi.<\/span><\/p>\n<p><span style=\"font-weight: 400;\">Unsere Region ist der perfekte Ort, um Natur, Geschichte und Kultur zu erleben!<\/span><\/p>\n","protected":false},"excerpt":{"rendered":"<p>Reiserouten &amp; touren Garda Trentino ist einer der beliebtesten Orte f\u00fcr Motorradfahrer aus der ganzen Welt: kein Meer, sondern ein \u201eSee\u201c von Kurven, die auf atemberaubenden Strecken vom Gardasee in die umliegenden T\u00e4ler f\u00fchren. In der Tat gibt es viele Routen, die Sie rund um Hoody finden k\u00f6nnen: Sie k\u00f6nnen entlang des bekannten Gardasees fahren, [&hellip;]<\/p>\n","protected":false},"author":11,"featured_media":0,"parent":0,"menu_order":70,"comment_status":"closed","ping_status":"closed","template":"","meta":{"footnotes":""},"yoast_head":"<!-- This site is optimized with the Yoast SEO plugin v22.3 - https:\/\/yoast.com\/wordpress\/plugins\/seo\/ -->\n<title>Motorrad Urlaub - Hoody Active &amp; Happiness Hotel<\/title>\n<meta name=\"description\" content=\"Arco ist einer der beliebtesten Orte f\u00fcr Motorradfahrer auf der ganzen Welt: kein Meer, sondern ein \u201eSee\u201c von Kurven, der auf Hoody beginnt.\" \/>\n<meta name=\"robots\" content=\"index, follow, max-snippet:-1, max-image-preview:large, max-video-preview:-1\" \/>\n<link rel=\"canonical\" href=\"https:\/\/www.hoodyhotel.com\/de\/motorrad-urlaub\/\" \/>\n<meta property=\"og:locale\" content=\"de_DE\" \/>\n<meta property=\"og:type\" content=\"article\" \/>\n<meta property=\"og:title\" content=\"Motorrad Urlaub - Hoody Active &amp; Happiness Hotel\" \/>\n<meta property=\"og:description\" content=\"Arco ist einer der beliebtesten Orte f\u00fcr Motorradfahrer auf der ganzen Welt: kein Meer, sondern ein \u201eSee\u201c von Kurven, der auf Hoody beginnt.\" \/>\n<meta property=\"og:url\" content=\"https:\/\/www.hoodyhotel.com\/de\/motorrad-urlaub\/\" \/>\n<meta property=\"og:site_name\" content=\"Hoody Hotel\" \/>\n<meta property=\"article:publisher\" content=\"https:\/\/www.facebook.com\/hoodyhotel\" \/>\n<meta property=\"article:modified_time\" content=\"2025-02-27T14:12:35+00:00\" \/>\n<meta property=\"og:image\" content=\"https:\/\/www.hoodyhotel.com\/wp-content\/uploads\/sites\/214\/2025\/02\/hoody.png\" \/>\n\t<meta property=\"og:image:width\" content=\"1358\" \/>\n\t<meta property=\"og:image:height\" content=\"473\" \/>\n\t<meta property=\"og:image:type\" content=\"image\/png\" \/>\n<meta name=\"twitter:card\" content=\"summary_large_image\" \/>\n<meta name=\"twitter:label1\" content=\"Gesch\u00e4tzte Lesezeit\" \/>\n\t<meta name=\"twitter:data1\" content=\"1 Minute\" \/>\n<script type=\"application\/ld+json\" class=\"yoast-schema-graph\">{\"@context\":\"https:\/\/schema.org\",\"@graph\":[{\"@type\":\"WebPage\",\"@id\":\"https:\/\/www.hoodyhotel.com\/de\/motorrad-urlaub\/\",\"url\":\"https:\/\/www.hoodyhotel.com\/de\/motorrad-urlaub\/\",\"name\":\"Motorrad Urlaub - Hoody Active & Happiness Hotel\",\"isPartOf\":{\"@id\":\"https:\/\/www.hoodyhotel.com\/de\/#website\"},\"datePublished\":\"2025-02-11T08:13:21+00:00\",\"dateModified\":\"2025-02-27T14:12:35+00:00\",\"description\":\"Arco ist einer der beliebtesten Orte f\u00fcr Motorradfahrer auf der ganzen Welt: kein Meer, sondern ein \u201eSee\u201c von Kurven, der auf Hoody beginnt.\",\"breadcrumb\":{\"@id\":\"https:\/\/www.hoodyhotel.com\/de\/motorrad-urlaub\/#breadcrumb\"},\"inLanguage\":\"de-DE\",\"potentialAction\":[{\"@type\":\"ReadAction\",\"target\":[\"https:\/\/www.hoodyhotel.com\/de\/motorrad-urlaub\/\"]}]},{\"@type\":\"BreadcrumbList\",\"@id\":\"https:\/\/www.hoodyhotel.com\/de\/motorrad-urlaub\/#breadcrumb\",\"itemListElement\":[{\"@type\":\"ListItem\",\"position\":1,\"name\":\"Home\",\"item\":\"https:\/\/www.hoodyhotel.com\/de\/\"},{\"@type\":\"ListItem\",\"position\":2,\"name\":\"Motorrad-Urlaub\"}]},{\"@type\":\"WebSite\",\"@id\":\"https:\/\/www.hoodyhotel.com\/de\/#website\",\"url\":\"https:\/\/www.hoodyhotel.com\/de\/\",\"name\":\"Hoody Hotel\",\"description\":\"\",\"publisher\":{\"@id\":\"https:\/\/www.hoodyhotel.com\/de\/#organization\"},\"potentialAction\":[{\"@type\":\"SearchAction\",\"target\":{\"@type\":\"EntryPoint\",\"urlTemplate\":\"https:\/\/www.hoodyhotel.com\/de\/?s={search_term_string}\"},\"query-input\":\"required name=search_term_string\"}],\"inLanguage\":\"de-DE\"},{\"@type\":\"Organization\",\"@id\":\"https:\/\/www.hoodyhotel.com\/de\/#organization\",\"name\":\"Hoody Hotel\",\"url\":\"https:\/\/www.hoodyhotel.com\/de\/\",\"logo\":{\"@type\":\"ImageObject\",\"inLanguage\":\"de-DE\",\"@id\":\"https:\/\/www.hoodyhotel.com\/de\/#\/schema\/logo\/image\/\",\"url\":\"https:\/\/www.hoodyhotel.com\/wp-content\/uploads\/sites\/214\/2025\/02\/hoody.png\",\"contentUrl\":\"https:\/\/www.hoodyhotel.com\/wp-content\/uploads\/sites\/214\/2025\/02\/hoody.png\",\"width\":1358,\"height\":473,\"caption\":\"Hoody Hotel\"},\"image\":{\"@id\":\"https:\/\/www.hoodyhotel.com\/de\/#\/schema\/logo\/image\/\"},\"sameAs\":[\"https:\/\/www.facebook.com\/hoodyhotel\",\"https:\/\/www.instagram.com\/hoodyhotel\"]}]}<\/script>\n<!-- \/ Yoast SEO plugin. -->","yoast_head_json":{"title":"Motorrad Urlaub - Hoody Active & Happiness Hotel","description":"Arco ist einer der beliebtesten Orte f\u00fcr Motorradfahrer auf der ganzen Welt: kein Meer, sondern ein \u201eSee\u201c von Kurven, der auf Hoody beginnt.","robots":{"index":"index","follow":"follow","max-snippet":"max-snippet:-1","max-image-preview":"max-image-preview:large","max-video-preview":"max-video-preview:-1"},"canonical":"https:\/\/www.hoodyhotel.com\/de\/motorrad-urlaub\/","og_locale":"de_DE","og_type":"article","og_title":"Motorrad Urlaub - Hoody Active & Happiness Hotel","og_description":"Arco ist einer der beliebtesten Orte f\u00fcr Motorradfahrer auf der ganzen Welt: kein Meer, sondern ein \u201eSee\u201c von Kurven, der auf Hoody beginnt.","og_url":"https:\/\/www.hoodyhotel.com\/de\/motorrad-urlaub\/","og_site_name":"Hoody Hotel","article_publisher":"https:\/\/www.facebook.com\/hoodyhotel","article_modified_time":"2025-02-27T14:12:35+00:00","og_image":[{"width":1358,"height":473,"url":"https:\/\/www.hoodyhotel.com\/wp-content\/uploads\/sites\/214\/2025\/02\/hoody.png","type":"image\/png"}],"twitter_card":"summary_large_image","twitter_misc":{"Gesch\u00e4tzte Lesezeit":"1 Minute"},"schema":{"@context":"https:\/\/schema.org","@graph":[{"@type":"WebPage","@id":"https:\/\/www.hoodyhotel.com\/de\/motorrad-urlaub\/","url":"https:\/\/www.hoodyhotel.com\/de\/motorrad-urlaub\/","name":"Motorrad Urlaub - Hoody Active & Happiness Hotel","isPartOf":{"@id":"https:\/\/www.hoodyhotel.com\/de\/#website"},"datePublished":"2025-02-11T08:13:21+00:00","dateModified":"2025-02-27T14:12:35+00:00","description":"Arco ist einer der beliebtesten Orte f\u00fcr Motorradfahrer auf der ganzen Welt: kein Meer, sondern ein \u201eSee\u201c von Kurven, der auf Hoody beginnt.","breadcrumb":{"@id":"https:\/\/www.hoodyhotel.com\/de\/motorrad-urlaub\/#breadcrumb"},"inLanguage":"de-DE","potentialAction":[{"@type":"ReadAction","target":["https:\/\/www.hoodyhotel.com\/de\/motorrad-urlaub\/"]}]},{"@type":"BreadcrumbList","@id":"https:\/\/www.hoodyhotel.com\/de\/motorrad-urlaub\/#breadcrumb","itemListElement":[{"@type":"ListItem","position":1,"name":"Home","item":"https:\/\/www.hoodyhotel.com\/de\/"},{"@type":"ListItem","position":2,"name":"Motorrad-Urlaub"}]},{"@type":"WebSite","@id":"https:\/\/www.hoodyhotel.com\/de\/#website","url":"https:\/\/www.hoodyhotel.com\/de\/","name":"Hoody Hotel","description":"","publisher":{"@id":"https:\/\/www.hoodyhotel.com\/de\/#organization"},"potentialAction":[{"@type":"SearchAction","target":{"@type":"EntryPoint","urlTemplate":"https:\/\/www.hoodyhotel.com\/de\/?s={search_term_string}"},"query-input":"required name=search_term_string"}],"inLanguage":"de-DE"},{"@type":"Organization","@id":"https:\/\/www.hoodyhotel.com\/de\/#organization","name":"Hoody Hotel","url":"https:\/\/www.hoodyhotel.com\/de\/","logo":{"@type":"ImageObject","inLanguage":"de-DE","@id":"https:\/\/www.hoodyhotel.com\/de\/#\/schema\/logo\/image\/","url":"https:\/\/www.hoodyhotel.com\/wp-content\/uploads\/sites\/214\/2025\/02\/hoody.png","contentUrl":"https:\/\/www.hoodyhotel.com\/wp-content\/uploads\/sites\/214\/2025\/02\/hoody.png","width":1358,"height":473,"caption":"Hoody Hotel"},"image":{"@id":"https:\/\/www.hoodyhotel.com\/de\/#\/schema\/logo\/image\/"},"sameAs":["https:\/\/www.facebook.com\/hoodyhotel","https:\/\/www.instagram.com\/hoodyhotel"]}]}},"acf":[],"_links":{"self":[{"href":"https:\/\/www.hoodyhotel.com\/de\/wp-json\/wp\/v2\/pages\/63"}],"collection":[{"href":"https:\/\/www.hoodyhotel.com\/de\/wp-json\/wp\/v2\/pages"}],"about":[{"href":"https:\/\/www.hoodyhotel.com\/de\/wp-json\/wp\/v2\/types\/page"}],"author":[{"embeddable":true,"href":"https:\/\/www.hoodyhotel.com\/de\/wp-json\/wp\/v2\/users\/11"}],"replies":[{"embeddable":true,"href":"https:\/\/www.hoodyhotel.com\/de\/wp-json\/wp\/v2\/comments?post=63"}],"version-history":[{"count":0,"href":"https:\/\/www.hoodyhotel.com\/de\/wp-json\/wp\/v2\/pages\/63\/revisions"}],"wp:attachment":[{"href":"https:\/\/www.hoodyhotel.com\/de\/wp-json\/wp\/v2\/media?parent=63"}],"curies":[{"name":"wp","href":"https:\/\/api.w.org\/{rel}","templated":true}]}}