{"id":69,"date":"2025-02-11T08:14:26","date_gmt":"2025-02-11T08:14:26","guid":{"rendered":"https:\/\/hoody-hotel.ms2.decms.eu\/gold-member\/"},"modified":"2025-07-22T14:51:25","modified_gmt":"2025-07-22T14:51:25","slug":"gold-member","status":"publish","type":"page","link":"https:\/\/www.hoodyhotel.com\/de\/gold-member\/","title":{"rendered":"Gold Member"},"content":{"rendered":"<p>Nicht jeder wei\u00df, dass das Y in Hoody f\u00fcr eine Medaille steht, deine Medaille!<br \/>\nWir haben beschlossen, uns bei all jenen zu bedanken, die Hoody immer ihr Vertrauen geschenkt haben, indem wir sie auf eine ganz besondere Weise belohnen! \ud83c\udfc5<\/p>\n<p>Am Ende Ihres zweiten Aufenthalts erhalten Sie die Goldmitgliedschaftsmedaille und damit Zugang zu exklusiven Vorteilen.<\/p>\n<p><strong>Ihre Vorteile:<\/strong><\/p>\n<p><span style=\"font-weight: 400\">Um Goldmitglied zu werden, m\u00fcssen Sie nur mindestens zweimal bei Hoody \u00fcbernachten, auch in verschiedenen Jahren. Sobald Sie Ihren zweiten Aufenthalt beendet haben, erhalten Sie eine pers\u00f6nliche Rabattcode, den Sie bei der Buchung auf unserer Website verwenden k\u00f6nnen.\u00a0<\/span><\/p>\n<p><span style=\"font-weight: 400\">Sie werden dann unsere Vorteile nutzen, die da w\u00e4ren:<\/span><\/p>\n<ul>\n<li style=\"font-weight: 400\"><span style=\"font-weight: 400\">15% Rabatt auf alle Online-Angebote und -Tarife*<\/span><\/li>\n<li style=\"font-weight: 400\"><span style=\"font-weight: 400\">\u00dcberraschung in Ihrem Zimmer<\/span><\/li>\n<li style=\"font-weight: 400\"><span style=\"font-weight: 400\">Wenn Sie an Ihrem Geburtstag bleiben, werden wir mit einem besonderen Geschenk feiern!\u00a0<\/span><\/li>\n<\/ul>\n<p><span style=\"font-weight: 400\">*Rabatt kann nicht mit anderen Angeboten kumuliert werden<\/span><\/p>\n<p><strong>Worauf warten Sie noch? Treten Sie jetzt in unsere Ruhmeshalle ein!<\/strong><\/p>\n<p><span style=\"font-weight: 400\">Sind Sie schon einmal geblieben?<br \/>\nDann buchen Sie jetzt Ihren n\u00e4chsten Urlaub und werden Sie sofort Goldmitglied!<\/span><\/p>\n","protected":false},"excerpt":{"rendered":"<p>Nicht jeder wei\u00df, dass das Y in Hoody f\u00fcr eine Medaille steht, deine Medaille! Wir haben beschlossen, uns bei all jenen zu bedanken, die Hoody immer ihr Vertrauen geschenkt haben, indem wir sie auf eine ganz besondere Weise belohnen! \ud83c\udfc5 Am Ende Ihres zweiten Aufenthalts erhalten Sie die Goldmitgliedschaftsmedaille und damit Zugang zu exklusiven Vorteilen. [&hellip;]<\/p>\n","protected":false},"author":11,"featured_media":0,"parent":0,"menu_order":90,"comment_status":"closed","ping_status":"closed","template":"","meta":{"footnotes":""},"class_list":["post-69","page","type-page","status-publish","hentry"],"yoast_head":"<!-- This site is optimized with the Yoast SEO plugin v27.3 - https:\/\/yoast.com\/product\/yoast-seo-wordpress\/ -->\n<title>Gold Member - Hoody Active &amp; Happiness Hotel<\/title>\n<meta name=\"description\" content=\"Um Gold Member zu werden, m\u00fcssen Sie nur mindestens zweimal bei Hoody \u00fcbernachten, auch in verschiedenen Jahren.\" \/>\n<meta name=\"robots\" content=\"index, follow, max-snippet:-1, max-image-preview:large, max-video-preview:-1\" \/>\n<link rel=\"canonical\" href=\"https:\/\/www.hoodyhotel.com\/de\/gold-member\/\" \/>\n<meta property=\"og:locale\" content=\"de_DE\" \/>\n<meta property=\"og:type\" content=\"article\" \/>\n<meta property=\"og:title\" content=\"Gold Member - Hoody Active &amp; Happiness Hotel\" \/>\n<meta property=\"og:description\" content=\"Um Gold Member zu werden, m\u00fcssen Sie nur mindestens zweimal bei Hoody \u00fcbernachten, auch in verschiedenen Jahren.\" \/>\n<meta property=\"og:url\" content=\"https:\/\/www.hoodyhotel.com\/de\/gold-member\/\" \/>\n<meta property=\"og:site_name\" content=\"Hoody Hotel\" \/>\n<meta property=\"article:publisher\" content=\"https:\/\/www.facebook.com\/hoodyhotel\" \/>\n<meta property=\"article:modified_time\" content=\"2025-07-22T14:51:25+00:00\" \/>\n<meta property=\"og:image\" content=\"https:\/\/www.hoodyhotel.com\/wp-content\/uploads\/sites\/214\/2025\/02\/hoody.png\" \/>\n\t<meta property=\"og:image:width\" content=\"1358\" \/>\n\t<meta property=\"og:image:height\" content=\"473\" \/>\n\t<meta property=\"og:image:type\" content=\"image\/png\" \/>\n<meta name=\"twitter:card\" content=\"summary_large_image\" \/>\n<meta name=\"twitter:label1\" content=\"Gesch\u00e4tzte Lesezeit\" \/>\n\t<meta name=\"twitter:data1\" content=\"1 Minute\" \/>\n<script type=\"application\/ld+json\" class=\"yoast-schema-graph\">{\"@context\":\"https:\\\/\\\/schema.org\",\"@graph\":[{\"@type\":\"WebPage\",\"@id\":\"https:\\\/\\\/www.hoodyhotel.com\\\/de\\\/gold-member\\\/\",\"url\":\"https:\\\/\\\/www.hoodyhotel.com\\\/de\\\/gold-member\\\/\",\"name\":\"Gold Member - Hoody Active & Happiness Hotel\",\"isPartOf\":{\"@id\":\"https:\\\/\\\/www.hoodyhotel.com\\\/de\\\/#website\"},\"datePublished\":\"2025-02-11T08:14:26+00:00\",\"dateModified\":\"2025-07-22T14:51:25+00:00\",\"description\":\"Um Gold Member zu werden, m\u00fcssen Sie nur mindestens zweimal bei Hoody \u00fcbernachten, auch in verschiedenen Jahren.\",\"breadcrumb\":{\"@id\":\"https:\\\/\\\/www.hoodyhotel.com\\\/de\\\/gold-member\\\/#breadcrumb\"},\"inLanguage\":\"de-DE\",\"potentialAction\":[{\"@type\":\"ReadAction\",\"target\":[\"https:\\\/\\\/www.hoodyhotel.com\\\/de\\\/gold-member\\\/\"]}]},{\"@type\":\"BreadcrumbList\",\"@id\":\"https:\\\/\\\/www.hoodyhotel.com\\\/de\\\/gold-member\\\/#breadcrumb\",\"itemListElement\":[{\"@type\":\"ListItem\",\"position\":1,\"name\":\"Home\",\"item\":\"https:\\\/\\\/www.hoodyhotel.com\\\/de\\\/\"},{\"@type\":\"ListItem\",\"position\":2,\"name\":\"Gold Member\"}]},{\"@type\":\"WebSite\",\"@id\":\"https:\\\/\\\/www.hoodyhotel.com\\\/de\\\/#website\",\"url\":\"https:\\\/\\\/www.hoodyhotel.com\\\/de\\\/\",\"name\":\"Hoody Hotel\",\"description\":\"\",\"publisher\":{\"@id\":\"https:\\\/\\\/www.hoodyhotel.com\\\/de\\\/#organization\"},\"potentialAction\":[{\"@type\":\"SearchAction\",\"target\":{\"@type\":\"EntryPoint\",\"urlTemplate\":\"https:\\\/\\\/www.hoodyhotel.com\\\/de\\\/?s={search_term_string}\"},\"query-input\":{\"@type\":\"PropertyValueSpecification\",\"valueRequired\":true,\"valueName\":\"search_term_string\"}}],\"inLanguage\":\"de-DE\"},{\"@type\":\"Organization\",\"@id\":\"https:\\\/\\\/www.hoodyhotel.com\\\/de\\\/#organization\",\"name\":\"Hoody Hotel\",\"url\":\"https:\\\/\\\/www.hoodyhotel.com\\\/de\\\/\",\"logo\":{\"@type\":\"ImageObject\",\"inLanguage\":\"de-DE\",\"@id\":\"https:\\\/\\\/www.hoodyhotel.com\\\/de\\\/#\\\/schema\\\/logo\\\/image\\\/\",\"url\":\"https:\\\/\\\/www.hoodyhotel.com\\\/wp-content\\\/uploads\\\/sites\\\/214\\\/2025\\\/02\\\/hoody.png\",\"contentUrl\":\"https:\\\/\\\/www.hoodyhotel.com\\\/wp-content\\\/uploads\\\/sites\\\/214\\\/2025\\\/02\\\/hoody.png\",\"width\":1358,\"height\":473,\"caption\":\"Hoody Hotel\"},\"image\":{\"@id\":\"https:\\\/\\\/www.hoodyhotel.com\\\/de\\\/#\\\/schema\\\/logo\\\/image\\\/\"},\"sameAs\":[\"https:\\\/\\\/www.facebook.com\\\/hoodyhotel\",\"https:\\\/\\\/www.instagram.com\\\/hoodyhotel\"]}]}<\/script>\n<!-- \/ Yoast SEO plugin. -->","yoast_head_json":{"title":"Gold Member - Hoody Active & Happiness Hotel","description":"Um Gold Member zu werden, m\u00fcssen Sie nur mindestens zweimal bei Hoody \u00fcbernachten, auch in verschiedenen Jahren.","robots":{"index":"index","follow":"follow","max-snippet":"max-snippet:-1","max-image-preview":"max-image-preview:large","max-video-preview":"max-video-preview:-1"},"canonical":"https:\/\/www.hoodyhotel.com\/de\/gold-member\/","og_locale":"de_DE","og_type":"article","og_title":"Gold Member - Hoody Active & Happiness Hotel","og_description":"Um Gold Member zu werden, m\u00fcssen Sie nur mindestens zweimal bei Hoody \u00fcbernachten, auch in verschiedenen Jahren.","og_url":"https:\/\/www.hoodyhotel.com\/de\/gold-member\/","og_site_name":"Hoody Hotel","article_publisher":"https:\/\/www.facebook.com\/hoodyhotel","article_modified_time":"2025-07-22T14:51:25+00:00","og_image":[{"width":1358,"height":473,"url":"https:\/\/www.hoodyhotel.com\/wp-content\/uploads\/sites\/214\/2025\/02\/hoody.png","type":"image\/png"}],"twitter_card":"summary_large_image","twitter_misc":{"Gesch\u00e4tzte Lesezeit":"1 Minute"},"schema":{"@context":"https:\/\/schema.org","@graph":[{"@type":"WebPage","@id":"https:\/\/www.hoodyhotel.com\/de\/gold-member\/","url":"https:\/\/www.hoodyhotel.com\/de\/gold-member\/","name":"Gold Member - Hoody Active & Happiness Hotel","isPartOf":{"@id":"https:\/\/www.hoodyhotel.com\/de\/#website"},"datePublished":"2025-02-11T08:14:26+00:00","dateModified":"2025-07-22T14:51:25+00:00","description":"Um Gold Member zu werden, m\u00fcssen Sie nur mindestens zweimal bei Hoody \u00fcbernachten, auch in verschiedenen Jahren.","breadcrumb":{"@id":"https:\/\/www.hoodyhotel.com\/de\/gold-member\/#breadcrumb"},"inLanguage":"de-DE","potentialAction":[{"@type":"ReadAction","target":["https:\/\/www.hoodyhotel.com\/de\/gold-member\/"]}]},{"@type":"BreadcrumbList","@id":"https:\/\/www.hoodyhotel.com\/de\/gold-member\/#breadcrumb","itemListElement":[{"@type":"ListItem","position":1,"name":"Home","item":"https:\/\/www.hoodyhotel.com\/de\/"},{"@type":"ListItem","position":2,"name":"Gold Member"}]},{"@type":"WebSite","@id":"https:\/\/www.hoodyhotel.com\/de\/#website","url":"https:\/\/www.hoodyhotel.com\/de\/","name":"Hoody Hotel","description":"","publisher":{"@id":"https:\/\/www.hoodyhotel.com\/de\/#organization"},"potentialAction":[{"@type":"SearchAction","target":{"@type":"EntryPoint","urlTemplate":"https:\/\/www.hoodyhotel.com\/de\/?s={search_term_string}"},"query-input":{"@type":"PropertyValueSpecification","valueRequired":true,"valueName":"search_term_string"}}],"inLanguage":"de-DE"},{"@type":"Organization","@id":"https:\/\/www.hoodyhotel.com\/de\/#organization","name":"Hoody Hotel","url":"https:\/\/www.hoodyhotel.com\/de\/","logo":{"@type":"ImageObject","inLanguage":"de-DE","@id":"https:\/\/www.hoodyhotel.com\/de\/#\/schema\/logo\/image\/","url":"https:\/\/www.hoodyhotel.com\/wp-content\/uploads\/sites\/214\/2025\/02\/hoody.png","contentUrl":"https:\/\/www.hoodyhotel.com\/wp-content\/uploads\/sites\/214\/2025\/02\/hoody.png","width":1358,"height":473,"caption":"Hoody Hotel"},"image":{"@id":"https:\/\/www.hoodyhotel.com\/de\/#\/schema\/logo\/image\/"},"sameAs":["https:\/\/www.facebook.com\/hoodyhotel","https:\/\/www.instagram.com\/hoodyhotel"]}]}},"acf":[],"_links":{"self":[{"href":"https:\/\/www.hoodyhotel.com\/de\/wp-json\/wp\/v2\/pages\/69","targetHints":{"allow":["GET"]}}],"collection":[{"href":"https:\/\/www.hoodyhotel.com\/de\/wp-json\/wp\/v2\/pages"}],"about":[{"href":"https:\/\/www.hoodyhotel.com\/de\/wp-json\/wp\/v2\/types\/page"}],"author":[{"embeddable":true,"href":"https:\/\/www.hoodyhotel.com\/de\/wp-json\/wp\/v2\/users\/11"}],"replies":[{"embeddable":true,"href":"https:\/\/www.hoodyhotel.com\/de\/wp-json\/wp\/v2\/comments?post=69"}],"version-history":[{"count":0,"href":"https:\/\/www.hoodyhotel.com\/de\/wp-json\/wp\/v2\/pages\/69\/revisions"}],"wp:attachment":[{"href":"https:\/\/www.hoodyhotel.com\/de\/wp-json\/wp\/v2\/media?parent=69"}],"curies":[{"name":"wp","href":"https:\/\/api.w.org\/{rel}","templated":true}]}}