{"id":77,"date":"2025-02-05T15:00:01","date_gmt":"2025-02-05T15:00:01","guid":{"rendered":"https:\/\/hoody-hotel.ms2.decms.eu\/privacy-policy\/"},"modified":"2025-02-27T14:54:27","modified_gmt":"2025-02-27T14:54:27","slug":"datenschutzerklaerung","status":"publish","type":"page","link":"https:\/\/www.hoodyhotel.com\/de\/datenschutzerklaerung\/","title":{"rendered":"Datenschutzerkl\u00e4rung"},"content":{"rendered":"<p><span style=\"font-weight: 400;\">Nach dem Besuch dieser Website k\u00f6nnen Daten \u00fcber identifizierte oder identifizierbare Personen verarbeitet werden. Der Verantwortliche der Verarbeitung der \u00fcber diese Website erfassten Daten ist das Unternehmen Florida SRL \u2013 P.IVA 00633010228, Gesch\u00e4ftsf\u00fchrer des Hotels Hoody, mit Sitz in Via Damiano Chiesa, 8 \u2013 38066 Riva del Garda, unter dessen Kontaktdaten alle diesbez\u00fcglichen Informationen angefordert werden k\u00f6nnen.<\/span><\/p>\n<p><strong>ZWECK DER DATENVERARBEITUNG<\/strong><\/p>\n<p>Die mit der Navigation auf dieser Website verbundenen Verarbeitungen haben den Zweck, den Zugriff auf die Inhalte zu erm\u00f6glichen und den Zugang zu den bereitgestellten Diensten zu erleichtern. Wir sammeln keine Daten \u00fcber Kinder (es sei denn, es liegt eine Erm\u00e4chtigung der erziehungsberechtigten Bezugspersonen vor) noch Informationen, die die rassische oder ethnische Herkunft, politische Meinungen, religi\u00f6se oder philosophische \u00e0\u0153berzeugungen, Gewerkschaftszugeh\u00f6rigkeit, genetische Daten, biometrische Daten, Daten im Zusammenhang mit der Gesundheit oder dem Sexualleben oder der sexuellen Orientierung offenlegen k\u00f6nnen, und fordern die betroffenen Personen auf, diese Website nicht f\u00fcr die \u00e0\u0153bermittlung solcher Daten zu nutzen<\/p>\n<p><strong>VERARBEITUNGSMODALIT\u00c4T<\/strong><\/p>\n<p>Die erhobenen Daten (personenbezogene Daten, Wohnsitzdaten, E-Mail- und Telefonkontaktdaten, Informationen \u00fcber die Buchung von Diensten, Navigationsdaten usw.) werden in \u00e0\u0153bereinstimmung mit den in der EU-Verordnung vorgesehenen technischen und organisatorischen Sicherheitsma\u00dfnahmen durch geeignete Verfahren zur Gew\u00e4hrleistung ihrer Vertraulichkeit verarbeitet. Die Daten werden nicht durch automatisierte Entscheidungsprozesse verarbeitet. Alle zur Verf\u00fcgung gestellten Daten werden nach den Grunds\u00e4tzen der Korrektheit, Rechtm\u00e4\u00dfigkeit und Transparenz in Papier- und elektronischer Form verarbeitet und durch technische und organisatorische Ma\u00dfnahmen zur Gew\u00e4hrleistung eines angemessenen Sicherheitsniveaus gesch\u00fctzt.<\/p>\n<p><strong>MODALIT\u00c4TEN UND RECHTSGRUNDLAGEN F\u00e0\u0153R DIE DATENVERARBEITUNG<\/strong><\/p>\n<p>Die personenbezogenen Daten, die wir \u00fcber diese Website erfassen, werden f\u00fcr die folgenden Zwecke verarbeitet:<\/p>\n<ol>\n<li><span style=\"font-weight: 400;\"><span style=\"font-weight: 400;\">zur Erf\u00fcllung eines Vertrages, an dem die betroffene Person beteiligt ist (Buchung und Verwaltung der Hoteldienstleistungen, Beantwortung von Informationsanfragen) und um den einschl\u00e4gigen gesetzlichen Verpflichtungen nachzukommen. Die Rechtsgrundlage f\u00fcr diese Zwecke ist die Notwendigkeit der Erf\u00fcllung vertraglicher und\/oder vorvertraglicher Verpflichtungen sowie die Notwendigkeit der Erf\u00fcllung der daraus resultierenden rechtlichen Verpflichtungen. Die Bereitstellung dieser personenbezogenen Daten ist f\u00fcr die Erbringung der angeforderten Dienstleistungen unerl\u00e4sslich (im Fall der Nicht-Bereitstellung kann der Verantwortliche ganz oder teilweise nicht in der Lage sein, die angeforderten Dienstleistungen zu erbringen) Die zu diesem Zweck erhobenen personenbezogene Daten werden f\u00fcr den zur Erf\u00fcllung des Vertrages erforderlichen Zeitraum verarbeitet und gem\u00e4\u00df den gesetzlichen Bestimmungen gespeichert.<br \/>\n<\/span><\/span><\/li>\n<li>\u00a0f\u00fcr Marketingzwecke (Versand von kommerziellen Mitteilungen und Updates \u00fcber Dienstleistungen oder Initiativen des Verantwortlichen, Versand von Materialien f\u00fcr die Werbung und Absatzf\u00f6rderung). Zu diesem Zweck ist es notwendig, die Einwilligung der betroffenen Person einzuholen. Diese Einwilligung ist frei und freiwillig (andernfalls beeintr\u00e4chtigt sie nicht die M\u00f6glichkeit, vom Verantwortlichen bereitgestellte Hoteldienstleistungen zu erhalten) und kann jederzeit durch eine schriftliche Anfrage an die Kontaktdaten des Verantwortlichen der Datenverarbeitung widerrufen werden.<\/li>\n<li><span style=\"font-weight: 400;\"><span style=\"font-weight: 400;\">Navigationsdaten: Die f\u00fcr den Betrieb dieser Website verwendeten EDV-Systeme und Softwareverfahren erfassen w\u00e4hrend ihres normalen Betriebs einige personenbezogene Daten, deren \u00e0\u0153bermittlung implizit auf die Verwendung von Internet-Kommunikationsprotokollen zur\u00fcckzuf\u00fchren ist. Diese Informationen werden nicht erhoben, um mit identifizierten betroffenen Parteien in Verbindung gebracht zu werden, k\u00f6nnten aber aufgrund der Art ihrer Verarbeitung und Verkn\u00fcpfung mit Daten im Besitz Dritter eine Identifizierung der Benutzer erm\u00f6glichen. In diese Kategorie von Daten geh\u00f6ren unter anderem IP-Adressen oder Dom\u00e4nennamen der Computer, die von den Benutzern verwendet werden, die sich mit der Website verbinden, URI-Adressen (Uniform Resource Identifier) der angeforderten Ressourcen, die Uhrzeit der Anfrage, die Methode, mit der die Anfrage an den Server \u00fcbermittelt wird, die Gr\u00f6\u00dfe der als Antwort erhaltenen Datei, der Zahlencode, der den Status der vom Server gegebenen Antwort angibt (erfolgreich abgeschlossen, Fehler, etc.) und andere Parameter, die sich auf das Betriebssystem und die Computerumgebung des Benutzers beziehen. Diese Daten k\u00f6nnen verwendet werden, um Informationen \u00fcber die Nutzung der Website zu erhalten und um deren ordnungsgem\u00e4\u00dfes Funktionieren zu \u00fcberpr\u00fcfen, sie werden nach der Verarbeitung gel\u00f6scht, es sei denn, es ist notwendig, sie zum Schutz der berechtigten Interessen des Verarbeiters zu speichern.\n<p><\/span><\/span><\/li>\n<li>Vom Nutzer freiwillig zur Verf\u00fcgung gestellte Daten: Die Bereitstellung personenbezogener Daten in den Formularen auf dieser Website und der freiwillige, ausdr\u00fcckliche und freie Versand per E-Mail an die auf dieser Website angegebenen Adressen beinhaltet die anschlie\u00dfende Erfassung dieser Daten durch den Verantwortlichen, um der betroffenen Person eine R\u00fcckmeldung zu geben. Spezifische Informationsschriften finden Sie auf den Seiten der Website, die f\u00fcr bestimmte Dienste auf Wunsch des Nutzers eingerichtet wurden.<\/li>\n<\/ol>\n<p><strong>Cookies<\/strong><\/p>\n<p>F\u00fcr weitere Informationen siehe die auf der Homepage ver\u00f6ffentlichte Cookie-Richtlinie.<\/p>\n<p><strong>BEREICH DER VERBREITUNG DER DATEN<\/strong><\/p>\n<p>Die Daten k\u00f6nnen dem Verantwortlichen und von dem mit der Verarbeitung beauftragten Personal bekannt sein. Zus\u00e4tzlich zu den o.g. Personen k\u00f6nnen die zur Verf\u00fcgung gestellten Daten von Dritten, benannten Auftragsverarbeitern oder unabh\u00e4ngigen Datenverantwortlichen verarbeitet werden, soweit dies f\u00fcr die Aus\u00fcbung ihrer T\u00e4tigkeit zugunsten des Verantwortlichen erforderlich ist und im Rahmen der f\u00fcr sie festgelegten Berechtigungsprofile (z.B. Unternehmen und\/oder an Beratungst\u00e4tigkeiten beteiligte Freiberufler, Bereitstellung von Computerdienstleistungen, andere Personen, an die die Mitteilung zur Erf\u00fcllung des Vertragsverh\u00e4ltnisses, zur Erf\u00fcllung gesetzlicher Verpflichtungen und zur Verfolgung der oben genannten Zwecke erforderlich sein sollte.<\/p>\n<p>Die bereitgestellten Daten werden an Drittl\u00e4nder oder internationale Organisationen au\u00dferhalb der EU unter strikter Einhaltung der gesetzlichen Bestimmungen \u00fcbermittelt.<\/p>\n<p><strong>AUS\u00e0\u0153BUNG DER RECHTE UND ANFORDERUNG VON INFORMATIONEN<\/strong><\/p>\n<p><span style=\"font-weight: 400;\">Die betroffene Person kann jederzeit die in den Artikeln 15 ff der Europ\u00e4ischen Verordnung Nr. 679\/2016 genannten Rechte aus\u00fcben: Das Recht zu wissen, ob die personenbezogenen Daten verarbeitet werden und folglich den Inhalt und die Herkunft zu erfahren, die Richtigkeit zu \u00fcberpr\u00fcfen oder die Erg\u00e4nzung, L\u00f6schung, Einschr\u00e4nkung, Aktualisierung, Richtigstellung, \u00e0\u0153bertragung in anonyme Form oder Blockierung zu verlangen sowie das Recht, sich der Verarbeitung aus legitimen Gr\u00fcnden zu widersetzen und Beschwerde bei der Datenschutzbeh\u00f6rde einzulegen. Die Einwilligung zur Verarbeitung personenbezogener Daten kann jederzeit widerrufen werden, was die Einstellung der Verarbeitung zur Folge hat. Diese Rechte k\u00f6nnen gegen\u00fcber dem Verantwortlichen durch Zusendung einer E-Mail an die Adresse <a href=\"mailto:info@hoodyhotel.com\" target=\"_blank\" rel=\"noopener\">info@hoodyhotel.com<\/a>\u00a0geltend gemacht werden.<\/span><\/p>\n<p><span style=\"font-weight: 400;\">Die Kontaktdaten der Aufsichtsbeh\u00f6rde lauten wie folgt: <a href=\"mailto:urp@gdp.it\" target=\"_blank\" rel=\"noopener\">urp@gdp.it<\/a>.<\/span><\/p>\n","protected":false},"excerpt":{"rendered":"<p>Nach dem Besuch dieser Website k\u00f6nnen Daten \u00fcber identifizierte oder identifizierbare Personen verarbeitet werden. Der Verantwortliche der Verarbeitung der \u00fcber diese Website erfassten Daten ist das Unternehmen Florida SRL \u2013 P.IVA 00633010228, Gesch\u00e4ftsf\u00fchrer des Hotels Hoody, mit Sitz in Via Damiano Chiesa, 8 \u2013 38066 Riva del Garda, unter dessen Kontaktdaten alle diesbez\u00fcglichen Informationen angefordert [&hellip;]<\/p>\n","protected":false},"author":11,"featured_media":0,"parent":0,"menu_order":998,"comment_status":"closed","ping_status":"closed","template":"template-default-2.php","meta":{"footnotes":""},"class_list":["post-77","page","type-page","status-publish","hentry"],"yoast_head":"<!-- This site is optimized with the Yoast SEO plugin v27.3 - https:\/\/yoast.com\/product\/yoast-seo-wordpress\/ -->\n<title>Privacy policy - Hoody Active &amp; Happiness Hotel<\/title>\n<meta name=\"description\" content=\"Nach dem Besuch dieser Website k\u00f6nnen Daten \u00fcber identifizierte oder identifizierbare Personen verarbeitet werden. Der Verantwortliche der Verarbeitung der \u00fcber diese Website erfassten Daten ist das Unternehmen Florida SRL \u2013 P.IVA 00633010228, Gesch\u00e4ftsf\u00fchrer des Hotels Hoody, mit Sitz in Via Damiano Chiesa, 8 \u2013 38066 Riva del Garda, unter dessen Kontaktdaten alle diesbez\u00fcglichen Informationen angefordert werden k\u00f6nnen.  ZWECK DER DATENVERARBEITUNG  Die mit der Navigation auf dieser Website verbundenen Verarbeitungen haben den Zweck, den Zugriff auf die Inhalte zu erm\u00f6glichen und den Zugang zu den bereitgestellten Diensten zu erleichtern\" \/>\n<meta name=\"robots\" content=\"index, follow, max-snippet:-1, max-image-preview:large, max-video-preview:-1\" \/>\n<link rel=\"canonical\" href=\"https:\/\/www.hoodyhotel.com\/de\/datenschutzerklaerung\/\" \/>\n<meta property=\"og:locale\" content=\"de_DE\" \/>\n<meta property=\"og:type\" content=\"article\" \/>\n<meta property=\"og:title\" content=\"Privacy policy - Hoody Active &amp; Happiness Hotel\" \/>\n<meta property=\"og:description\" content=\"Nach dem Besuch dieser Website k\u00f6nnen Daten \u00fcber identifizierte oder identifizierbare Personen verarbeitet werden. Der Verantwortliche der Verarbeitung der \u00fcber diese Website erfassten Daten ist das Unternehmen Florida SRL \u2013 P.IVA 00633010228, Gesch\u00e4ftsf\u00fchrer des Hotels Hoody, mit Sitz in Via Damiano Chiesa, 8 \u2013 38066 Riva del Garda, unter dessen Kontaktdaten alle diesbez\u00fcglichen Informationen angefordert werden k\u00f6nnen.  ZWECK DER DATENVERARBEITUNG  Die mit der Navigation auf dieser Website verbundenen Verarbeitungen haben den Zweck, den Zugriff auf die Inhalte zu erm\u00f6glichen und den Zugang zu den bereitgestellten Diensten zu erleichtern\" \/>\n<meta property=\"og:url\" content=\"https:\/\/www.hoodyhotel.com\/de\/datenschutzerklaerung\/\" \/>\n<meta property=\"og:site_name\" content=\"Hoody Hotel\" \/>\n<meta property=\"article:publisher\" content=\"https:\/\/www.facebook.com\/hoodyhotel\" \/>\n<meta property=\"article:modified_time\" content=\"2025-02-27T14:54:27+00:00\" \/>\n<meta property=\"og:image\" content=\"https:\/\/www.hoodyhotel.com\/wp-content\/uploads\/sites\/214\/2025\/02\/hoody.png\" \/>\n\t<meta property=\"og:image:width\" content=\"1358\" \/>\n\t<meta property=\"og:image:height\" content=\"473\" \/>\n\t<meta property=\"og:image:type\" content=\"image\/png\" \/>\n<meta name=\"twitter:card\" content=\"summary_large_image\" \/>\n<meta name=\"twitter:label1\" content=\"Gesch\u00e4tzte Lesezeit\" \/>\n\t<meta name=\"twitter:data1\" content=\"5 Minuten\" \/>\n<script type=\"application\/ld+json\" class=\"yoast-schema-graph\">{\"@context\":\"https:\\\/\\\/schema.org\",\"@graph\":[{\"@type\":\"WebPage\",\"@id\":\"https:\\\/\\\/www.hoodyhotel.com\\\/de\\\/datenschutzerklaerung\\\/\",\"url\":\"https:\\\/\\\/www.hoodyhotel.com\\\/de\\\/datenschutzerklaerung\\\/\",\"name\":\"Privacy policy - Hoody Active & Happiness Hotel\",\"isPartOf\":{\"@id\":\"https:\\\/\\\/www.hoodyhotel.com\\\/de\\\/#website\"},\"datePublished\":\"2025-02-05T15:00:01+00:00\",\"dateModified\":\"2025-02-27T14:54:27+00:00\",\"description\":\"Nach dem Besuch dieser Website k\u00f6nnen Daten \u00fcber identifizierte oder identifizierbare Personen verarbeitet werden. Der Verantwortliche der Verarbeitung der \u00fcber diese Website erfassten Daten ist das Unternehmen Florida SRL \u2013 P.IVA 00633010228, Gesch\u00e4ftsf\u00fchrer des Hotels Hoody, mit Sitz in Via Damiano Chiesa, 8 \u2013 38066 Riva del Garda, unter dessen Kontaktdaten alle diesbez\u00fcglichen Informationen angefordert werden k\u00f6nnen. ZWECK DER DATENVERARBEITUNG Die mit der Navigation auf dieser Website verbundenen Verarbeitungen haben den Zweck, den Zugriff auf die Inhalte zu erm\u00f6glichen und den Zugang zu den bereitgestellten Diensten zu erleichtern\",\"breadcrumb\":{\"@id\":\"https:\\\/\\\/www.hoodyhotel.com\\\/de\\\/datenschutzerklaerung\\\/#breadcrumb\"},\"inLanguage\":\"de-DE\",\"potentialAction\":[{\"@type\":\"ReadAction\",\"target\":[\"https:\\\/\\\/www.hoodyhotel.com\\\/de\\\/datenschutzerklaerung\\\/\"]}]},{\"@type\":\"BreadcrumbList\",\"@id\":\"https:\\\/\\\/www.hoodyhotel.com\\\/de\\\/datenschutzerklaerung\\\/#breadcrumb\",\"itemListElement\":[{\"@type\":\"ListItem\",\"position\":1,\"name\":\"Home\",\"item\":\"https:\\\/\\\/www.hoodyhotel.com\\\/de\\\/\"},{\"@type\":\"ListItem\",\"position\":2,\"name\":\"Datenschutzerkl\u00e4rung\"}]},{\"@type\":\"WebSite\",\"@id\":\"https:\\\/\\\/www.hoodyhotel.com\\\/de\\\/#website\",\"url\":\"https:\\\/\\\/www.hoodyhotel.com\\\/de\\\/\",\"name\":\"Hoody Hotel\",\"description\":\"\",\"publisher\":{\"@id\":\"https:\\\/\\\/www.hoodyhotel.com\\\/de\\\/#organization\"},\"potentialAction\":[{\"@type\":\"SearchAction\",\"target\":{\"@type\":\"EntryPoint\",\"urlTemplate\":\"https:\\\/\\\/www.hoodyhotel.com\\\/de\\\/?s={search_term_string}\"},\"query-input\":{\"@type\":\"PropertyValueSpecification\",\"valueRequired\":true,\"valueName\":\"search_term_string\"}}],\"inLanguage\":\"de-DE\"},{\"@type\":\"Organization\",\"@id\":\"https:\\\/\\\/www.hoodyhotel.com\\\/de\\\/#organization\",\"name\":\"Hoody Hotel\",\"url\":\"https:\\\/\\\/www.hoodyhotel.com\\\/de\\\/\",\"logo\":{\"@type\":\"ImageObject\",\"inLanguage\":\"de-DE\",\"@id\":\"https:\\\/\\\/www.hoodyhotel.com\\\/de\\\/#\\\/schema\\\/logo\\\/image\\\/\",\"url\":\"https:\\\/\\\/www.hoodyhotel.com\\\/wp-content\\\/uploads\\\/sites\\\/214\\\/2025\\\/02\\\/hoody.png\",\"contentUrl\":\"https:\\\/\\\/www.hoodyhotel.com\\\/wp-content\\\/uploads\\\/sites\\\/214\\\/2025\\\/02\\\/hoody.png\",\"width\":1358,\"height\":473,\"caption\":\"Hoody Hotel\"},\"image\":{\"@id\":\"https:\\\/\\\/www.hoodyhotel.com\\\/de\\\/#\\\/schema\\\/logo\\\/image\\\/\"},\"sameAs\":[\"https:\\\/\\\/www.facebook.com\\\/hoodyhotel\",\"https:\\\/\\\/www.instagram.com\\\/hoodyhotel\"]}]}<\/script>\n<!-- \/ Yoast SEO plugin. -->","yoast_head_json":{"title":"Privacy policy - Hoody Active & Happiness Hotel","description":"Nach dem Besuch dieser Website k\u00f6nnen Daten \u00fcber identifizierte oder identifizierbare Personen verarbeitet werden. Der Verantwortliche der Verarbeitung der \u00fcber diese Website erfassten Daten ist das Unternehmen Florida SRL \u2013 P.IVA 00633010228, Gesch\u00e4ftsf\u00fchrer des Hotels Hoody, mit Sitz in Via Damiano Chiesa, 8 \u2013 38066 Riva del Garda, unter dessen Kontaktdaten alle diesbez\u00fcglichen Informationen angefordert werden k\u00f6nnen.  ZWECK DER DATENVERARBEITUNG  Die mit der Navigation auf dieser Website verbundenen Verarbeitungen haben den Zweck, den Zugriff auf die Inhalte zu erm\u00f6glichen und den Zugang zu den bereitgestellten Diensten zu erleichtern","robots":{"index":"index","follow":"follow","max-snippet":"max-snippet:-1","max-image-preview":"max-image-preview:large","max-video-preview":"max-video-preview:-1"},"canonical":"https:\/\/www.hoodyhotel.com\/de\/datenschutzerklaerung\/","og_locale":"de_DE","og_type":"article","og_title":"Privacy policy - Hoody Active & Happiness Hotel","og_description":"Nach dem Besuch dieser Website k\u00f6nnen Daten \u00fcber identifizierte oder identifizierbare Personen verarbeitet werden. Der Verantwortliche der Verarbeitung der \u00fcber diese Website erfassten Daten ist das Unternehmen Florida SRL \u2013 P.IVA 00633010228, Gesch\u00e4ftsf\u00fchrer des Hotels Hoody, mit Sitz in Via Damiano Chiesa, 8 \u2013 38066 Riva del Garda, unter dessen Kontaktdaten alle diesbez\u00fcglichen Informationen angefordert werden k\u00f6nnen.  ZWECK DER DATENVERARBEITUNG  Die mit der Navigation auf dieser Website verbundenen Verarbeitungen haben den Zweck, den Zugriff auf die Inhalte zu erm\u00f6glichen und den Zugang zu den bereitgestellten Diensten zu erleichtern","og_url":"https:\/\/www.hoodyhotel.com\/de\/datenschutzerklaerung\/","og_site_name":"Hoody Hotel","article_publisher":"https:\/\/www.facebook.com\/hoodyhotel","article_modified_time":"2025-02-27T14:54:27+00:00","og_image":[{"width":1358,"height":473,"url":"https:\/\/www.hoodyhotel.com\/wp-content\/uploads\/sites\/214\/2025\/02\/hoody.png","type":"image\/png"}],"twitter_card":"summary_large_image","twitter_misc":{"Gesch\u00e4tzte Lesezeit":"5 Minuten"},"schema":{"@context":"https:\/\/schema.org","@graph":[{"@type":"WebPage","@id":"https:\/\/www.hoodyhotel.com\/de\/datenschutzerklaerung\/","url":"https:\/\/www.hoodyhotel.com\/de\/datenschutzerklaerung\/","name":"Privacy policy - Hoody Active & Happiness Hotel","isPartOf":{"@id":"https:\/\/www.hoodyhotel.com\/de\/#website"},"datePublished":"2025-02-05T15:00:01+00:00","dateModified":"2025-02-27T14:54:27+00:00","description":"Nach dem Besuch dieser Website k\u00f6nnen Daten \u00fcber identifizierte oder identifizierbare Personen verarbeitet werden. Der Verantwortliche der Verarbeitung der \u00fcber diese Website erfassten Daten ist das Unternehmen Florida SRL \u2013 P.IVA 00633010228, Gesch\u00e4ftsf\u00fchrer des Hotels Hoody, mit Sitz in Via Damiano Chiesa, 8 \u2013 38066 Riva del Garda, unter dessen Kontaktdaten alle diesbez\u00fcglichen Informationen angefordert werden k\u00f6nnen. ZWECK DER DATENVERARBEITUNG Die mit der Navigation auf dieser Website verbundenen Verarbeitungen haben den Zweck, den Zugriff auf die Inhalte zu erm\u00f6glichen und den Zugang zu den bereitgestellten Diensten zu erleichtern","breadcrumb":{"@id":"https:\/\/www.hoodyhotel.com\/de\/datenschutzerklaerung\/#breadcrumb"},"inLanguage":"de-DE","potentialAction":[{"@type":"ReadAction","target":["https:\/\/www.hoodyhotel.com\/de\/datenschutzerklaerung\/"]}]},{"@type":"BreadcrumbList","@id":"https:\/\/www.hoodyhotel.com\/de\/datenschutzerklaerung\/#breadcrumb","itemListElement":[{"@type":"ListItem","position":1,"name":"Home","item":"https:\/\/www.hoodyhotel.com\/de\/"},{"@type":"ListItem","position":2,"name":"Datenschutzerkl\u00e4rung"}]},{"@type":"WebSite","@id":"https:\/\/www.hoodyhotel.com\/de\/#website","url":"https:\/\/www.hoodyhotel.com\/de\/","name":"Hoody Hotel","description":"","publisher":{"@id":"https:\/\/www.hoodyhotel.com\/de\/#organization"},"potentialAction":[{"@type":"SearchAction","target":{"@type":"EntryPoint","urlTemplate":"https:\/\/www.hoodyhotel.com\/de\/?s={search_term_string}"},"query-input":{"@type":"PropertyValueSpecification","valueRequired":true,"valueName":"search_term_string"}}],"inLanguage":"de-DE"},{"@type":"Organization","@id":"https:\/\/www.hoodyhotel.com\/de\/#organization","name":"Hoody Hotel","url":"https:\/\/www.hoodyhotel.com\/de\/","logo":{"@type":"ImageObject","inLanguage":"de-DE","@id":"https:\/\/www.hoodyhotel.com\/de\/#\/schema\/logo\/image\/","url":"https:\/\/www.hoodyhotel.com\/wp-content\/uploads\/sites\/214\/2025\/02\/hoody.png","contentUrl":"https:\/\/www.hoodyhotel.com\/wp-content\/uploads\/sites\/214\/2025\/02\/hoody.png","width":1358,"height":473,"caption":"Hoody Hotel"},"image":{"@id":"https:\/\/www.hoodyhotel.com\/de\/#\/schema\/logo\/image\/"},"sameAs":["https:\/\/www.facebook.com\/hoodyhotel","https:\/\/www.instagram.com\/hoodyhotel"]}]}},"acf":[],"_links":{"self":[{"href":"https:\/\/www.hoodyhotel.com\/de\/wp-json\/wp\/v2\/pages\/77","targetHints":{"allow":["GET"]}}],"collection":[{"href":"https:\/\/www.hoodyhotel.com\/de\/wp-json\/wp\/v2\/pages"}],"about":[{"href":"https:\/\/www.hoodyhotel.com\/de\/wp-json\/wp\/v2\/types\/page"}],"author":[{"embeddable":true,"href":"https:\/\/www.hoodyhotel.com\/de\/wp-json\/wp\/v2\/users\/11"}],"replies":[{"embeddable":true,"href":"https:\/\/www.hoodyhotel.com\/de\/wp-json\/wp\/v2\/comments?post=77"}],"version-history":[{"count":0,"href":"https:\/\/www.hoodyhotel.com\/de\/wp-json\/wp\/v2\/pages\/77\/revisions"}],"wp:attachment":[{"href":"https:\/\/www.hoodyhotel.com\/de\/wp-json\/wp\/v2\/media?parent=77"}],"curies":[{"name":"wp","href":"https:\/\/api.w.org\/{rel}","templated":true}]}}