{"id":81,"date":"2025-02-03T11:32:52","date_gmt":"2025-02-03T11:32:52","guid":{"rendered":"https:\/\/hoody-hotel.ms2.decms.eu\/homepage\/"},"modified":"2025-07-04T07:44:34","modified_gmt":"2025-07-04T07:44:34","slug":"homepage","status":"publish","type":"page","link":"https:\/\/www.hoodyhotel.com\/de\/","title":{"rendered":"Homepage"},"content":{"rendered":"\r\n<p>Willkommen in Hoody, wo Sport und Entspannung im Herzen des <strong>Garda Trentino<\/strong> aufeinander treffen. Zwischen legend\u00e4ren Felsw\u00e4nden, atemberaubenden Radwegen und Momenten puren Wohlbefindens auf unserer Happiness Terrace ist jedes Detail f\u00fcr diejenigen gedacht, die sich gerne bewegen, die Gegend erkunden und dann entschleunigen m\u00f6chten, um das Beste unserer Region zu genie\u00dfen.<\/p>\r\n<p><strong>READY, STEADY, HOODY!<\/strong><\/p>\r\n","protected":false},"excerpt":{"rendered":"<p>Willkommen in Hoody, wo Sport und Entspannung im Herzen des Garda Trentino aufeinander treffen. Zwischen legend\u00e4ren Felsw\u00e4nden, atemberaubenden Radwegen und Momenten puren Wohlbefindens auf unserer Happiness Terrace ist jedes Detail f\u00fcr diejenigen gedacht, die sich gerne bewegen, die Gegend erkunden und dann entschleunigen m\u00f6chten, um das Beste unserer Region zu genie\u00dfen. READY, STEADY, HOODY!<\/p>\n","protected":false},"author":11,"featured_media":0,"parent":0,"menu_order":0,"comment_status":"closed","ping_status":"closed","template":"","meta":{"footnotes":""},"yoast_head":"<!-- This site is optimized with the Yoast SEO plugin v22.3 - https:\/\/yoast.com\/wordpress\/plugins\/seo\/ -->\n<title>Hoody in Arco, nur einen Steinwurf vom Gardasee entfernt<\/title>\n<meta name=\"description\" content=\"Jeder Tag in Arco ist ein Erlebnis, das man in vollen Z\u00fcgen genie\u00dfen kann. Mit Hoody setzt sich das Erlebnis im Hotel fort.\" \/>\n<meta name=\"robots\" content=\"index, follow, max-snippet:-1, max-image-preview:large, max-video-preview:-1\" \/>\n<link rel=\"canonical\" href=\"https:\/\/www.hoodyhotel.com\/de\/\" \/>\n<meta property=\"og:locale\" content=\"de_DE\" \/>\n<meta property=\"og:type\" content=\"article\" \/>\n<meta property=\"og:title\" content=\"Hoody in Arco, nur einen Steinwurf vom Gardasee entfernt\" \/>\n<meta property=\"og:description\" content=\"Jeder Tag in Arco ist ein Erlebnis, das man in vollen Z\u00fcgen genie\u00dfen kann. Mit Hoody setzt sich das Erlebnis im Hotel fort.\" \/>\n<meta property=\"og:url\" content=\"https:\/\/www.hoodyhotel.com\/de\/\" \/>\n<meta property=\"og:site_name\" content=\"Hoody Hotel\" \/>\n<meta property=\"article:publisher\" content=\"https:\/\/www.facebook.com\/hoodyhotel\" \/>\n<meta property=\"article:modified_time\" content=\"2025-07-04T07:44:34+00:00\" \/>\n<meta property=\"og:image\" content=\"https:\/\/www.hoodyhotel.com\/wp-content\/uploads\/sites\/214\/2025\/02\/hoody.png\" \/>\n\t<meta property=\"og:image:width\" content=\"1358\" \/>\n\t<meta property=\"og:image:height\" content=\"473\" \/>\n\t<meta property=\"og:image:type\" content=\"image\/png\" \/>\n<meta name=\"twitter:card\" content=\"summary_large_image\" \/>\n<meta name=\"twitter:label1\" content=\"Gesch\u00e4tzte Lesezeit\" \/>\n\t<meta name=\"twitter:data1\" content=\"1 Minute\" \/>\n<script type=\"application\/ld+json\" class=\"yoast-schema-graph\">{\"@context\":\"https:\/\/schema.org\",\"@graph\":[{\"@type\":\"WebPage\",\"@id\":\"https:\/\/www.hoodyhotel.com\/de\/\",\"url\":\"https:\/\/www.hoodyhotel.com\/de\/\",\"name\":\"Hoody in Arco, nur einen Steinwurf vom Gardasee entfernt\",\"isPartOf\":{\"@id\":\"https:\/\/www.hoodyhotel.com\/de\/#website\"},\"datePublished\":\"2025-02-03T11:32:52+00:00\",\"dateModified\":\"2025-07-04T07:44:34+00:00\",\"description\":\"Jeder Tag in Arco ist ein Erlebnis, das man in vollen Z\u00fcgen genie\u00dfen kann. Mit Hoody setzt sich das Erlebnis im Hotel fort.\",\"breadcrumb\":{\"@id\":\"https:\/\/www.hoodyhotel.com\/de\/#breadcrumb\"},\"inLanguage\":\"de-DE\",\"potentialAction\":[{\"@type\":\"ReadAction\",\"target\":[\"https:\/\/www.hoodyhotel.com\/de\/\"]}]},{\"@type\":\"BreadcrumbList\",\"@id\":\"https:\/\/www.hoodyhotel.com\/de\/#breadcrumb\",\"itemListElement\":[{\"@type\":\"ListItem\",\"position\":1,\"name\":\"Home\",\"item\":\"https:\/\/www.hoodyhotel.com\/de\/\"},{\"@type\":\"ListItem\",\"position\":2,\"name\":\"Homepage\"}]},{\"@type\":\"WebSite\",\"@id\":\"https:\/\/www.hoodyhotel.com\/de\/#website\",\"url\":\"https:\/\/www.hoodyhotel.com\/de\/\",\"name\":\"Hoody Hotel\",\"description\":\"\",\"publisher\":{\"@id\":\"https:\/\/www.hoodyhotel.com\/de\/#organization\"},\"potentialAction\":[{\"@type\":\"SearchAction\",\"target\":{\"@type\":\"EntryPoint\",\"urlTemplate\":\"https:\/\/www.hoodyhotel.com\/de\/?s={search_term_string}\"},\"query-input\":\"required name=search_term_string\"}],\"inLanguage\":\"de-DE\"},{\"@type\":\"Organization\",\"@id\":\"https:\/\/www.hoodyhotel.com\/de\/#organization\",\"name\":\"Hoody Hotel\",\"url\":\"https:\/\/www.hoodyhotel.com\/de\/\",\"logo\":{\"@type\":\"ImageObject\",\"inLanguage\":\"de-DE\",\"@id\":\"https:\/\/www.hoodyhotel.com\/de\/#\/schema\/logo\/image\/\",\"url\":\"https:\/\/www.hoodyhotel.com\/wp-content\/uploads\/sites\/214\/2025\/02\/hoody.png\",\"contentUrl\":\"https:\/\/www.hoodyhotel.com\/wp-content\/uploads\/sites\/214\/2025\/02\/hoody.png\",\"width\":1358,\"height\":473,\"caption\":\"Hoody Hotel\"},\"image\":{\"@id\":\"https:\/\/www.hoodyhotel.com\/de\/#\/schema\/logo\/image\/\"},\"sameAs\":[\"https:\/\/www.facebook.com\/hoodyhotel\",\"https:\/\/www.instagram.com\/hoodyhotel\"]}]}<\/script>\n<!-- \/ Yoast SEO plugin. -->","yoast_head_json":{"title":"Hoody in Arco, nur einen Steinwurf vom Gardasee entfernt","description":"Jeder Tag in Arco ist ein Erlebnis, das man in vollen Z\u00fcgen genie\u00dfen kann. Mit Hoody setzt sich das Erlebnis im Hotel fort.","robots":{"index":"index","follow":"follow","max-snippet":"max-snippet:-1","max-image-preview":"max-image-preview:large","max-video-preview":"max-video-preview:-1"},"canonical":"https:\/\/www.hoodyhotel.com\/de\/","og_locale":"de_DE","og_type":"article","og_title":"Hoody in Arco, nur einen Steinwurf vom Gardasee entfernt","og_description":"Jeder Tag in Arco ist ein Erlebnis, das man in vollen Z\u00fcgen genie\u00dfen kann. Mit Hoody setzt sich das Erlebnis im Hotel fort.","og_url":"https:\/\/www.hoodyhotel.com\/de\/","og_site_name":"Hoody Hotel","article_publisher":"https:\/\/www.facebook.com\/hoodyhotel","article_modified_time":"2025-07-04T07:44:34+00:00","og_image":[{"width":1358,"height":473,"url":"https:\/\/www.hoodyhotel.com\/wp-content\/uploads\/sites\/214\/2025\/02\/hoody.png","type":"image\/png"}],"twitter_card":"summary_large_image","twitter_misc":{"Gesch\u00e4tzte Lesezeit":"1 Minute"},"schema":{"@context":"https:\/\/schema.org","@graph":[{"@type":"WebPage","@id":"https:\/\/www.hoodyhotel.com\/de\/","url":"https:\/\/www.hoodyhotel.com\/de\/","name":"Hoody in Arco, nur einen Steinwurf vom Gardasee entfernt","isPartOf":{"@id":"https:\/\/www.hoodyhotel.com\/de\/#website"},"datePublished":"2025-02-03T11:32:52+00:00","dateModified":"2025-07-04T07:44:34+00:00","description":"Jeder Tag in Arco ist ein Erlebnis, das man in vollen Z\u00fcgen genie\u00dfen kann. Mit Hoody setzt sich das Erlebnis im Hotel fort.","breadcrumb":{"@id":"https:\/\/www.hoodyhotel.com\/de\/#breadcrumb"},"inLanguage":"de-DE","potentialAction":[{"@type":"ReadAction","target":["https:\/\/www.hoodyhotel.com\/de\/"]}]},{"@type":"BreadcrumbList","@id":"https:\/\/www.hoodyhotel.com\/de\/#breadcrumb","itemListElement":[{"@type":"ListItem","position":1,"name":"Home","item":"https:\/\/www.hoodyhotel.com\/de\/"},{"@type":"ListItem","position":2,"name":"Homepage"}]},{"@type":"WebSite","@id":"https:\/\/www.hoodyhotel.com\/de\/#website","url":"https:\/\/www.hoodyhotel.com\/de\/","name":"Hoody Hotel","description":"","publisher":{"@id":"https:\/\/www.hoodyhotel.com\/de\/#organization"},"potentialAction":[{"@type":"SearchAction","target":{"@type":"EntryPoint","urlTemplate":"https:\/\/www.hoodyhotel.com\/de\/?s={search_term_string}"},"query-input":"required name=search_term_string"}],"inLanguage":"de-DE"},{"@type":"Organization","@id":"https:\/\/www.hoodyhotel.com\/de\/#organization","name":"Hoody Hotel","url":"https:\/\/www.hoodyhotel.com\/de\/","logo":{"@type":"ImageObject","inLanguage":"de-DE","@id":"https:\/\/www.hoodyhotel.com\/de\/#\/schema\/logo\/image\/","url":"https:\/\/www.hoodyhotel.com\/wp-content\/uploads\/sites\/214\/2025\/02\/hoody.png","contentUrl":"https:\/\/www.hoodyhotel.com\/wp-content\/uploads\/sites\/214\/2025\/02\/hoody.png","width":1358,"height":473,"caption":"Hoody Hotel"},"image":{"@id":"https:\/\/www.hoodyhotel.com\/de\/#\/schema\/logo\/image\/"},"sameAs":["https:\/\/www.facebook.com\/hoodyhotel","https:\/\/www.instagram.com\/hoodyhotel"]}]}},"acf":[],"_links":{"self":[{"href":"https:\/\/www.hoodyhotel.com\/de\/wp-json\/wp\/v2\/pages\/81"}],"collection":[{"href":"https:\/\/www.hoodyhotel.com\/de\/wp-json\/wp\/v2\/pages"}],"about":[{"href":"https:\/\/www.hoodyhotel.com\/de\/wp-json\/wp\/v2\/types\/page"}],"author":[{"embeddable":true,"href":"https:\/\/www.hoodyhotel.com\/de\/wp-json\/wp\/v2\/users\/11"}],"replies":[{"embeddable":true,"href":"https:\/\/www.hoodyhotel.com\/de\/wp-json\/wp\/v2\/comments?post=81"}],"version-history":[{"count":0,"href":"https:\/\/www.hoodyhotel.com\/de\/wp-json\/wp\/v2\/pages\/81\/revisions"}],"wp:attachment":[{"href":"https:\/\/www.hoodyhotel.com\/de\/wp-json\/wp\/v2\/media?parent=81"}],"curies":[{"name":"wp","href":"https:\/\/api.w.org\/{rel}","templated":true}]}}